{"id":37378,"date":"2019-05-20T00:58:18","date_gmt":"2019-05-20T00:58:18","guid":{"rendered":"http:\/\/sintexmedical.com.br\/sintex\/?page_id=37378"},"modified":"2023-12-04T15:54:55","modified_gmt":"2023-12-04T15:54:55","slug":"a_sintex","status":"publish","type":"page","link":"https:\/\/sintexmedical.com.br\/sintex\/a_sintex\/","title":{"rendered":"A Sintex"},"content":{"rendered":"<p>[et_pb_section fb_built=&#8221;1&#8243; _builder_version=&#8221;4.16&#8243; custom_padding=&#8221;0|0px|0|0px|false|false&#8221; global_colors_info=&#8221;{}&#8221;][et_pb_row _builder_version=&#8221;4.16&#8243; global_colors_info=&#8221;{}&#8221;][et_pb_column type=&#8221;4_4&#8243; _builder_version=&#8221;4.16&#8243; custom_padding=&#8221;|||&#8221; global_colors_info=&#8221;{}&#8221; custom_padding__hover=&#8221;|||&#8221;][et_pb_text _builder_version=&#8221;4.16&#8243; text_font=&#8221;||||||||&#8221; global_colors_info=&#8221;{}&#8221;]<\/p>\n<p style=\"text-align: left;\">\u00a0 Quem \u00e9 a SINTEX?<\/p>\n<p>[\/et_pb_text][\/et_pb_column][\/et_pb_row][et_pb_row column_structure=&#8221;3_5,2_5&#8243; _builder_version=&#8221;4.16&#8243; global_colors_info=&#8221;{}&#8221;][et_pb_column type=&#8221;3_5&#8243; _builder_version=&#8221;4.16&#8243; custom_padding=&#8221;|||&#8221; global_colors_info=&#8221;{}&#8221; custom_padding__hover=&#8221;|||&#8221;][et_pb_text _builder_version=&#8221;4.16&#8243; text_text_color=&#8221;#276E6A&#8221; text_font_size=&#8221;16px&#8221; background_enable_color=&#8221;off&#8221; width=&#8221;100%&#8221; custom_margin=&#8221;|0px|0px|0px&#8221; global_colors_info=&#8221;{}&#8221;]<\/p>\n<p style=\"padding-right: 3px; text-align: justify;\">A Sintex Medical Implant \u00e9 uma importadora e distribuidora especializada em implantes e equipamentos para procedimentos cir\u00fargicos na coluna vertebral e no cr\u00e2nio. A Sintex nasceu da parceria com um dos mais tecnologicamente avan\u00e7ados fabricantes de implantes do mundo \u2013 CTL AMEDICA, criadora da 3\u00aa gera\u00e7\u00e3o de dispositivos de fus\u00e3o intersom\u00e1tica, ap\u00f3s o tit\u00e2nio e o PEEK, tendo como mat\u00e9ria prima o composto Nitreto de Sil\u00edcio, um tipo raro de cer\u00e2mica. Representando este material em todo o territ\u00f3rio brasileiro, al\u00e9m da ampla gama de sistemas de alta complexidade, a Sintex lan\u00e7ou-se no mercado em 2008 e atualmente possu\u00ed um portf\u00f3lio de materiais de qualidade internacionalmente reconhecida, proporcionando assim avan\u00e7adas solu\u00e7\u00f5es para tratar anomalias de coluna e cr\u00e2nio para o mercado nacional. A Sintex baseia seu crescimento na alian\u00e7a do alto padr\u00e3o de seus materiais com um exclusivo atendimento aos seus parceiros, prestando um servi\u00e7o de grande valor agregado, sempre seguindo os mais rigorosos controles de qualidade.<\/p>\n<p style=\"padding-right: 3px; text-align: justify;\">\u00c9 imperativo afirmar o r\u00e1pido e significativo avan\u00e7o da medicina e o constante progresso no desenvolvimento de instrumentais cir\u00fargicos e de implantes. A utiliza\u00e7\u00e3o de materiais cada vez mais sofisticados e com a m\u00e1xima efici\u00eancia nos resultados tem sido uma meta da Sintex. Diante disso, com a deten\u00e7\u00e3o do contrato de exclusividade para distribui\u00e7\u00e3o da fabricante CTL AMEDICA, disponibilizamos produtos com excelentes propriedades mec\u00e2nicas e com maior resist\u00eancia ao desgaste se comparados com outros existentes no mercado, al\u00e9m de sistemas que permitem acesso minimamente invasivo.<\/p>\n<p style=\"padding-right: 3px; text-align: justify;\">Com a nossa experi\u00eancia e a dos nossos parceiros, estudamos e comercializamos produtos cir\u00fargicos de coluna e cr\u00e2nio, acompanhando o m\u00e9dico sempre de forma exclusiva e com especial aten\u00e7\u00e3o em cada atendimento.<\/p>\n<p style=\"padding-right: 3px; text-align: justify;\">Dessa forma, a Sintex Medical Implant reafirma sua atua\u00e7\u00e3o no mercado como uma empresa que busca, incessantemente, uma medicina de qualidade com tecnologia de ponta, a fim de proporcionar o m\u00e1ximo de efici\u00eancia e bons resultados, garantindo a satisfa\u00e7\u00e3o dos seus clientes e a sa\u00fade plena dos pacientes.<\/p>\n<p>[\/et_pb_text][et_pb_text _builder_version=&#8221;4.16&#8243; text_font=&#8221;||||||||&#8221; custom_margin=&#8221;0px||21px|||&#8221; global_colors_info=&#8221;{}&#8221;]<\/p>\n<p style=\"text-align: center;\">POL\u00cdTICA DA QUALIDADE<\/p>\n<p>[\/et_pb_text][et_pb_text _builder_version=&#8221;4.17.4&#8243; text_text_color=&#8221;#276E6A&#8221; text_font_size=&#8221;16px&#8221; background_enable_color=&#8221;off&#8221; width=&#8221;100%&#8221; custom_margin=&#8221;-6px|0px|0px|0px||&#8221; global_colors_info=&#8221;{}&#8221;]<\/p>\n<p style=\"text-align: justify;\">A Sintex tem o comprometimento em obter a satisfa\u00e7\u00e3o dos clientes, buscando melhorias cont\u00ednuas em seu sistema de gest\u00e3o da qualidade e atendendo com efic\u00e1cia \u00e0s solicita\u00e7\u00f5es para a realiza\u00e7\u00e3o dos procedimentos cir\u00fargicos.<\/p>\n<p style=\"text-align: justify;\">\n<p style=\"text-align: center;\"><strong>MISS\u00c3O<\/strong><\/p>\n<p style=\"text-align: justify;\">Oferecer um servi\u00e7o exclusivo e personalizado com produtos de alta tecnologia e qualidade, a fim de satisfazer os nossos clientes e a sa\u00fade plena dos pacientes.<\/p>\n<p style=\"text-align: center;\"><strong>VIS\u00c3O<\/strong><\/p>\n<p style=\"text-align: justify;\">Estar entre as dez maiores empresas do Brasil no segmento em que atuamos, sendo reconhecidos pela qualidade dos produtos e servi\u00e7os prestados, apoiados na melhoria cont\u00ednua dos resultados para promover a satisfa\u00e7\u00e3o de nossos clientes e parceiros.<\/p>\n<p style=\"text-align: center;\"><strong>\u00a0VALORES<\/strong><\/p>\n<p style=\"text-align: justify;\">Nosso sucesso \u00e9 baseado em compet\u00eancias que, acreditamos, sempre sustentar\u00e3o nosso crescimento: <strong>Lideran\u00e7a; Trabalho em Equipe; Respeito; Integridade; Compromisso com o Cliente; Inova\u00e7\u00e3o; Qualidade; Desempenho.<\/strong><\/p>\n<p>[\/et_pb_text][\/et_pb_column][et_pb_column type=&#8221;2_5&#8243; _builder_version=&#8221;4.16&#8243; custom_padding=&#8221;|||&#8221; global_colors_info=&#8221;{}&#8221; custom_padding__hover=&#8221;|||&#8221;][et_pb_image src=&#8221;https:\/\/sintexmedical.com.br\/sintex\/wp-content\/uploads\/2019\/05\/a_sintex-1.jpg&#8221; align_tablet=&#8221;center&#8221; align_phone=&#8221;&#8221; align_last_edited=&#8221;on|desktop&#8221; _builder_version=&#8221;4.16&#8243; border_radii=&#8221;on|8px|8px|8px|8px&#8221; box_shadow_style=&#8221;preset1&#8243; global_colors_info=&#8221;{}&#8221;]&nbsp;<br \/>\n[\/et_pb_image][et_pb_text _builder_version=&#8221;4.16&#8243; text_text_color=&#8221;#276E6A&#8221; background_enable_color=&#8221;off&#8221; global_colors_info=&#8221;{}&#8221;]<\/p>\n<p style=\"text-align: center;\">Acompanhe a Sintex:<\/p>\n<p>[\/et_pb_text][et_pb_social_media_follow _builder_version=&#8221;4.4.2&#8243; text_orientation=&#8221;center&#8221; max_width=&#8221;100%&#8221; min_height=&#8221;16px&#8221; animation_style=&#8221;fade&#8221; global_module=&#8221;37406&#8243; saved_tabs=&#8221;all&#8221; global_colors_info=&#8221;{}&#8221;][et_pb_social_media_follow_network social_network=&#8221;facebook&#8221; url=&#8221;http:\/\/www.facebook.com\/sintexmedical&#8221; icon_color=&#8221;#ffffff&#8221; _builder_version=&#8221;4.16&#8243; background_color=&#8221;#3b5998&#8243; custom_button=&#8221;on&#8221; global_colors_info=&#8221;{}&#8221; follow_button=&#8221;off&#8221; url_new_window=&#8221;on&#8221;]facebook[\/et_pb_social_media_follow_network][et_pb_social_media_follow_network social_network=&#8221;youtube&#8221; url=&#8221;http:\/\/www.youtube.com\/user\/SintexMedical&#8221; _builder_version=&#8221;4.16&#8243; background_color=&#8221;#a82400&#8243; global_colors_info=&#8221;{}&#8221; follow_button=&#8221;off&#8221; url_new_window=&#8221;on&#8221;]youtube[\/et_pb_social_media_follow_network][et_pb_social_media_follow_network social_network=&#8221;instagram&#8221; url=&#8221;https:\/\/www.instagram.com\/sintexmedical&#8221; _builder_version=&#8221;4.16&#8243; background_color=&#8221;#ea2c59&#8243; global_colors_info=&#8221;{}&#8221; follow_button=&#8221;off&#8221; url_new_window=&#8221;on&#8221;]instagram[\/et_pb_social_media_follow_network][\/et_pb_social_media_follow][\/et_pb_column][\/et_pb_row][\/et_pb_section][et_pb_section fb_built=&#8221;1&#8243; _builder_version=&#8221;4.16&#8243; custom_padding=&#8221;0|0px|0|0px|false|false&#8221; saved_tabs=&#8221;all&#8221; global_colors_info=&#8221;{}&#8221;][et_pb_row _builder_version=&#8221;4.16&#8243; custom_padding=&#8221;0|0px|0|0px|false|false&#8221; global_colors_info=&#8221;{}&#8221;][et_pb_column type=&#8221;4_4&#8243; _builder_version=&#8221;4.16&#8243; custom_padding=&#8221;|||&#8221; global_colors_info=&#8221;{}&#8221; custom_padding__hover=&#8221;|||&#8221;][et_pb_divider _builder_version=&#8221;4.16&#8243; global_colors_info=&#8221;{}&#8221;][\/et_pb_divider][\/et_pb_column][\/et_pb_row][et_pb_row column_structure=&#8221;1_5,1_5,1_5,1_5,1_5&#8243; _builder_version=&#8221;4.16&#8243; custom_padding=&#8221;||6px|||&#8221; global_colors_info=&#8221;{}&#8221;][et_pb_column type=&#8221;1_5&#8243; _builder_version=&#8221;4.16&#8243; global_colors_info=&#8221;{}&#8221;][et_pb_image src=&#8221;https:\/\/sintexmedical.com.br\/sintex\/wp-content\/uploads\/2019\/02\/logoabradi.png&#8221; url=&#8221;http:\/\/www.abraidi.com.br\/&#8221; url_new_window=&#8221;on&#8221; align=&#8221;center&#8221; align_tablet=&#8221;center&#8221; align_phone=&#8221;&#8221; align_last_edited=&#8221;on|desktop&#8221; _builder_version=&#8221;4.16&#8243; global_colors_info=&#8221;{}&#8221;][\/et_pb_image][\/et_pb_column][et_pb_column type=&#8221;1_5&#8243; _builder_version=&#8221;4.16&#8243; global_colors_info=&#8221;{}&#8221;][et_pb_image src=&#8221;https:\/\/sintexmedical.com.br\/sintex\/wp-content\/uploads\/2019\/02\/logoeticasaude.png&#8221; url=&#8221;https:\/\/www.eticasaude.org.br\/&#8221; url_new_window=&#8221;on&#8221; align=&#8221;center&#8221; align_tablet=&#8221;center&#8221; align_phone=&#8221;&#8221; align_last_edited=&#8221;on|desktop&#8221; _builder_version=&#8221;4.16&#8243; global_colors_info=&#8221;{}&#8221;][\/et_pb_image][\/et_pb_column][et_pb_column type=&#8221;1_5&#8243; _builder_version=&#8221;4.16&#8243; global_colors_info=&#8221;{}&#8221;][et_pb_image src=&#8221;https:\/\/sintexmedical.com.br\/sintex\/wp-content\/uploads\/2019\/02\/logoabimed.png&#8221; url=&#8221;https:\/\/www.abimed.org.br\/&#8221; url_new_window=&#8221;on&#8221; align=&#8221;center&#8221; align_tablet=&#8221;center&#8221; align_phone=&#8221;&#8221; align_last_edited=&#8221;on|desktop&#8221; _builder_version=&#8221;4.16&#8243; custom_margin=&#8221;5px|||&#8221; global_colors_info=&#8221;{}&#8221;][\/et_pb_image][\/et_pb_column][et_pb_column type=&#8221;1_5&#8243; _builder_version=&#8221;4.16&#8243; global_colors_info=&#8221;{}&#8221;][et_pb_image src=&#8221;https:\/\/sintexmedical.com.br\/sintex\/wp-content\/uploads\/2019\/02\/certificado-anvisa.jpg&#8221; align_tablet=&#8221;center&#8221; align_phone=&#8221;&#8221; align_last_edited=&#8221;on|desktop&#8221; _builder_version=&#8221;4.16&#8243; max_width=&#8221;91%&#8221; module_alignment=&#8221;center&#8221; custom_margin=&#8221;|0px||0px&#8221; custom_padding=&#8221;|||0px&#8221; global_colors_info=&#8221;{}&#8221;][\/et_pb_image][\/et_pb_column][et_pb_column type=&#8221;1_5&#8243; _builder_version=&#8221;4.16&#8243; global_colors_info=&#8221;{}&#8221;][et_pb_image src=&#8221;https:\/\/sintexmedical.com.br\/sintex\/wp-content\/uploads\/2023\/11\/rdc6652022.jpg&#8221; title_text=&#8221;rdc6652022&#8243; align=&#8221;center&#8221; _builder_version=&#8221;4.23.1&#8243; width=&#8221;50%&#8221; width_tablet=&#8221;41%&#8221; width_phone=&#8221;35%&#8221; width_last_edited=&#8221;on|desktop&#8221; global_colors_info=&#8221;{}&#8221;][\/et_pb_image][\/et_pb_column][\/et_pb_row][et_pb_row _builder_version=&#8221;4.16&#8243; custom_padding=&#8221;25px|0px|25px|0px|true|false&#8221; global_colors_info=&#8221;{}&#8221;][et_pb_column type=&#8221;4_4&#8243; _builder_version=&#8221;4.16&#8243; custom_padding=&#8221;|||&#8221; global_colors_info=&#8221;{}&#8221; custom_padding__hover=&#8221;|||&#8221;][et_pb_text _builder_version=&#8221;4.16&#8243; text_text_color=&#8221;#276E6A&#8221; text_font_size=&#8221;16px&#8221; background_enable_color=&#8221;off&#8221; global_colors_info=&#8221;{}&#8221;]<\/p>\n<p style=\"text-align: center;\"><span>Av. das Am\u00e9ricas, 500 BL 21 &#8211; A \u00b7 Salas 313 e 314 \u00b7 Barra da Tijuca &#8211; CEP 22640-100<\/span><br \/><span>Telefone\/Fax: +55 21 2233 4420<\/span><\/p>\n<p>[\/et_pb_text][\/et_pb_column][\/et_pb_row][\/et_pb_section]<\/p>\n","protected":false},"excerpt":{"rendered":"<p>\u00a0 Quem \u00e9 a SINTEX? A Sintex Medical Implant \u00e9 uma importadora e distribuidora especializada em implantes e equipamentos para procedimentos cir\u00fargicos na coluna vertebral e no cr\u00e2nio. A Sintex nasceu da parceria com um dos mais tecnologicamente avan\u00e7ados fabricantes de implantes do mundo \u2013 CTL AMEDICA, criadora da 3\u00aa gera\u00e7\u00e3o de dispositivos de fus\u00e3o [&hellip;]<\/p>\n","protected":false},"author":1,"featured_media":0,"parent":0,"menu_order":0,"comment_status":"closed","ping_status":"closed","template":"","meta":{"_et_pb_use_builder":"on","_et_pb_old_content":"","_et_gb_content_width":"","footnotes":""},"class_list":["post-37378","page","type-page","status-publish","hentry"],"jetpack_sharing_enabled":true,"_links":{"self":[{"href":"https:\/\/sintexmedical.com.br\/sintex\/wp-json\/wp\/v2\/pages\/37378","targetHints":{"allow":["GET"]}}],"collection":[{"href":"https:\/\/sintexmedical.com.br\/sintex\/wp-json\/wp\/v2\/pages"}],"about":[{"href":"https:\/\/sintexmedical.com.br\/sintex\/wp-json\/wp\/v2\/types\/page"}],"author":[{"embeddable":true,"href":"https:\/\/sintexmedical.com.br\/sintex\/wp-json\/wp\/v2\/users\/1"}],"replies":[{"embeddable":true,"href":"https:\/\/sintexmedical.com.br\/sintex\/wp-json\/wp\/v2\/comments?post=37378"}],"version-history":[{"count":29,"href":"https:\/\/sintexmedical.com.br\/sintex\/wp-json\/wp\/v2\/pages\/37378\/revisions"}],"predecessor-version":[{"id":41352,"href":"https:\/\/sintexmedical.com.br\/sintex\/wp-json\/wp\/v2\/pages\/37378\/revisions\/41352"}],"wp:attachment":[{"href":"https:\/\/sintexmedical.com.br\/sintex\/wp-json\/wp\/v2\/media?parent=37378"}],"curies":[{"name":"wp","href":"https:\/\/api.w.org\/{rel}","templated":true}]}}