{"id":37429,"date":"2019-05-20T01:44:06","date_gmt":"2019-05-20T01:44:06","guid":{"rendered":"http:\/\/sintexmedical.com.br\/sintex\/?page_id=37429"},"modified":"2022-04-25T12:31:05","modified_gmt":"2022-04-25T12:31:05","slug":"distribuidores","status":"publish","type":"page","link":"https:\/\/sintexmedical.com.br\/sintex\/distribuidores\/","title":{"rendered":"Distribuidores"},"content":{"rendered":"<p>[et_pb_section fb_built=&#8221;1&#8243; _builder_version=&#8221;4.16&#8243; background_enable_image=&#8221;off&#8221; custom_padding=&#8221;0|0px|0|0px|false|false&#8221; global_colors_info=&#8221;{}&#8221;][et_pb_row _builder_version=&#8221;4.16&#8243; min_height=&#8221;1059px&#8221; custom_padding=&#8221;0|0px|0px|0px|false|false&#8221; global_colors_info=&#8221;{}&#8221;][et_pb_column type=&#8221;4_4&#8243; _builder_version=&#8221;4.16&#8243; custom_padding=&#8221;|||&#8221; global_colors_info=&#8221;{}&#8221; custom_padding__hover=&#8221;|||&#8221;][et_pb_text _builder_version=&#8221;4.16&#8243; text_font=&#8221;||||||||&#8221; custom_margin=&#8221;30px|||&#8221; global_colors_info=&#8221;{}&#8221;]<\/p>\n<p style=\"text-align: left;\">DISTRIBUIDORES<\/p>\n<p>[\/et_pb_text][et_pb_accordion _builder_version=&#8221;4.16&#8243; global_colors_info=&#8221;{}&#8221;][et_pb_accordion_item title=&#8221;MEDIOLY MATERIAIS MEDICOS LTDA \u2013 ME &#8211; S\u00e3o Lu\u00eds \/ MA&#8221; open=&#8221;on&#8221; _builder_version=&#8221;4.16&#8243; global_colors_info=&#8221;{}&#8221;]<\/p>\n<p>Telefone:\u00a0<strong>(98) 3199-4649<\/strong><\/p>\n<p>Contato: <strong>Fabio \/ Milena<\/strong><\/p>\n<p>e-mail:\u00a0<strong>compras@medioly.com<\/strong><\/p>\n<p>Produto(s) Comercializado(s):\u00a0<strong>Cages Valeo TL<\/strong><\/p>\n<p>[\/et_pb_accordion_item][et_pb_accordion_item title=&#8221;Biom\u00e9dica, MA \u00b7 S\u00e3o Luiz\/MA&#8221; _builder_version=&#8221;4.16&#8243; global_colors_info=&#8221;{}&#8221; open=&#8221;off&#8221;]<\/p>\n<p>Telefone:\u00a0<strong>(98) 3227-3201 \/ (98) 3227-2961<\/strong><\/p>\n<p>Contato: <strong>Walmond<\/strong><\/p>\n<p>e-mail:\u00a0<strong>compras.ma@biomedica.com.br<\/strong><\/p>\n<p>Produto(s) Comercializado(s):\u00a0<strong>Balex<\/strong><\/p>\n<p>[\/et_pb_accordion_item][et_pb_accordion_item title=&#8221;Biolife Produtos M\u00e9dicos LTDA \u00b7 Bel\u00e9m\/PA&#8221; _builder_version=&#8221;4.16&#8243; global_colors_info=&#8221;{}&#8221; open=&#8221;off&#8221;]<\/p>\n<p>Telefone:\u00a0<strong>(91) 3223-3998<\/strong><\/p>\n<p>Contato: <strong>Tiane<\/strong><\/p>\n<p>e-mail:\u00a0<strong>administrativo.pa@biolife.med.br<\/strong><\/p>\n<p>Produto(s) Comercializado(s):\u00a0<strong>Balex; Cages Valeo TL<\/strong><\/p>\n<p>[\/et_pb_accordion_item][et_pb_accordion_item title=&#8221;Maximplant \u00b7 Manaus\/AM&#8221; _builder_version=&#8221;4.16&#8243; global_colors_info=&#8221;{}&#8221; open=&#8221;off&#8221;]<\/p>\n<p>Telefone: <strong>(92)3223-9027<\/strong><\/p>\n<p>Contato: <strong>Meire<\/strong><\/p>\n<p>e-mail:\u00a0<strong>meire.freitas@maximplant.com.br<span> <\/span><\/strong><\/p>\n<p>Produto(s) Comercializado(s): <strong>Cages Valeo TL e C<\/strong><\/p>\n<p>[\/et_pb_accordion_item][et_pb_accordion_item title=&#8221;BIOM\u00c9DICA, AL \u00b7 MACEI\u00d3\/AL&#8221; _builder_version=&#8221;4.16&#8243; global_colors_info=&#8221;{}&#8221; open=&#8221;off&#8221;]<\/p>\n<p>Telefone: <b>(82) 2123-8875<\/b><\/p>\n<p>Contato: <b>Frederico<\/b><\/p>\n<p>e-mail:\u00a0<strong>comercial.maceio@biomedica.med.br<\/strong><\/p>\n<p>Produto(s) Comercializado(s):\u00a0<strong>Balex<\/strong><\/p>\n<p>[\/et_pb_accordion_item][et_pb_accordion_item title=&#8221;Bright Medica  \u00b7 Recife\/PE&#8221; _builder_version=&#8221;4.16&#8243; global_colors_info=&#8221;{}&#8221; open=&#8221;off&#8221;]<\/p>\n<p>Telefone:\u00a0<strong>(81) 3071-9145<\/strong><\/p>\n<p>Contato: <strong>Demerval<\/strong><\/p>\n<p>e-mail: <strong>demerval@bright.med.br<\/strong><\/p>\n<p>Produto(s) Comercializado(s):\u00a0<strong><b>Cages Valeo TL; Sistema de Parafuso Pedicular Valeo; Balex<\/b><\/strong><\/p>\n<p>[\/et_pb_accordion_item][et_pb_accordion_item title=&#8221;EMO &#8211; Com\u00e9rcio e Importa\u00e7\u00e3o de Materiais M\u00e9dicos Eireli \u00b7 Salvador\/BA&#8221; _builder_version=&#8221;4.16&#8243; global_colors_info=&#8221;{}&#8221; open=&#8221;off&#8221;]<\/p>\n<p>Telefone:\u00a0<strong>(71) 3347 3360 \/ (71) 3347 3390<\/strong><\/p>\n<p>Contato: <strong>Manoel <\/strong><\/p>\n<p>e-mail: <strong>manoel@emocirurgica.com.br<\/strong><\/p>\n<p>Produto(s) Comercializado(s):\u00a0<strong>Balex<\/strong><\/p>\n<p>[\/et_pb_accordion_item][et_pb_accordion_item title=&#8221;Implant Material M\u00e9dico LTDA-ME \u00b7 Salvador\/BA&#8221; _builder_version=&#8221;4.16&#8243; global_colors_info=&#8221;{}&#8221; open=&#8221;off&#8221;]<\/p>\n<p>Telefone:\u00a0<strong>(71) 3012-3106<\/strong><\/p>\n<p>Contato: <strong>Luiz Fernando<\/strong><\/p>\n<p>e-mail:\u00a0<strong>proposta@implantmaterial.com.br<span> <\/span><\/strong><\/p>\n<p>Produto(s) Comercializado(s):\u00a0<strong>Balex;\u00a0Sistema de Parafuso Pedicular Valeo<\/strong><\/p>\n<p>[\/et_pb_accordion_item][et_pb_accordion_item title=&#8221;SYNTECH COMERCIO IMPORTACAO E EXPORTACAO LTDA &#8211; Salvador \/ BA&#8221; _builder_version=&#8221;4.16&#8243; global_colors_info=&#8221;{}&#8221; open=&#8221;off&#8221;]<\/p>\n<p>Telefone:\u00a0<strong>(71) 2104-6250<\/strong><\/p>\n<p>Contato: <strong>Gerson<\/strong><\/p>\n<p>e-mail:\u00a0<strong>compras01@syntech.com.br<\/strong><\/p>\n<p>Produto(s) Comercializado(s):\u00a0<strong>Cages Valeo OL<\/strong><\/p>\n<p>[\/et_pb_accordion_item][et_pb_accordion_item title=&#8221;GE HOSPITALAR LTDA &#8211; Belo Horizonte \/ MG&#8221; _builder_version=&#8221;4.16&#8243; global_colors_info=&#8221;{}&#8221; open=&#8221;off&#8221;]<\/p>\n<p>Telefone:\u00a0<strong>(31) 3419-7050<\/strong><\/p>\n<p>Contato: <strong>Marco Antonio<\/strong><\/p>\n<p>e-mail:\u00a0<strong>marcolotti@gehospitalar.com.br<\/strong><\/p>\n<p>Produto(s) Comercializado(s):\u00a0<strong>Balex<\/strong><\/p>\n<p>[\/et_pb_accordion_item][et_pb_accordion_item title=&#8221;SPINE SYS IMP. EXP. E COM. DE IMPLANTES ORTOP\u00c9DICOS LTDA EPP \u00b7 RIO CLARO\/SP&#8221; _builder_version=&#8221;4.16&#8243; global_colors_info=&#8221;{}&#8221; open=&#8221;off&#8221;]<\/p>\n<p>Telefone: <b>(19) 3532-1021 \/ 3524-5215\u00a0\u00a0<\/b><\/p>\n<p>Contato: <b>Rodrigo Teodoro<\/b><\/p>\n<p>e-mail:\u00a0<strong>compras.rt@spinesys.com.br<\/strong><\/p>\n<p>Produto(s) Comercializado(s):\u00a0<strong><b>Balex; Cages Valeo TL e C<\/b><\/strong><\/p>\n<p>[\/et_pb_accordion_item][et_pb_accordion_item title=&#8221;CORTICAL COMERCIO DE PRODUTOS CIRURGICOS LTDA &#8211; Ribeir\u00e3o Preto \/ SP&#8221; _builder_version=&#8221;4.16&#8243; global_colors_info=&#8221;{}&#8221; open=&#8221;off&#8221;]<\/p>\n<p>Telefone:\u00a0<strong>(16) 2102-4811<\/strong><\/p>\n<p>Contato: <strong>Fabio<\/strong><\/p>\n<p>e-mail:\u00a0<strong>fabio@cortical.com.br<\/strong><\/p>\n<p>Produto(s) Comercializado(s):\u00a0<strong>Cages Valeo TL<\/strong><\/p>\n<p>[\/et_pb_accordion_item][et_pb_accordion_item title=&#8221;Improtec Com\u00e9rcio de Material Cir\u00fargico LTDA \u00b7 Porto Alegre\/RS&#8221; _builder_version=&#8221;4.16&#8243; global_colors_info=&#8221;{}&#8221; open=&#8221;off&#8221;]<\/p>\n<p>Telefone:\u00a0<strong>(51) 3358-1800\u00a0 (51) 3358-1800<\/strong><\/p>\n<p>Contato: <strong>Let\u00edcia <\/strong><\/p>\n<p>e-mail:\u00a0<strong>qualidade@improtec.com.br<\/strong><\/p>\n<p>Produto(s) Comercializado(s):\u00a0<strong>Balex; Cages Valeo TL e C<\/strong><\/p>\n<p>[\/et_pb_accordion_item][et_pb_accordion_item title=&#8221;DEVICE MEDICINA ESPECIALIZADA EIRELI &#8211; Curitiba \/ PR&#8221; _builder_version=&#8221;4.16&#8243; global_colors_info=&#8221;{}&#8221; open=&#8221;off&#8221;]<\/p>\n<p>Telefone:\u00a0<strong>(41) 3085-2053<\/strong><\/p>\n<p>Contato:\u00a0<strong>Marcos<\/strong><\/p>\n<p>e-mail:\u00a0<strong>contato@device.med.br<\/strong><\/p>\n<p>Produto(s) Comercializado(s):\u00a0<strong>Cages Valeo TL<\/strong><\/p>\n<p>[\/et_pb_accordion_item][\/et_pb_accordion][\/et_pb_column][\/et_pb_row][\/et_pb_section][et_pb_section fb_built=&#8221;1&#8243; _builder_version=&#8221;4.16&#8243; custom_padding=&#8221;0|0px|0|0px|false|false&#8221; saved_tabs=&#8221;all&#8221; global_colors_info=&#8221;{}&#8221;][et_pb_row _builder_version=&#8221;4.16&#8243; custom_padding=&#8221;0|0px|0|0px|false|false&#8221; global_colors_info=&#8221;{}&#8221;][et_pb_column type=&#8221;4_4&#8243; _builder_version=&#8221;4.16&#8243; custom_padding=&#8221;|||&#8221; global_colors_info=&#8221;{}&#8221; custom_padding__hover=&#8221;|||&#8221;][et_pb_divider _builder_version=&#8221;4.16&#8243; global_colors_info=&#8221;{}&#8221;][\/et_pb_divider][\/et_pb_column][\/et_pb_row][et_pb_row column_structure=&#8221;1_5,1_5,1_5,1_5,1_5&#8243; _builder_version=&#8221;4.16&#8243; custom_padding=&#8221;||6px|||&#8221; global_colors_info=&#8221;{}&#8221;][et_pb_column type=&#8221;1_5&#8243; _builder_version=&#8221;4.16&#8243; global_colors_info=&#8221;{}&#8221;][et_pb_image src=&#8221;https:\/\/sintexmedical.com.br\/sintex\/wp-content\/uploads\/2019\/02\/logoabradi.png&#8221; url=&#8221;http:\/\/www.abraidi.com.br\/&#8221; url_new_window=&#8221;on&#8221; align=&#8221;center&#8221; align_tablet=&#8221;center&#8221; align_phone=&#8221;&#8221; align_last_edited=&#8221;on|desktop&#8221; _builder_version=&#8221;4.16&#8243; global_colors_info=&#8221;{}&#8221;][\/et_pb_image][\/et_pb_column][et_pb_column type=&#8221;1_5&#8243; _builder_version=&#8221;4.16&#8243; global_colors_info=&#8221;{}&#8221;][et_pb_image src=&#8221;https:\/\/sintexmedical.com.br\/sintex\/wp-content\/uploads\/2019\/02\/logoeticasaude.png&#8221; url=&#8221;https:\/\/www.eticasaude.org.br\/&#8221; url_new_window=&#8221;on&#8221; align=&#8221;center&#8221; align_tablet=&#8221;center&#8221; align_phone=&#8221;&#8221; align_last_edited=&#8221;on|desktop&#8221; _builder_version=&#8221;4.16&#8243; global_colors_info=&#8221;{}&#8221;][\/et_pb_image][\/et_pb_column][et_pb_column type=&#8221;1_5&#8243; _builder_version=&#8221;4.16&#8243; global_colors_info=&#8221;{}&#8221;][et_pb_image src=&#8221;https:\/\/sintexmedical.com.br\/sintex\/wp-content\/uploads\/2019\/02\/logoabimed.png&#8221; url=&#8221;https:\/\/www.abimed.org.br\/&#8221; url_new_window=&#8221;on&#8221; align=&#8221;center&#8221; align_tablet=&#8221;center&#8221; align_phone=&#8221;&#8221; align_last_edited=&#8221;on|desktop&#8221; _builder_version=&#8221;4.16&#8243; custom_margin=&#8221;5px|||&#8221; global_colors_info=&#8221;{}&#8221;][\/et_pb_image][\/et_pb_column][et_pb_column type=&#8221;1_5&#8243; _builder_version=&#8221;4.16&#8243; global_colors_info=&#8221;{}&#8221;][et_pb_image src=&#8221;https:\/\/sintexmedical.com.br\/sintex\/wp-content\/uploads\/2019\/02\/certificado-anvisa.jpg&#8221; align_tablet=&#8221;center&#8221; align_phone=&#8221;&#8221; align_last_edited=&#8221;on|desktop&#8221; _builder_version=&#8221;4.16&#8243; max_width=&#8221;91%&#8221; module_alignment=&#8221;center&#8221; custom_margin=&#8221;|0px||0px&#8221; custom_padding=&#8221;|||0px&#8221; global_colors_info=&#8221;{}&#8221;][\/et_pb_image][\/et_pb_column][et_pb_column type=&#8221;1_5&#8243; _builder_version=&#8221;4.16&#8243; global_colors_info=&#8221;{}&#8221;][et_pb_image src=&#8221;https:\/\/sintexmedical.com.br\/sintex\/wp-content\/uploads\/2019\/02\/boaspraticas.png&#8221; align=&#8221;center&#8221; _builder_version=&#8221;4.16&#8243; global_colors_info=&#8221;{}&#8221;][\/et_pb_image][\/et_pb_column][\/et_pb_row][et_pb_row _builder_version=&#8221;4.16&#8243; custom_padding=&#8221;21px|0px|21px|0px|true|false&#8221; global_colors_info=&#8221;{}&#8221;][et_pb_column type=&#8221;4_4&#8243; _builder_version=&#8221;4.16&#8243; custom_padding=&#8221;|||&#8221; global_colors_info=&#8221;{}&#8221; custom_padding__hover=&#8221;|||&#8221;][et_pb_text _builder_version=&#8221;4.17.1&#8243; text_text_color=&#8221;#276E6A&#8221; text_font_size=&#8221;16px&#8221; background_enable_color=&#8221;off&#8221; hover_enabled=&#8221;0&#8243; global_colors_info=&#8221;{}&#8221; sticky_enabled=&#8221;0&#8243;]<\/p>\n<p style=\"text-align: center;\"><span>Av. das Am\u00e9ricas, 500 BL 21 &#8211; A \u00b7 Salas 313 e 314 \u00b7 Barra da Tijuca &#8211; CEP 22640-100<\/span><br \/><span>Telefone\/Fax: +55 21 2233 4420<\/span><\/p>\n<p>[\/et_pb_text][\/et_pb_column][\/et_pb_row][\/et_pb_section]<\/p>\n","protected":false},"excerpt":{"rendered":"<p>DISTRIBUIDORES Telefone:\u00a0(98) 3199-4649 Contato: Fabio \/ Milena e-mail:\u00a0compras@medioly.com Produto(s) Comercializado(s):\u00a0Cages Valeo TLTelefone:\u00a0(98) 3227-3201 \/ (98) 3227-2961 Contato: Walmond e-mail:\u00a0compras.ma@biomedica.com.br Produto(s) Comercializado(s):\u00a0BalexTelefone:\u00a0(91) 3223-3998 Contato: Tiane e-mail:\u00a0administrativo.pa@biolife.med.br Produto(s) Comercializado(s):\u00a0Balex; Cages Valeo TLTelefone: (92)3223-9027 Contato: Meire e-mail:\u00a0meire.freitas@maximplant.com.br Produto(s) Comercializado(s): Cages Valeo TL e CTelefone: (82) 2123-8875 Contato: Frederico e-mail:\u00a0comercial.maceio@biomedica.med.br Produto(s) Comercializado(s):\u00a0BalexTelefone:\u00a0(81) 3071-9145 Contato: Demerval e-mail: demerval@bright.med.br Produto(s) Comercializado(s):\u00a0Cages [&hellip;]<\/p>\n","protected":false},"author":1,"featured_media":0,"parent":0,"menu_order":0,"comment_status":"closed","ping_status":"closed","template":"","meta":{"_et_pb_use_builder":"on","_et_pb_old_content":"","_et_gb_content_width":"","footnotes":""},"class_list":["post-37429","page","type-page","status-publish","hentry"],"jetpack_sharing_enabled":true,"_links":{"self":[{"href":"https:\/\/sintexmedical.com.br\/sintex\/wp-json\/wp\/v2\/pages\/37429","targetHints":{"allow":["GET"]}}],"collection":[{"href":"https:\/\/sintexmedical.com.br\/sintex\/wp-json\/wp\/v2\/pages"}],"about":[{"href":"https:\/\/sintexmedical.com.br\/sintex\/wp-json\/wp\/v2\/types\/page"}],"author":[{"embeddable":true,"href":"https:\/\/sintexmedical.com.br\/sintex\/wp-json\/wp\/v2\/users\/1"}],"replies":[{"embeddable":true,"href":"https:\/\/sintexmedical.com.br\/sintex\/wp-json\/wp\/v2\/comments?post=37429"}],"version-history":[{"count":22,"href":"https:\/\/sintexmedical.com.br\/sintex\/wp-json\/wp\/v2\/pages\/37429\/revisions"}],"predecessor-version":[{"id":40901,"href":"https:\/\/sintexmedical.com.br\/sintex\/wp-json\/wp\/v2\/pages\/37429\/revisions\/40901"}],"wp:attachment":[{"href":"https:\/\/sintexmedical.com.br\/sintex\/wp-json\/wp\/v2\/media?parent=37429"}],"curies":[{"name":"wp","href":"https:\/\/api.w.org\/{rel}","templated":true}]}}