{"id":38127,"date":"2020-03-10T02:46:57","date_gmt":"2020-03-10T02:46:57","guid":{"rendered":"http:\/\/sintexmedical.com.br\/sintex\/?page_id=38127"},"modified":"2022-04-25T12:31:22","modified_gmt":"2022-04-25T12:31:22","slug":"localizacao","status":"publish","type":"page","link":"https:\/\/sintexmedical.com.br\/sintex\/localizacao\/","title":{"rendered":"Localiza\u00e7\u00e3o"},"content":{"rendered":"<p>[et_pb_section fb_built=&#8221;1&#8243; _builder_version=&#8221;4.16&#8243; custom_padding=&#8221;0|0px|0|0px|false|false&#8221; global_colors_info=&#8221;{}&#8221;][et_pb_row _builder_version=&#8221;4.16&#8243; global_colors_info=&#8221;{}&#8221;][et_pb_column type=&#8221;4_4&#8243; _builder_version=&#8221;4.16&#8243; custom_padding=&#8221;|||&#8221; global_colors_info=&#8221;{}&#8221; custom_padding__hover=&#8221;|||&#8221;][et_pb_text _builder_version=&#8221;4.16&#8243; text_font=&#8221;|||on|||||&#8221; global_colors_info=&#8221;{}&#8221;]<\/p>\n<p style=\"text-align: left;\">Localiza\u00e7\u00e3o<\/p>\n<p>[\/et_pb_text][\/et_pb_column][\/et_pb_row][et_pb_row _builder_version=&#8221;4.16&#8243; min_height=&#8221;603px&#8221; global_colors_info=&#8221;{}&#8221;][et_pb_column type=&#8221;4_4&#8243; _builder_version=&#8221;4.16&#8243; custom_padding=&#8221;|||&#8221; global_colors_info=&#8221;{}&#8221; custom_padding__hover=&#8221;|||&#8221;][et_pb_code _builder_version=&#8221;4.16&#8243; module_alignment=&#8221;center&#8221; global_colors_info=&#8221;{}&#8221;]<iframe loading=\"lazy\" src=\"https:\/\/www.google.com\/maps\/embed?pb=!1m14!1m8!1m3!1d14690.17588752222!2d-43.317628!3d-23.003791!3m2!1i1024!2i768!4f13.1!3m3!1m2!1s0x0%3A0x5aec2654261140ac!2sShopping%20Downtown!5e0!3m2!1spt-BR!2sbr!4v1583807907562!5m2!1spt-BR!2sbr\" width=\"1080\" height=\"600\" frameborder=\"0\" style=\"border:0;\" allowfullscreen=\"\" aria-hidden=\"false\" tabindex=\"0\"><\/iframe>[\/et_pb_code][\/et_pb_column][\/et_pb_row][\/et_pb_section][et_pb_section fb_built=&#8221;1&#8243; _builder_version=&#8221;4.16&#8243; custom_margin=&#8221;-12px|||||&#8221; custom_padding=&#8221;0|0px|0|0px|false|false&#8221; saved_tabs=&#8221;all&#8221; global_colors_info=&#8221;{}&#8221;][et_pb_row _builder_version=&#8221;4.16&#8243; custom_padding=&#8221;0|0px|0px|0px|false|false&#8221; global_colors_info=&#8221;{}&#8221;][et_pb_column type=&#8221;4_4&#8243; _builder_version=&#8221;4.16&#8243; custom_padding=&#8221;|||&#8221; global_colors_info=&#8221;{}&#8221; custom_padding__hover=&#8221;|||&#8221;][et_pb_text _builder_version=&#8221;4.16&#8243; text_text_color=&#8221;#276E6A&#8221; text_font_size=&#8221;17px&#8221; background_enable_color=&#8221;off&#8221; custom_margin=&#8221;0px||12px|||&#8221; custom_padding=&#8221;10px|12px|0px|12px||&#8221; global_colors_info=&#8221;{}&#8221;]<\/p>\n<p style=\"text-align: center;\"><span>Av. das Am\u00e9ricas, 500 BL 21 &#8211; A \u00b7 Salas 313 e 314 \u00b7 Barra da Tijuca &#8211; CEP 22640-100<\/span><br \/><span>Telefone\/Fax: +55 21 2233 4420<\/span><\/p>\n<p>[\/et_pb_text][\/et_pb_column][\/et_pb_row][\/et_pb_section]<\/p>\n","protected":false},"excerpt":{"rendered":"<p>Localiza\u00e7\u00e3oAv. das Am\u00e9ricas, 500 BL 21 &#8211; A \u00b7 Salas 313 e 314 \u00b7 Barra da Tijuca &#8211; CEP 22640-100Telefone\/Fax: +55 21 2233 4420<\/p>\n","protected":false},"author":1,"featured_media":0,"parent":0,"menu_order":0,"comment_status":"closed","ping_status":"closed","template":"","meta":{"_et_pb_use_builder":"on","_et_pb_old_content":"","_et_gb_content_width":"","footnotes":""},"class_list":["post-38127","page","type-page","status-publish","hentry"],"jetpack_sharing_enabled":true,"_links":{"self":[{"href":"https:\/\/sintexmedical.com.br\/sintex\/wp-json\/wp\/v2\/pages\/38127","targetHints":{"allow":["GET"]}}],"collection":[{"href":"https:\/\/sintexmedical.com.br\/sintex\/wp-json\/wp\/v2\/pages"}],"about":[{"href":"https:\/\/sintexmedical.com.br\/sintex\/wp-json\/wp\/v2\/types\/page"}],"author":[{"embeddable":true,"href":"https:\/\/sintexmedical.com.br\/sintex\/wp-json\/wp\/v2\/users\/1"}],"replies":[{"embeddable":true,"href":"https:\/\/sintexmedical.com.br\/sintex\/wp-json\/wp\/v2\/comments?post=38127"}],"version-history":[{"count":8,"href":"https:\/\/sintexmedical.com.br\/sintex\/wp-json\/wp\/v2\/pages\/38127\/revisions"}],"predecessor-version":[{"id":40902,"href":"https:\/\/sintexmedical.com.br\/sintex\/wp-json\/wp\/v2\/pages\/38127\/revisions\/40902"}],"wp:attachment":[{"href":"https:\/\/sintexmedical.com.br\/sintex\/wp-json\/wp\/v2\/media?parent=38127"}],"curies":[{"name":"wp","href":"https:\/\/api.w.org\/{rel}","templated":true}]}}