{"id":38381,"date":"2020-03-10T22:42:15","date_gmt":"2020-03-10T22:42:15","guid":{"rendered":"http:\/\/sintexmedical.com.br\/sintex\/?page_id=38381"},"modified":"2020-03-31T22:07:42","modified_gmt":"2020-03-31T22:07:42","slug":"protese-de-cranio","status":"publish","type":"page","link":"https:\/\/sintexmedical.com.br\/sintex\/protese-de-cranio\/","title":{"rendered":"Pr\u00f3tese de Cr\u00e2nio"},"content":{"rendered":"<p>[et_pb_section fb_built=&#8221;1&#8243; _builder_version=&#8221;3.22&#8243; custom_padding=&#8221;0|0px|0|0px|false|false&#8221;][et_pb_row disabled_on=&#8221;on|on|off&#8221; _builder_version=&#8221;4.4.0&#8243;][et_pb_column type=&#8221;4_4&#8243; _builder_version=&#8221;3.25&#8243; custom_padding=&#8221;|||&#8221; custom_padding__hover=&#8221;|||&#8221;][et_pb_text _builder_version=&#8221;4.4.0&#8243; text_font=&#8221;||||||||&#8221; custom_padding=&#8221;17px|10px|10px|10px&#8221;]<\/p>\n<h3>Pr\u00f3tese de Cr\u00e2nio<\/h3>\n<p>[\/et_pb_text][\/et_pb_column][\/et_pb_row][et_pb_row column_structure=&#8221;1_3,2_3&#8243; disabled_on=&#8221;off|off|off&#8221; _builder_version=&#8221;4.4.0&#8243; custom_padding=&#8221;10px|0px|0px|0px|false|false&#8221;][et_pb_column type=&#8221;1_3&#8243; _builder_version=&#8221;3.25&#8243; custom_padding=&#8221;|||&#8221; custom_padding__hover=&#8221;|||&#8221;][et_pb_text disabled_on=&#8221;on|on|off&#8221; _builder_version=&#8221;4.4.0&#8243; text_text_color=&#8221;#276E6A&#8221; text_font_size=&#8221;19px&#8221; text_line_height=&#8221;1em&#8221; background_enable_color=&#8221;off&#8221; custom_margin=&#8221;||-8px||false|false&#8221; custom_padding=&#8221;10px|12px|10px|12px|false|false&#8221; text_text_shadow_style=&#8221;none&#8221; box_shadow_style=&#8221;none&#8221;]<\/p>\n<p style=\"text-align: center;\"><strong>LINHA CR\u00c2NIO<\/strong><\/p>\n<p>[\/et_pb_text][et_pb_sidebar area=&#8221;et_pb_widget_area_7&#8243; disabled_on=&#8221;on|on|off&#8221; _builder_version=&#8221;4.4.2&#8243; custom_margin=&#8221;9px||||false|false&#8221; custom_margin_tablet=&#8221;&#8221; custom_margin_phone=&#8221;&#8221; custom_margin_last_edited=&#8221;on|desktop&#8221; custom_padding=&#8221;22px||0px|25px|false|false&#8221; hover_enabled=&#8221;0&#8243;][\/et_pb_sidebar][\/et_pb_column][et_pb_column type=&#8221;2_3&#8243; _builder_version=&#8221;3.25&#8243; custom_padding=&#8221;|||&#8221; custom_padding__hover=&#8221;|||&#8221;][et_pb_text disabled_on=&#8221;off|off|on&#8221; _builder_version=&#8221;4.4.0&#8243; text_font=&#8221;||||||||&#8221; custom_padding=&#8221;17px|10px|10px|10px&#8221;]<\/p>\n<h3>Pr\u00f3tese de Cr\u00e2nio<\/h3>\n<p>[\/et_pb_text][et_pb_gallery gallery_ids=&#8221;38386,38387&#8243; fullwidth=&#8221;on&#8221; _builder_version=&#8221;4.4.2&#8243; height_last_edited=&#8221;off|desktop&#8221; auto=&#8221;on&#8221; border_radii=&#8221;on|8px|8px|8px|8px&#8221; box_shadow_style=&#8221;preset1&#8243; overflow-y=&#8221;hidden&#8221; overflow-y_last_edited=&#8221;off|desktop&#8221; overflow-y__hover_enabled=&#8221;off|hover&#8221; hover_enabled=&#8221;0&#8243;][\/et_pb_gallery][et_pb_text _builder_version=&#8221;4.4.0&#8243; text_text_color=&#8221;#276E6A&#8221; text_font_size=&#8221;16px&#8221; background_enable_color=&#8221;off&#8221; text_orientation=&#8221;left&#8221; background_layout=&#8221;light&#8221; text_text_shadow_style=&#8221;none&#8221; box_shadow_style=&#8221;none&#8221;]<\/p>\n<h4>PR\u00d3TESE DE CR\u00c2NIO<\/h4>\n<p style=\"text-align: justify;\"><span>Implantes personalizados e biomodelos atrav\u00e9s da aplica\u00e7\u00e3o de m\u00e9todos computacionais avan\u00e7ados para dados de imagem de tomografia computadorizada, obtendo pr\u00f3teses biocompativeis de encaixe perfeito. Dispon\u00edvel nos materiais PMMA, PEEK e TIT\u00c2NIO.<\/span><\/p>\n<p>[\/et_pb_text][et_pb_text _builder_version=&#8221;3.27.4&#8243; text_text_color=&#8221;#276E6A&#8221; text_font_size=&#8221;16px&#8221; background_enable_color=&#8221;off&#8221; text_orientation=&#8221;left&#8221; background_layout=&#8221;light&#8221; text_text_shadow_style=&#8221;none&#8221; box_shadow_style=&#8221;none&#8221;]<\/p>\n<h4>Diferenciais<\/h4>\n<ul>\n<li>Maior previsibilidade<\/li>\n<li>Flexibilidade da escolha do material<\/li>\n<li>Menor chance de les\u00e3o tecidual<\/li>\n<li>Qualidade anat\u00f4mica<\/li>\n<li>Maior resist\u00eancia<\/li>\n<\/ul>\n<p>[\/et_pb_text][\/et_pb_column][\/et_pb_row][et_pb_row _builder_version=&#8221;3.25&#8243; custom_padding=&#8221;27px|0px|0|0px|false|false&#8221;][et_pb_column type=&#8221;4_4&#8243; _builder_version=&#8221;3.25&#8243; custom_padding=&#8221;|||&#8221; custom_padding__hover=&#8221;|||&#8221;][et_pb_text _builder_version=&#8221;4.4.0&#8243; text_text_color=&#8221;#276E6A&#8221; text_font_size=&#8221;16px&#8221; background_enable_color=&#8221;off&#8221; text_text_shadow_style=&#8221;none&#8221; box_shadow_style=&#8221;none&#8221;]<\/p>\n<p style=\"text-align: center;\">Sintex Medical\u00a0\u00ae 2020<\/p>\n<p>[\/et_pb_text][\/et_pb_column][\/et_pb_row][\/et_pb_section]<\/p>\n","protected":false},"excerpt":{"rendered":"<p>Pr\u00f3tese de Cr\u00e2nioLINHA CR\u00c2NIOPr\u00f3tese de Cr\u00e2nioPR\u00d3TESE DE CR\u00c2NIO Implantes personalizados e biomodelos atrav\u00e9s da aplica\u00e7\u00e3o de m\u00e9todos computacionais avan\u00e7ados para dados de imagem de tomografia computadorizada, obtendo pr\u00f3teses biocompativeis de encaixe perfeito. Dispon\u00edvel nos materiais PMMA, PEEK e TIT\u00c2NIO.Diferenciais Maior previsibilidade Flexibilidade da escolha do material Menor chance de les\u00e3o tecidual Qualidade anat\u00f4mica Maior resist\u00eancia [&hellip;]<\/p>\n","protected":false},"author":1,"featured_media":0,"parent":0,"menu_order":0,"comment_status":"closed","ping_status":"closed","template":"","meta":{"_et_pb_use_builder":"on","_et_pb_old_content":"","_et_gb_content_width":"","footnotes":""},"class_list":["post-38381","page","type-page","status-publish","hentry"],"jetpack_sharing_enabled":true,"_links":{"self":[{"href":"https:\/\/sintexmedical.com.br\/sintex\/wp-json\/wp\/v2\/pages\/38381","targetHints":{"allow":["GET"]}}],"collection":[{"href":"https:\/\/sintexmedical.com.br\/sintex\/wp-json\/wp\/v2\/pages"}],"about":[{"href":"https:\/\/sintexmedical.com.br\/sintex\/wp-json\/wp\/v2\/types\/page"}],"author":[{"embeddable":true,"href":"https:\/\/sintexmedical.com.br\/sintex\/wp-json\/wp\/v2\/users\/1"}],"replies":[{"embeddable":true,"href":"https:\/\/sintexmedical.com.br\/sintex\/wp-json\/wp\/v2\/comments?post=38381"}],"version-history":[{"count":17,"href":"https:\/\/sintexmedical.com.br\/sintex\/wp-json\/wp\/v2\/pages\/38381\/revisions"}],"predecessor-version":[{"id":39075,"href":"https:\/\/sintexmedical.com.br\/sintex\/wp-json\/wp\/v2\/pages\/38381\/revisions\/39075"}],"wp:attachment":[{"href":"https:\/\/sintexmedical.com.br\/sintex\/wp-json\/wp\/v2\/media?parent=38381"}],"curies":[{"name":"wp","href":"https:\/\/api.w.org\/{rel}","templated":true}]}}