{"id":38395,"date":"2020-03-10T22:53:36","date_gmt":"2020-03-10T22:53:36","guid":{"rendered":"http:\/\/sintexmedical.com.br\/sintex\/?page_id=38395"},"modified":"2021-06-02T16:02:46","modified_gmt":"2021-06-02T16:02:46","slug":"medicalfix","status":"publish","type":"page","link":"https:\/\/sintexmedical.com.br\/sintex\/medicalfix\/","title":{"rendered":"Sistema de Fechamento de Cr\u00e2nio Medicalfix"},"content":{"rendered":"<p>[et_pb_section fb_built=&#8221;1&#8243; _builder_version=&#8221;3.22&#8243; custom_padding=&#8221;0|0px|0|0px|false|false&#8221;][et_pb_row disabled_on=&#8221;on|on|off&#8221; _builder_version=&#8221;4.4.0&#8243;][et_pb_column type=&#8221;4_4&#8243; _builder_version=&#8221;3.25&#8243; custom_padding=&#8221;|||&#8221; custom_padding__hover=&#8221;|||&#8221;][et_pb_text _builder_version=&#8221;4.9.4&#8243; text_font=&#8221;||||||||&#8221; custom_padding=&#8221;17px|10px|10px|10px&#8221;]<\/p>\n<h3>Sistema de Fechamento de Cr\u00e2nio Medicalfix<\/h3>\n<p>[\/et_pb_text][\/et_pb_column][\/et_pb_row][et_pb_row column_structure=&#8221;1_3,2_3&#8243; disabled_on=&#8221;off|off|off&#8221; _builder_version=&#8221;4.4.0&#8243; custom_padding=&#8221;10px|0px|0px|0px|false|false&#8221;][et_pb_column type=&#8221;1_3&#8243; _builder_version=&#8221;3.25&#8243; custom_padding=&#8221;|||&#8221; custom_padding__hover=&#8221;|||&#8221;][et_pb_text disabled_on=&#8221;on|on|off&#8221; _builder_version=&#8221;4.4.0&#8243; text_text_color=&#8221;#276E6A&#8221; text_font_size=&#8221;19px&#8221; text_line_height=&#8221;1em&#8221; background_enable_color=&#8221;off&#8221; custom_margin=&#8221;||-8px||false|false&#8221; custom_padding=&#8221;10px|12px|10px|12px|false|false&#8221;]<\/p>\n<p style=\"text-align: center;\"><strong>LINHA CR\u00c2NIO<\/strong><\/p>\n<p>[\/et_pb_text][et_pb_sidebar area=&#8221;et_pb_widget_area_7&#8243; disabled_on=&#8221;on|on|off&#8221; _builder_version=&#8221;4.4.0&#8243; custom_margin=&#8221;9px||||false|false&#8221; custom_margin_tablet=&#8221;&#8221; custom_margin_phone=&#8221;&#8221; custom_margin_last_edited=&#8221;on|desktop&#8221; custom_padding=&#8221;22px|||25px|false|false&#8221;][\/et_pb_sidebar][\/et_pb_column][et_pb_column type=&#8221;2_3&#8243; _builder_version=&#8221;3.25&#8243; custom_padding=&#8221;|||&#8221; custom_padding__hover=&#8221;|||&#8221;][et_pb_text disabled_on=&#8221;off|off|on&#8221; _builder_version=&#8221;4.9.4&#8243; text_font=&#8221;||||||||&#8221; custom_padding=&#8221;17px|10px|10px|10px&#8221;]<\/p>\n<h3>Sistema de Fechamento de Cr\u00e2nio Medicalfix<\/h3>\n<p>[\/et_pb_text][et_pb_gallery gallery_ids=&#8221;38398,38399&#8243; fullwidth=&#8221;on&#8221; _builder_version=&#8221;4.4.0&#8243; auto=&#8221;on&#8221; border_radii=&#8221;on|8px|8px|8px|8px&#8221; box_shadow_style=&#8221;preset1&#8243;][\/et_pb_gallery][et_pb_text _builder_version=&#8221;4.9.4&#8243; text_text_color=&#8221;#276E6A&#8221; text_font_size=&#8221;16px&#8221; background_enable_color=&#8221;off&#8221; text_orientation=&#8221;left&#8221; background_layout=&#8221;light&#8221; hover_enabled=&#8221;0&#8243; sticky_enabled=&#8221;0&#8243;]<\/p>\n<p style=\"text-align: justify;\"><span>Com uma grande variedade de modelos de placas e telas, parafusos auto perfurantes com encaixe perfeito gra\u00e7as ao encaixe center drive (quadrado) de sua chave. Nosso box de fechamento de cr\u00e2nio \u00e9 fabricado com liga de tit\u00e2nio especial e atende com excel\u00eancia procedimentos de craniotomias e cranioplastias.<\/span><\/p>\n<p>[\/et_pb_text][et_pb_text _builder_version=&#8221;3.27.4&#8243; text_text_color=&#8221;#276E6A&#8221; text_font_size=&#8221;16px&#8221; background_enable_color=&#8221;off&#8221; text_orientation=&#8221;left&#8221; background_layout=&#8221;light&#8221; custom_padding=&#8221;10px|12px|0px|12px||&#8221;]<\/p>\n<h4>Diferenciais<\/h4>\n<ul>\n<li>Craniotomia<\/li>\n<li>Cranioplastia<\/li>\n<li>Cirurgia pedi\u00e1trica<\/li>\n<li>Defeitos na base do cr\u00e2nio e trauma<\/li>\n<\/ul>\n<p>&nbsp;<\/p>\n<p>[\/et_pb_text][\/et_pb_column][\/et_pb_row][et_pb_row _builder_version=&#8221;3.25&#8243; custom_padding=&#8221;27px|0px|0|0px|false|false&#8221;][et_pb_column type=&#8221;4_4&#8243; _builder_version=&#8221;3.25&#8243; custom_padding=&#8221;|||&#8221; custom_padding__hover=&#8221;|||&#8221;][et_pb_text _builder_version=&#8221;4.4.0&#8243; text_text_color=&#8221;#276E6A&#8221; text_font_size=&#8221;16px&#8221; background_enable_color=&#8221;off&#8221;]<\/p>\n<p style=\"text-align: center;\">Sintex Medical\u00a0\u00ae 2020<\/p>\n<p>[\/et_pb_text][\/et_pb_column][\/et_pb_row][\/et_pb_section]<\/p>\n","protected":false},"excerpt":{"rendered":"<p>Sistema de Fechamento de Cr\u00e2nio MedicalfixLINHA CR\u00c2NIOSistema de Fechamento de Cr\u00e2nio MedicalfixCom uma grande variedade de modelos de placas e telas, parafusos auto perfurantes com encaixe perfeito gra\u00e7as ao encaixe center drive (quadrado) de sua chave. Nosso box de fechamento de cr\u00e2nio \u00e9 fabricado com liga de tit\u00e2nio especial e atende com excel\u00eancia procedimentos de [&hellip;]<\/p>\n","protected":false},"author":1,"featured_media":0,"parent":0,"menu_order":0,"comment_status":"closed","ping_status":"closed","template":"","meta":{"_et_pb_use_builder":"on","_et_pb_old_content":"","_et_gb_content_width":"","footnotes":""},"class_list":["post-38395","page","type-page","status-publish","hentry"],"jetpack_sharing_enabled":true,"_links":{"self":[{"href":"https:\/\/sintexmedical.com.br\/sintex\/wp-json\/wp\/v2\/pages\/38395","targetHints":{"allow":["GET"]}}],"collection":[{"href":"https:\/\/sintexmedical.com.br\/sintex\/wp-json\/wp\/v2\/pages"}],"about":[{"href":"https:\/\/sintexmedical.com.br\/sintex\/wp-json\/wp\/v2\/types\/page"}],"author":[{"embeddable":true,"href":"https:\/\/sintexmedical.com.br\/sintex\/wp-json\/wp\/v2\/users\/1"}],"replies":[{"embeddable":true,"href":"https:\/\/sintexmedical.com.br\/sintex\/wp-json\/wp\/v2\/comments?post=38395"}],"version-history":[{"count":7,"href":"https:\/\/sintexmedical.com.br\/sintex\/wp-json\/wp\/v2\/pages\/38395\/revisions"}],"predecessor-version":[{"id":40508,"href":"https:\/\/sintexmedical.com.br\/sintex\/wp-json\/wp\/v2\/pages\/38395\/revisions\/40508"}],"wp:attachment":[{"href":"https:\/\/sintexmedical.com.br\/sintex\/wp-json\/wp\/v2\/media?parent=38395"}],"curies":[{"name":"wp","href":"https:\/\/api.w.org\/{rel}","templated":true}]}}