{"id":38467,"date":"2020-03-10T23:26:34","date_gmt":"2020-03-10T23:26:34","guid":{"rendered":"http:\/\/sintexmedical.com.br\/sintex\/?page_id=38467"},"modified":"2024-05-29T14:26:40","modified_gmt":"2024-05-29T14:26:40","slug":"substituto-de-duramater-absorvivel","status":"publish","type":"page","link":"https:\/\/sintexmedical.com.br\/sintex\/substituto-de-duramater-absorvivel\/","title":{"rendered":"Substituto de Duramater DURADRY"},"content":{"rendered":"<p>[et_pb_section fb_built=&#8221;1&#8243; _builder_version=&#8221;4.16&#8243; custom_padding=&#8221;0|0px|0|0px|false|false&#8221; global_colors_info=&#8221;{}&#8221;][et_pb_row disabled_on=&#8221;on|on|off&#8221; _builder_version=&#8221;4.16&#8243; global_colors_info=&#8221;{}&#8221;][et_pb_column type=&#8221;4_4&#8243; _builder_version=&#8221;4.16&#8243; custom_padding=&#8221;|||&#8221; global_colors_info=&#8221;{}&#8221; custom_padding__hover=&#8221;|||&#8221;][et_pb_text _builder_version=&#8221;4.25.1&#8243; text_font=&#8221;||||||||&#8221; custom_padding=&#8221;17px|10px|10px|10px&#8221; hover_enabled=&#8221;0&#8243; global_colors_info=&#8221;{}&#8221; sticky_enabled=&#8221;0&#8243;]<\/p>\n<h3><strong>Substituto de Duramater DURADRY<\/strong><\/h3>\n<p>[\/et_pb_text][\/et_pb_column][\/et_pb_row][et_pb_row column_structure=&#8221;1_3,2_3&#8243; disabled_on=&#8221;off|off|off&#8221; _builder_version=&#8221;4.16&#8243; custom_padding=&#8221;10px|0px|0px|0px|false|false&#8221; global_colors_info=&#8221;{}&#8221;][et_pb_column type=&#8221;1_3&#8243; _builder_version=&#8221;4.16&#8243; custom_padding=&#8221;|||&#8221; global_colors_info=&#8221;{}&#8221; custom_padding__hover=&#8221;|||&#8221;][et_pb_text disabled_on=&#8221;on|on|off&#8221; _builder_version=&#8221;4.16&#8243; text_text_color=&#8221;#276E6A&#8221; text_font_size=&#8221;19px&#8221; text_line_height=&#8221;1em&#8221; background_enable_color=&#8221;off&#8221; custom_margin=&#8221;||-8px||false|false&#8221; custom_padding=&#8221;10px|12px|10px|12px|false|false&#8221; global_colors_info=&#8221;{}&#8221;]<\/p>\n<p style=\"text-align: center;\"><strong>LINHA CR\u00c2NIO<\/strong><\/p>\n<p>[\/et_pb_text][et_pb_sidebar area=&#8221;et_pb_widget_area_7&#8243; disabled_on=&#8221;on|on|off&#8221; _builder_version=&#8221;4.16&#8243; custom_margin=&#8221;9px||||false|false&#8221; custom_margin_tablet=&#8221;&#8221; custom_margin_phone=&#8221;&#8221; custom_margin_last_edited=&#8221;on|desktop&#8221; custom_padding=&#8221;22px|||25px|false|false&#8221; global_colors_info=&#8221;{}&#8221;][\/et_pb_sidebar][\/et_pb_column][et_pb_column type=&#8221;2_3&#8243; _builder_version=&#8221;4.16&#8243; custom_padding=&#8221;|||&#8221; global_colors_info=&#8221;{}&#8221; custom_padding__hover=&#8221;|||&#8221;][et_pb_text disabled_on=&#8221;off|off|on&#8221; _builder_version=&#8221;4.25.1&#8243; text_font=&#8221;||||||||&#8221; custom_padding=&#8221;17px|10px|10px|10px&#8221; hover_enabled=&#8221;0&#8243; global_colors_info=&#8221;{}&#8221; sticky_enabled=&#8221;0&#8243;]<\/p>\n<h3><strong>Substituto de Duramater DURADRY<\/strong><\/h3>\n<p>[\/et_pb_text][et_pb_gallery gallery_ids=&#8221;38470&#8243; fullwidth=&#8221;on&#8221; _builder_version=&#8221;4.25.1&#8243; auto=&#8221;on&#8221; border_radii=&#8221;on|8px|8px|8px|8px&#8221; box_shadow_style=&#8221;preset1&#8243; global_colors_info=&#8221;{}&#8221;][\/et_pb_gallery][et_pb_text _builder_version=&#8221;4.25.1&#8243; text_text_color=&#8221;#276E6A&#8221; text_font_size=&#8221;16px&#8221; background_enable_color=&#8221;off&#8221; text_orientation=&#8221;left&#8221; background_layout=&#8221;light&#8221; hover_enabled=&#8221;0&#8243; global_colors_info=&#8221;{}&#8221; sticky_enabled=&#8221;0&#8243;]<\/p>\n<h4>Substituto de Duramater DURADRY<\/h4>\n<p style=\"text-align: justify;\"><span>Duradry \u00e9 uma matriz Org\u00e2nica de Col\u00e1geno tipo I polimerizado e purificado na sua forma fibrilar, projetado para ser utilizado como substituto dural para reparo de dura-mat\u00e9r. Disponivel em v\u00e1rios tamanhos.<\/span><\/p>\n<p>[\/et_pb_text][et_pb_text _builder_version=&#8221;4.16&#8243; text_text_color=&#8221;#276E6A&#8221; text_font_size=&#8221;16px&#8221; background_enable_color=&#8221;off&#8221; text_orientation=&#8221;left&#8221; background_layout=&#8221;light&#8221; global_colors_info=&#8221;{}&#8221;]<\/p>\n<h4>Diferenciais<\/h4>\n<ul>\n<li>F\u00e1cil aplica\u00e7\u00e3o e modelagem<\/li>\n<li>Previne f\u00edstula<\/li>\n<li>Tolera suturas ponto em \u201cU\u201d largo<\/li>\n<li>Aplic\u00e1vel em \u00e1reas sangrentas, lesionadas e de dif\u00edcil acesso<\/li>\n<\/ul>\n<p>[\/et_pb_text][\/et_pb_column][\/et_pb_row][et_pb_row _builder_version=&#8221;4.16&#8243; custom_padding=&#8221;27px|0px|0|0px|false|false&#8221; global_colors_info=&#8221;{}&#8221;][et_pb_column type=&#8221;4_4&#8243; _builder_version=&#8221;4.16&#8243; custom_padding=&#8221;|||&#8221; global_colors_info=&#8221;{}&#8221; custom_padding__hover=&#8221;|||&#8221;][et_pb_text _builder_version=&#8221;4.25.1&#8243; text_text_color=&#8221;#276E6A&#8221; text_font_size=&#8221;16px&#8221; background_enable_color=&#8221;off&#8221; global_colors_info=&#8221;{}&#8221;]<\/p>\n<p style=\"text-align: center;\">Sintex Medical \u00ae<\/p>\n<p>[\/et_pb_text][\/et_pb_column][\/et_pb_row][\/et_pb_section]<\/p>\n","protected":false},"excerpt":{"rendered":"<p>Substituto de Duramater DURADRYLINHA CR\u00c2NIOSubstituto de Duramater DURADRYSubstituto de Duramater DURADRY Duradry \u00e9 uma matriz Org\u00e2nica de Col\u00e1geno tipo I polimerizado e purificado na sua forma fibrilar, projetado para ser utilizado como substituto dural para reparo de dura-mat\u00e9r. Disponivel em v\u00e1rios tamanhos.Diferenciais F\u00e1cil aplica\u00e7\u00e3o e modelagem Previne f\u00edstula Tolera suturas ponto em \u201cU\u201d largo Aplic\u00e1vel [&hellip;]<\/p>\n","protected":false},"author":1,"featured_media":0,"parent":0,"menu_order":0,"comment_status":"closed","ping_status":"closed","template":"","meta":{"_et_pb_use_builder":"on","_et_pb_old_content":"","_et_gb_content_width":"","footnotes":""},"class_list":["post-38467","page","type-page","status-publish","hentry"],"jetpack_sharing_enabled":true,"_links":{"self":[{"href":"https:\/\/sintexmedical.com.br\/sintex\/wp-json\/wp\/v2\/pages\/38467","targetHints":{"allow":["GET"]}}],"collection":[{"href":"https:\/\/sintexmedical.com.br\/sintex\/wp-json\/wp\/v2\/pages"}],"about":[{"href":"https:\/\/sintexmedical.com.br\/sintex\/wp-json\/wp\/v2\/types\/page"}],"author":[{"embeddable":true,"href":"https:\/\/sintexmedical.com.br\/sintex\/wp-json\/wp\/v2\/users\/1"}],"replies":[{"embeddable":true,"href":"https:\/\/sintexmedical.com.br\/sintex\/wp-json\/wp\/v2\/comments?post=38467"}],"version-history":[{"count":7,"href":"https:\/\/sintexmedical.com.br\/sintex\/wp-json\/wp\/v2\/pages\/38467\/revisions"}],"predecessor-version":[{"id":41617,"href":"https:\/\/sintexmedical.com.br\/sintex\/wp-json\/wp\/v2\/pages\/38467\/revisions\/41617"}],"wp:attachment":[{"href":"https:\/\/sintexmedical.com.br\/sintex\/wp-json\/wp\/v2\/media?parent=38467"}],"curies":[{"name":"wp","href":"https:\/\/api.w.org\/{rel}","templated":true}]}}