{"id":40364,"date":"2020-11-06T02:04:35","date_gmt":"2020-11-06T02:04:35","guid":{"rendered":"https:\/\/sintexmedical.com.br\/sintex\/?page_id=40364"},"modified":"2022-04-28T19:18:36","modified_gmt":"2022-04-28T19:18:36","slug":"dac","status":"publish","type":"page","link":"https:\/\/sintexmedical.com.br\/sintex\/dac\/","title":{"rendered":"DAC \u2013 REVESTIMENTO DEFENSIVO ANTIBACTERIANO"},"content":{"rendered":"<p>[et_pb_section fb_built=&#8221;1&#8243; _builder_version=&#8221;4.16&#8243; custom_padding=&#8221;0|0px|0|0px|false|false&#8221; global_colors_info=&#8221;{}&#8221;][et_pb_row disabled_on=&#8221;on|on|off&#8221; _builder_version=&#8221;4.16&#8243; global_colors_info=&#8221;{}&#8221;][et_pb_column type=&#8221;4_4&#8243; _builder_version=&#8221;4.16&#8243; custom_padding=&#8221;|||&#8221; global_colors_info=&#8221;{}&#8221; custom_padding__hover=&#8221;|||&#8221;][et_pb_text _builder_version=&#8221;4.16&#8243; text_font=&#8221;||||||||&#8221; custom_padding=&#8221;17px|10px|10px|10px&#8221; text_text_shadow_style=&#8221;preset1&#8243; box_shadow_style=&#8221;preset3&#8243; global_colors_info=&#8221;{}&#8221;]<\/p>\n<h3><b>DAC \u2013 REVESTIMENTO DEFENSIVO ANTIBACTERIANO<\/b><\/h3>\n<p>[\/et_pb_text][\/et_pb_column][\/et_pb_row][et_pb_row column_structure=&#8221;1_3,2_3&#8243; disabled_on=&#8221;off|off|off&#8221; _builder_version=&#8221;4.16&#8243; custom_padding=&#8221;10px|0px|0px|0px|false|false&#8221; global_colors_info=&#8221;{}&#8221;][et_pb_column type=&#8221;1_3&#8243; _builder_version=&#8221;4.16&#8243; custom_padding=&#8221;|||&#8221; global_colors_info=&#8221;{}&#8221; custom_padding__hover=&#8221;|||&#8221;][et_pb_button button_url=&#8221;https:\/\/sintexmedical.com.br\/sintex\/socore&#8221; button_text=&#8221;SOCORE&#8221; button_alignment=&#8221;center&#8221; disabled_on=&#8221;off|off|off&#8221; module_class=&#8221;blink&#8221; _builder_version=&#8221;4.17.3&#8243; custom_button=&#8221;on&#8221; button_text_size=&#8221;21px&#8221; button_text_color=&#8221;#ffffff&#8221; button_bg_color=&#8221;#33ACA5&#8243; button_border_width=&#8221;0px&#8221; button_border_radius=&#8221;8px&#8221; button_font=&#8221;||||||||&#8221; button_use_icon=&#8221;off&#8221; transform_scale_linked=&#8221;off&#8221; custom_padding=&#8221;10px|2vw|10px|2vw|true|true&#8221; custom_padding_tablet=&#8221;|14vw||14vw|true|true&#8221; custom_padding_phone=&#8221;|14vw||14vw|true|true&#8221; custom_padding_last_edited=&#8221;on|desktop&#8221; animation_style=&#8221;fade&#8221; custom_css_main_element=&#8221;display: block;&#8221; button_text_shadow_style=&#8221;preset1&#8243; box_shadow_style=&#8221;preset3&#8243; global_colors_info=&#8221;{}&#8221; button_text_size__hover_enabled=&#8221;off&#8221; button_one_text_size__hover_enabled=&#8221;off&#8221; button_two_text_size__hover_enabled=&#8221;off&#8221; button_text_color__hover_enabled=&#8221;off&#8221; button_one_text_color__hover_enabled=&#8221;off&#8221; button_two_text_color__hover_enabled=&#8221;off&#8221; button_border_width__hover_enabled=&#8221;off&#8221; button_one_border_width__hover_enabled=&#8221;off&#8221; button_two_border_width__hover_enabled=&#8221;off&#8221; button_border_color__hover_enabled=&#8221;off&#8221; button_one_border_color__hover_enabled=&#8221;off&#8221; button_two_border_color__hover_enabled=&#8221;off&#8221; button_border_radius__hover_enabled=&#8221;off&#8221; button_one_border_radius__hover_enabled=&#8221;off&#8221; button_two_border_radius__hover_enabled=&#8221;off&#8221; button_letter_spacing__hover_enabled=&#8221;off&#8221; button_one_letter_spacing__hover_enabled=&#8221;off&#8221; button_two_letter_spacing__hover_enabled=&#8221;off&#8221; button_bg_color__hover_enabled=&#8221;off&#8221; button_one_bg_color__hover_enabled=&#8221;off&#8221; button_two_bg_color__hover_enabled=&#8221;off&#8221; theme_builder_area=&#8221;post_content&#8221;][\/et_pb_button][et_pb_button button_url=&#8221;https:\/\/sintexmedical.com.br\/sintex\/cagesvaleo&#8221; button_text=&#8221;Cages de Nitreto de Sil\u00edcio&#8221; button_alignment=&#8221;center&#8221; disabled_on=&#8221;on|on|off&#8221; _builder_version=&#8221;4.16&#8243; custom_button=&#8221;on&#8221; button_text_size=&#8221;22px&#8221; button_text_color=&#8221;#ffffff&#8221; button_bg_color=&#8221;#33ACA5&#8243; button_border_width=&#8221;0px&#8221; button_border_radius=&#8221;8px&#8221; button_font=&#8221;||||||||&#8221; button_use_icon=&#8221;off&#8221; animation_style=&#8221;fade&#8221; custom_css_main_element=&#8221;display: block;&#8221; button_text_shadow_style=&#8221;preset1&#8243; box_shadow_style=&#8221;preset3&#8243; global_colors_info=&#8221;{}&#8221; button_text_size__hover_enabled=&#8221;off&#8221; button_one_text_size__hover_enabled=&#8221;off&#8221; button_two_text_size__hover_enabled=&#8221;off&#8221; button_text_color__hover_enabled=&#8221;off&#8221; button_one_text_color__hover_enabled=&#8221;off&#8221; button_two_text_color__hover_enabled=&#8221;off&#8221; button_border_width__hover_enabled=&#8221;off&#8221; button_one_border_width__hover_enabled=&#8221;off&#8221; button_two_border_width__hover_enabled=&#8221;off&#8221; button_border_color__hover_enabled=&#8221;off&#8221; button_one_border_color__hover_enabled=&#8221;off&#8221; button_two_border_color__hover_enabled=&#8221;off&#8221; button_border_radius__hover_enabled=&#8221;off&#8221; button_one_border_radius__hover_enabled=&#8221;off&#8221; button_two_border_radius__hover_enabled=&#8221;off&#8221; button_letter_spacing__hover_enabled=&#8221;off&#8221; button_one_letter_spacing__hover_enabled=&#8221;off&#8221; button_two_letter_spacing__hover_enabled=&#8221;off&#8221; button_bg_color__hover_enabled=&#8221;off&#8221; button_one_bg_color__hover_enabled=&#8221;off&#8221; button_two_bg_color__hover_enabled=&#8221;off&#8221;][\/et_pb_button][et_pb_text disabled_on=&#8221;on|on|off&#8221; _builder_version=&#8221;4.16&#8243; text_text_color=&#8221;#474747&#8243; background_enable_color=&#8221;off&#8221; background_layout=&#8221;light&#8221; min_height=&#8221;60px&#8221; custom_margin=&#8221;||-6px|||&#8221; custom_padding=&#8221;10px|12px|0px|12px||&#8221; global_colors_info=&#8221;{}&#8221;]<\/p>\n<p style=\"text-align: center;\"><strong>MINIMAMENTE INVASIVO<\/strong><\/p>\n<p>[\/et_pb_text][et_pb_sidebar area=&#8221;et_pb_widget_area_3&#8243; disabled_on=&#8221;on|on|off&#8221; _builder_version=&#8221;4.16&#8243; global_colors_info=&#8221;{}&#8221;][\/et_pb_sidebar][et_pb_text disabled_on=&#8221;on|on|off&#8221; _builder_version=&#8221;4.16&#8243; text_text_color=&#8221;#474747&#8243; background_enable_color=&#8221;off&#8221; min_height=&#8221;52px&#8221; custom_margin=&#8221;||5px|&#8221; custom_padding=&#8221;10px|12px|0px|12px||&#8221; global_colors_info=&#8221;{}&#8221;]<\/p>\n<p style=\"text-align: center;\"><strong>COLUNA CERVICAL<\/strong><\/p>\n<p>[\/et_pb_text][et_pb_sidebar area=&#8221;et_pb_widget_area_4&#8243; disabled_on=&#8221;on|on|off&#8221; _builder_version=&#8221;4.16&#8243; custom_css_before=&#8221;<\/p>\n<style>||||@media only screen and (min-width: 981px) {||||\t\/* Sidebar expand \/ collapse button *\/||\t#db_hide_sidebar {||\t\tz-index: 10000;||\t\tpadding: 10px;||\t\tcursor: pointer;||\t}||\t.db_right_sidebar_collapsible #db_hide_sidebar {||\t\tright: 0;||\t}||\t.db_left_sidebar_collapsible #db_hide_sidebar {||\t\tleft: 0;||\t}||\t.et_fixed_nav #db_hide_sidebar {\t||\t\tposition: fixed; ||\t}||\t.et_non_fixed_nav #db_hide_sidebar {\t||\t\tposition: absolute; ||\t}||\t#db_hide_sidebar:before {||\t\tfont-family: 'ETModules';||\t\tfont-size: 24px;||\t}||\t.et_right_sidebar #db_hide_sidebar:before,||\t.db_left_sidebar_collapsible.et_full_width_page #db_hide_sidebar:before {||\t\tcontent: '%9239';||\t}||\t.db_right_sidebar_collapsible.et_full_width_page #db_hide_sidebar:before,||\t.et_left_sidebar #db_hide_sidebar:before {||\t\tcontent: '%9238';||\t}||||\t\/* Ensure fullwidth formatting matches sidebar formatting *\/||\t.db_sidebar_collapsible.et_full_width_page .et_post_meta_wrapper:first-child {||\t\tpadding-top: 58px !important;||\t}||}||||<\/style>\n<p>||||<script>||jQuery(function($){||\tif($('#sidebar').length) {||\t\tif ($('body.et_right_sidebar').length) {||\t\t\t$('body').addClass('db_sidebar_collapsible db_right_sidebar_collapsible');||\t\t\t$('#main-content').prepend(||\t\t\t\t$('<span id=%22db_hide_sidebar%22 title=%22Toggle Sidebar%22><\/span>').click(function(){||\t\t\t\t\t$('body').toggleClass('et_right_sidebar et_full_width_page');||\t\t\t\t\t$('#sidebar').toggle();||\t\t\t\t})||\t\t\t);||\t\t\t$('body').addClass('db_collapsible_sidebar');||\t\t} else if ($('body.et_left_sidebar').length) { ||\t\t\t$('body').addClass('db_sidebar_collapsible db_left_sidebar_collapsible');||\t\t\t$('#main-content').prepend(||\t\t\t\t$('<span id=%22db_hide_sidebar%22 title=%22Toggle Sidebar%22><\/span>').click(function(){||\t\t\t\t\t$('body').toggleClass('et_left_sidebar et_full_width_page');||\t\t\t\t\t$('#sidebar').toggle();||\t\t\t\t})||\t\t\t);||\t\t}||\t}||});||<\/script>&#8221; global_colors_info=&#8221;{}&#8221;][\/et_pb_sidebar][et_pb_text disabled_on=&#8221;on|on|off&#8221; _builder_version=&#8221;4.16&#8243; text_text_color=&#8221;#474747&#8243; background_enable_color=&#8221;off&#8221; custom_margin=&#8221;||5px|&#8221; custom_padding=&#8221;10px|12px|0px|12px||&#8221; global_colors_info=&#8221;{}&#8221;]<\/p>\n<p style=\"text-align: center;\"><strong>COLUNA LOMBAR<\/strong><\/p>\n<p>[\/et_pb_text][et_pb_sidebar area=&#8221;et_pb_widget_area_5&#8243; disabled_on=&#8221;on|on|off&#8221; _builder_version=&#8221;4.16&#8243; global_colors_info=&#8221;{}&#8221;][\/et_pb_sidebar][et_pb_text disabled_on=&#8221;on|on|off&#8221; _builder_version=&#8221;4.16&#8243; text_text_color=&#8221;#474747&#8243; background_enable_color=&#8221;off&#8221; custom_margin=&#8221;||5px|&#8221; custom_padding=&#8221;10px|12px|0px|12px||&#8221; global_colors_info=&#8221;{}&#8221;]<\/p>\n<p style=\"text-align: center;\"><b>BIOL\u00d3GICOS<\/b><\/p>\n<p>[\/et_pb_text][et_pb_sidebar area=&#8221;et_pb_widget_area_6&#8243; disabled_on=&#8221;on|on|off&#8221; _builder_version=&#8221;4.16&#8243; global_colors_info=&#8221;{}&#8221;][\/et_pb_sidebar][\/et_pb_column][et_pb_column type=&#8221;2_3&#8243; _builder_version=&#8221;4.16&#8243; custom_padding=&#8221;|||&#8221; global_colors_info=&#8221;{}&#8221; custom_padding__hover=&#8221;|||&#8221;][et_pb_text disabled_on=&#8221;off|off|on&#8221; _builder_version=&#8221;4.16&#8243; text_font=&#8221;||||||||&#8221; custom_padding=&#8221;17px|10px|10px|10px&#8221; text_text_shadow_style=&#8221;preset1&#8243; box_shadow_style=&#8221;preset3&#8243; global_colors_info=&#8221;{}&#8221;]<\/p>\n<h3><b>DAC \u2013 REVESTIMENTO DEFENSIVO ANTIBACTERIANO<\/b><\/h3>\n<p>[\/et_pb_text][et_pb_gallery gallery_ids=&#8221;40372,40373&#8243; fullwidth=&#8221;on&#8221; _builder_version=&#8221;4.16&#8243; auto=&#8221;on&#8221; border_radii=&#8221;on|8px|8px|8px|8px&#8221; box_shadow_style=&#8221;preset1&#8243; global_colors_info=&#8221;{}&#8221;][\/et_pb_gallery][et_pb_text _builder_version=&#8221;4.16&#8243; text_text_color=&#8221;#474747&#8243; text_font_size=&#8221;17px&#8221; background_enable_color=&#8221;off&#8221; custom_margin=&#8221;0px||-1px|||&#8221; text_font_size_tablet=&#8221;&#8221; text_font_size_phone=&#8221;16px&#8221; text_font_size_last_edited=&#8221;on|phone&#8221; global_colors_info=&#8221;{}&#8221;]<\/p>\n<p style=\"text-align: justify;\"><b><i>A Prote\u00e7\u00e3o ideal contra as infec\u00e7\u00f5es p\u00f3s-cir\u00fargicas.<\/i><\/b><\/p>\n<p style=\"text-align: justify;\"><span>O DAC\u00a0<\/span><sup>\u00ae<\/sup><span>\u00a0\u00e9 um hidrogel composto por dois pol\u00edmeros bioabsorv\u00edveis que, espalhado na superf\u00edcie dos implantes (Parafusos, Hastes, Cages, Placas, Pr\u00f3teses Discais\u2026) atua como uma barreira f\u00edsica para preven\u00e7\u00e3o de infec\u00e7\u00f5es p\u00f3s-cir\u00fargicas.<\/span><\/p>\n<p>[\/et_pb_text][et_pb_text _builder_version=&#8221;4.16&#8243; text_text_color=&#8221;#474747&#8243; text_font_size=&#8221;17px&#8221; background_enable_color=&#8221;off&#8221; custom_padding=&#8221;8px|12px|10px|12px||&#8221; text_font_size_phone=&#8221;16px&#8221; global_colors_info=&#8221;{}&#8221;]<\/p>\n<p style=\"text-align: left;\">Diferenciais<\/p>\n<ul>\n<li style=\"text-align: left;\">Composto por \u00c1cido hialur\u00f4nico e \u00c1cido poli-l\u00e1ctico<\/li>\n<li style=\"text-align: left;\"><u><\/u><u><\/u>Barreira protetora contra a ader\u00eancia bacteriana<\/li>\n<li style=\"text-align: left;\"><u><\/u><u><\/u>Pode ser utilizado em conjunto com ATB (Vancomicina ou Gentamicina)<\/li>\n<li style=\"text-align: left;\"><u><\/u><u><\/u>Dispon\u00edvel em seringas com 300 mg em p\u00f3 (Prepara 5 ml de hidrogel)<\/li>\n<\/ul>\n<p>[\/et_pb_text][\/et_pb_column][\/et_pb_row][\/et_pb_section]<\/p>\n","protected":false},"excerpt":{"rendered":"<p>DAC \u2013 REVESTIMENTO DEFENSIVO ANTIBACTERIANOMINIMAMENTE INVASIVOCOLUNA CERVICALCOLUNA LOMBARBIOL\u00d3GICOSDAC \u2013 REVESTIMENTO DEFENSIVO ANTIBACTERIANOA Prote\u00e7\u00e3o ideal contra as infec\u00e7\u00f5es p\u00f3s-cir\u00fargicas. O DAC\u00a0\u00ae\u00a0\u00e9 um hidrogel composto por dois pol\u00edmeros bioabsorv\u00edveis que, espalhado na superf\u00edcie dos implantes (Parafusos, Hastes, Cages, Placas, Pr\u00f3teses Discais\u2026) atua como uma barreira f\u00edsica para preven\u00e7\u00e3o de infec\u00e7\u00f5es p\u00f3s-cir\u00fargicas.Diferenciais Composto por \u00c1cido hialur\u00f4nico e \u00c1cido [&hellip;]<\/p>\n","protected":false},"author":1,"featured_media":0,"parent":0,"menu_order":0,"comment_status":"closed","ping_status":"closed","template":"","meta":{"_et_pb_use_builder":"on","_et_pb_old_content":"","_et_gb_content_width":"","footnotes":""},"class_list":["post-40364","page","type-page","status-publish","hentry"],"jetpack_sharing_enabled":true,"_links":{"self":[{"href":"https:\/\/sintexmedical.com.br\/sintex\/wp-json\/wp\/v2\/pages\/40364","targetHints":{"allow":["GET"]}}],"collection":[{"href":"https:\/\/sintexmedical.com.br\/sintex\/wp-json\/wp\/v2\/pages"}],"about":[{"href":"https:\/\/sintexmedical.com.br\/sintex\/wp-json\/wp\/v2\/types\/page"}],"author":[{"embeddable":true,"href":"https:\/\/sintexmedical.com.br\/sintex\/wp-json\/wp\/v2\/users\/1"}],"replies":[{"embeddable":true,"href":"https:\/\/sintexmedical.com.br\/sintex\/wp-json\/wp\/v2\/comments?post=40364"}],"version-history":[{"count":5,"href":"https:\/\/sintexmedical.com.br\/sintex\/wp-json\/wp\/v2\/pages\/40364\/revisions"}],"predecessor-version":[{"id":41001,"href":"https:\/\/sintexmedical.com.br\/sintex\/wp-json\/wp\/v2\/pages\/40364\/revisions\/41001"}],"wp:attachment":[{"href":"https:\/\/sintexmedical.com.br\/sintex\/wp-json\/wp\/v2\/media?parent=40364"}],"curies":[{"name":"wp","href":"https:\/\/api.w.org\/{rel}","templated":true}]}}