{"id":40522,"date":"2021-07-15T16:23:03","date_gmt":"2021-07-15T16:23:03","guid":{"rendered":"https:\/\/sintexmedical.com.br\/sintex\/?page_id=40522"},"modified":"2022-11-17T17:39:07","modified_gmt":"2022-11-17T17:39:07","slug":"endoscopia-de-coluna","status":"publish","type":"page","link":"https:\/\/sintexmedical.com.br\/sintex\/endoscopia-de-coluna\/","title":{"rendered":"Endoscopia de Coluna Transforaminal"},"content":{"rendered":"<p>[et_pb_section fb_built=&#8221;1&#8243; _builder_version=&#8221;4.16&#8243; custom_padding=&#8221;0|0px|0|0px|false|false&#8221; global_colors_info=&#8221;{}&#8221;][et_pb_row disabled_on=&#8221;off|off|off&#8221; _builder_version=&#8221;4.16&#8243; global_colors_info=&#8221;{}&#8221;][et_pb_column type=&#8221;4_4&#8243; _builder_version=&#8221;4.16&#8243; custom_padding=&#8221;|||&#8221; global_colors_info=&#8221;{}&#8221; custom_padding__hover=&#8221;|||&#8221;][et_pb_text _builder_version=&#8221;4.16&#8243; text_font=&#8221;||||||||&#8221; custom_padding=&#8221;17px|10px|10px|10px&#8221; text_text_shadow_style=&#8221;preset1&#8243; box_shadow_style=&#8221;preset3&#8243; global_colors_info=&#8221;{}&#8221;]<\/p>\n<h3>Endoscopia de Coluna Transforaminal<\/h3>\n<p>[\/et_pb_text][\/et_pb_column][\/et_pb_row][et_pb_row disabled_on=&#8221;off|off|off&#8221; _builder_version=&#8221;4.16&#8243; custom_padding=&#8221;10px|0px|0px|0px|false|false&#8221; global_colors_info=&#8221;{}&#8221;][et_pb_column type=&#8221;4_4&#8243; _builder_version=&#8221;4.16&#8243; custom_padding=&#8221;|||&#8221; global_colors_info=&#8221;{}&#8221; custom_padding__hover=&#8221;|||&#8221;][et_pb_text content_tablet=&#8221;<\/p>\n<div dir=%22ltr%22 gmail_original=%221%22 style=%22text-align: left;%22>\n<p style=%22text-align: justify;%22><span>Buscando oferecer o m\u00e1ximo de qualidade e efici\u00eancia aos procedimentos de Endoscopia de Coluna, A Sintex Medical, adquiriu os melhores produtos (dos melhores fabricantes do mercado Mundial) tornado seu Set de endoscopia de Coluna, extremamente funcional, diversificado e seguro.<\/span><\/p>\n<ul><\/ul>\n<\/div>\n<p>&#8221; content_phone=&#8221;<\/p>\n<div dir=%22ltr%22 gmail_original=%221%22 style=%22text-align: left;%22>\n<p style=%22text-align: left;%22><span>Buscando oferecer o m\u00e1ximo de qualidade e efici\u00eancia aos procedimentos de Endoscopia de Coluna, A Sintex Medical, adquiriu os melhores produtos (dos melhores fabricantes do mercado Mundial) tornado seu Set de endoscopia de Coluna, extremamente funcional, diversificado e seguro.<\/span><\/p>\n<ul><\/ul>\n<\/div>\n<p>&#8221; content_last_edited=&#8221;on|desktop&#8221; _builder_version=&#8221;4.17.3&#8243; text_text_color=&#8221;#474747&#8243; text_font_size=&#8221;17px&#8221; background_enable_color=&#8221;off&#8221; custom_margin=&#8221;0px||12px|||&#8221; text_font_size_tablet=&#8221;&#8221; text_font_size_phone=&#8221;16px&#8221; text_font_size_last_edited=&#8221;on|phone&#8221; global_colors_info=&#8221;{}&#8221;]<\/p>\n<div dir=\"ltr\" gmail_original=\"1\" style=\"text-align: left;\">\n<p style=\"text-align: justify;\"><span>Buscando oferecer o m\u00e1ximo de qualidade e efici\u00eancia aos procedimentos de Endoscopia de Coluna, A Sintex Medical, adquiriu os melhores produtos (dos melhores fabricantes do mercado Mundial) tornado seu Set de endoscopia de Coluna, extremamente funcional, diversificado e seguro.<\/span><\/p>\n<ul><\/ul>\n<\/div>\n<p>[\/et_pb_text][et_pb_text _builder_version=&#8221;4.16&#8243; text_font=&#8221;||||||||&#8221; custom_margin=&#8221;0px||12px|||&#8221; custom_padding=&#8221;17px|10px|10px|10px&#8221; text_text_shadow_style=&#8221;preset1&#8243; box_shadow_style=&#8221;preset3&#8243; global_colors_info=&#8221;{}&#8221;]<\/p>\n<h3><span><i><strong>\u00d3ticas de 30\u00b0 Fiegert<\/strong> (Made in Germany<\/i><i>)<\/i><\/span><\/h3>\n<p>[\/et_pb_text][\/et_pb_column][\/et_pb_row][et_pb_row column_structure=&#8221;1_2,1_2&#8243; disabled_on=&#8221;off|off|off&#8221; _builder_version=&#8221;4.16&#8243; custom_padding=&#8221;10px|0px|15px|0px|false|false&#8221; global_colors_info=&#8221;{}&#8221;][et_pb_column type=&#8221;1_2&#8243; _builder_version=&#8221;4.16&#8243; custom_padding=&#8221;|||&#8221; global_colors_info=&#8221;{}&#8221; custom_padding__hover=&#8221;|||&#8221;][et_pb_gallery gallery_ids=&#8221;40526&#8243; fullwidth=&#8221;on&#8221; _builder_version=&#8221;4.16&#8243; auto=&#8221;on&#8221; border_radii=&#8221;on|2px|2px|2px|2px&#8221; border_width_all=&#8221;3px&#8221; border_color_all=&#8221;#33aca5&#8243; box_shadow_style=&#8221;preset1&#8243; global_colors_info=&#8221;{}&#8221;][\/et_pb_gallery][\/et_pb_column][et_pb_column type=&#8221;1_2&#8243; _builder_version=&#8221;4.16&#8243; custom_padding=&#8221;|||&#8221; global_colors_info=&#8221;{}&#8221; custom_padding__hover=&#8221;|||&#8221;][et_pb_text _builder_version=&#8221;4.16&#8243; text_text_color=&#8221;#474747&#8243; text_font_size=&#8221;17px&#8221; background_enable_color=&#8221;off&#8221; custom_margin=&#8221;0px||12px|||&#8221; text_font_size_tablet=&#8221;&#8221; text_font_size_phone=&#8221;16px&#8221; text_font_size_last_edited=&#8221;on|phone&#8221; global_colors_info=&#8221;{}&#8221;]<\/p>\n<div dir=\"ltr\" gmail_original=\"1\" style=\"text-align: left;\">\n<ul>\n<li>\n<p style=\"font-weight: 400;\">Di\u00e2metro externo \u2013 \u00d8 6,9mm<\/p>\n<\/li>\n<li>\n<p style=\"font-weight: 400;\">Di\u00e2metro Interno \u2013 \u00d8 4,2 mm<\/p>\n<\/li>\n<li>\n<p style=\"font-weight: 400;\">Comprimento \u2013 181 mm<\/p>\n<p style=\"font-weight: 400;\">\u00a0(Incluso Completo material de acesso)<\/p>\n<\/li>\n<\/ul>\n<\/div>\n<p>[\/et_pb_text][\/et_pb_column][\/et_pb_row][et_pb_row _builder_version=&#8221;4.16&#8243; _module_preset=&#8221;default&#8221; custom_padding=&#8221;||3px|||&#8221; global_colors_info=&#8221;{}&#8221;][et_pb_column type=&#8221;4_4&#8243; _builder_version=&#8221;4.16&#8243; _module_preset=&#8221;default&#8221; global_colors_info=&#8221;{}&#8221;][et_pb_divider _builder_version=&#8221;4.16&#8243; _module_preset=&#8221;default&#8221; global_colors_info=&#8221;{}&#8221;][\/et_pb_divider][et_pb_text _builder_version=&#8221;4.16&#8243; text_font=&#8221;||||||||&#8221; custom_padding=&#8221;17px|10px|10px|10px&#8221; text_text_shadow_style=&#8221;preset1&#8243; box_shadow_style=&#8221;preset3&#8243; global_colors_info=&#8221;{}&#8221;]<\/p>\n<h3><span><i><strong><b>Pin\u00e7as e Kerrisons SPINENDOS<\/b><\/strong> (Made in Germany<\/i><i>)<\/i><\/span><\/h3>\n<p>[\/et_pb_text][et_pb_text content_tablet=&#8221;<\/p>\n<div dir=%22ltr%22 gmail_original=%221%22 style=%22text-align: left;%22>\n<p style=%22text-align: justify;%22>Alta qualidade em instrumentais endosc\u00f3picos de corte.<\/p>\n<\/div>\n<p>&#8221; content_phone=&#8221;<\/p>\n<div dir=%22ltr%22 gmail_original=%221%22 style=%22text-align: left;%22>\n<p style=%22text-align: left;%22>Alta qualidade em instrumentais endosc\u00f3picos de corte.<\/p>\n<\/div>\n<p>&#8221; content_last_edited=&#8221;on|phone&#8221; _builder_version=&#8221;4.17.3&#8243; text_text_color=&#8221;#474747&#8243; text_font_size=&#8221;17px&#8221; background_enable_color=&#8221;off&#8221; custom_margin=&#8221;0px||3px|||&#8221; text_font_size_tablet=&#8221;&#8221; text_font_size_phone=&#8221;16px&#8221; text_font_size_last_edited=&#8221;on|phone&#8221; global_colors_info=&#8221;{}&#8221;]<\/p>\n<div dir=\"ltr\" gmail_original=\"1\" style=\"text-align: left;\">\n<p style=\"text-align: justify;\">Alta qualidade em instrumentais endosc\u00f3picos de corte.<\/p>\n<\/div>\n<p>[\/et_pb_text][\/et_pb_column][\/et_pb_row][et_pb_row column_structure=&#8221;1_2,1_2&#8243; disabled_on=&#8221;on|on|off&#8221; _builder_version=&#8221;4.16&#8243; custom_padding=&#8221;3px|0px|5px|0px|false|false&#8221; global_colors_info=&#8221;{}&#8221;][et_pb_column type=&#8221;1_2&#8243; _builder_version=&#8221;4.16&#8243; custom_padding=&#8221;|||&#8221; global_colors_info=&#8221;{}&#8221; custom_padding__hover=&#8221;|||&#8221;][et_pb_image src=&#8221;https:\/\/sintexmedical.com.br\/sintex\/wp-content\/uploads\/2021\/07\/punch.jpg&#8221; title_text=&#8221;punch&#8221; align=&#8221;center&#8221; _builder_version=&#8221;4.16&#8243; _module_preset=&#8221;default&#8221; width=&#8221;370px&#8221; custom_margin=&#8221;||-1px|||&#8221; custom_padding=&#8221;||0px|||&#8221; global_colors_info=&#8221;{}&#8221;][\/et_pb_image][et_pb_image src=&#8221;https:\/\/sintexmedical.com.br\/sintex\/wp-content\/uploads\/2021\/07\/gancho.jpg&#8221; title_text=&#8221;gancho&#8221; _builder_version=&#8221;4.16&#8243; _module_preset=&#8221;default&#8221; width=&#8221;370px&#8221; module_alignment=&#8221;center&#8221; custom_margin=&#8221;||1px|||&#8221; global_colors_info=&#8221;{}&#8221;][\/et_pb_image][et_pb_image src=&#8221;https:\/\/sintexmedical.com.br\/sintex\/wp-content\/uploads\/2021\/07\/apreensao.jpg&#8221; title_text=&#8221;apreensao&#8221; align=&#8221;center&#8221; _builder_version=&#8221;4.16&#8243; _module_preset=&#8221;default&#8221; width=&#8221;370px&#8221; custom_margin=&#8221;||-1px|||&#8221; custom_padding=&#8221;||0px|||&#8221; global_colors_info=&#8221;{}&#8221;][\/et_pb_image][et_pb_image src=&#8221;https:\/\/sintexmedical.com.br\/sintex\/wp-content\/uploads\/2021\/07\/copopeg.jpg&#8221; title_text=&#8221;copopeg&#8221; align=&#8221;center&#8221; _builder_version=&#8221;4.16&#8243; _module_preset=&#8221;default&#8221; width=&#8221;370px&#8221; custom_margin=&#8221;||-1px|||&#8221; custom_padding=&#8221;||0px|||&#8221; global_colors_info=&#8221;{}&#8221;][\/et_pb_image][et_pb_image src=&#8221;https:\/\/sintexmedical.com.br\/sintex\/wp-content\/uploads\/2021\/07\/formaconcha.jpg&#8221; title_text=&#8221;formaconcha&#8221; align=&#8221;center&#8221; _builder_version=&#8221;4.16&#8243; _module_preset=&#8221;default&#8221; width=&#8221;370px&#8221; custom_margin=&#8221;||-1px|||&#8221; custom_padding=&#8221;||0px|||&#8221; global_colors_info=&#8221;{}&#8221;][\/et_pb_image][\/et_pb_column][et_pb_column type=&#8221;1_2&#8243; _builder_version=&#8221;4.16&#8243; custom_padding=&#8221;|||&#8221; global_colors_info=&#8221;{}&#8221; custom_padding__hover=&#8221;|||&#8221;][et_pb_image src=&#8221;https:\/\/sintexmedical.com.br\/sintex\/wp-content\/uploads\/2021\/07\/grasperdupla.jpg&#8221; title_text=&#8221;grasperdupla&#8221; align=&#8221;center&#8221; _builder_version=&#8221;4.16&#8243; _module_preset=&#8221;default&#8221; width=&#8221;370px&#8221; custom_margin=&#8221;||-1px|||&#8221; custom_padding=&#8221;||0px|||&#8221; global_colors_info=&#8221;{}&#8221;][\/et_pb_image][et_pb_image src=&#8221;https:\/\/sintexmedical.com.br\/sintex\/wp-content\/uploads\/2021\/07\/patinho.jpg&#8221; title_text=&#8221;patinho&#8221; _builder_version=&#8221;4.16&#8243; _module_preset=&#8221;default&#8221; width=&#8221;370px&#8221; module_alignment=&#8221;center&#8221; custom_margin=&#8221;||1px|||&#8221; global_colors_info=&#8221;{}&#8221;][\/et_pb_image][et_pb_image src=&#8221;https:\/\/sintexmedical.com.br\/sintex\/wp-content\/uploads\/2021\/07\/cupforceps.jpg&#8221; title_text=&#8221;cupforceps&#8221; align=&#8221;center&#8221; _builder_version=&#8221;4.16&#8243; _module_preset=&#8221;default&#8221; width=&#8221;370px&#8221; custom_margin=&#8221;||-1px|||&#8221; custom_padding=&#8221;||0px|||&#8221; global_colors_info=&#8221;{}&#8221;][\/et_pb_image][et_pb_image src=&#8221;https:\/\/sintexmedical.com.br\/sintex\/wp-content\/uploads\/2021\/07\/kerrison1.jpg&#8221; title_text=&#8221;kerrison1&#8243; align=&#8221;center&#8221; _builder_version=&#8221;4.16&#8243; _module_preset=&#8221;default&#8221; width=&#8221;370px&#8221; custom_margin=&#8221;||-1px|||&#8221; custom_padding=&#8221;||0px|||&#8221; global_colors_info=&#8221;{}&#8221;][\/et_pb_image][et_pb_image src=&#8221;https:\/\/sintexmedical.com.br\/sintex\/wp-content\/uploads\/2021\/07\/kerrison21.jpg&#8221; title_text=&#8221;kerrison21&#8243; align=&#8221;center&#8221; _builder_version=&#8221;4.16&#8243; _module_preset=&#8221;default&#8221; width=&#8221;370px&#8221; custom_margin=&#8221;||-1px|||&#8221; custom_padding=&#8221;||0px|||&#8221; global_colors_info=&#8221;{}&#8221;][\/et_pb_image][\/et_pb_column][\/et_pb_row][et_pb_row _builder_version=&#8221;4.16&#8243; _module_preset=&#8221;default&#8221; custom_padding=&#8221;||4px|||&#8221; global_colors_info=&#8221;{}&#8221;][et_pb_column type=&#8221;4_4&#8243; _builder_version=&#8221;4.16&#8243; _module_preset=&#8221;default&#8221; global_colors_info=&#8221;{}&#8221;][et_pb_gallery gallery_ids=&#8221;40561,40563,40564,40565,40566,40567,40568,40562,40569,40570&#8243; fullwidth=&#8221;on&#8221; disabled_on=&#8221;off|off|on&#8221; _builder_version=&#8221;4.16&#8243; auto=&#8221;on&#8221; border_radii=&#8221;on|2px|2px|2px|2px&#8221; border_width_all=&#8221;3px&#8221; border_color_all=&#8221;#33aca5&#8243; box_shadow_style=&#8221;preset1&#8243; global_colors_info=&#8221;{}&#8221;][\/et_pb_gallery][\/et_pb_column][\/et_pb_row][et_pb_row _builder_version=&#8221;4.16&#8243; _module_preset=&#8221;default&#8221; custom_padding=&#8221;||20px|||&#8221; global_colors_info=&#8221;{}&#8221;][et_pb_column type=&#8221;4_4&#8243; _builder_version=&#8221;4.16&#8243; _module_preset=&#8221;default&#8221; global_colors_info=&#8221;{}&#8221;][et_pb_divider _builder_version=&#8221;4.16&#8243; _module_preset=&#8221;default&#8221; global_colors_info=&#8221;{}&#8221;][\/et_pb_divider][et_pb_text _builder_version=&#8221;4.16&#8243; text_font=&#8221;||||||||&#8221; custom_padding=&#8221;17px|10px|10px|10px&#8221; text_text_shadow_style=&#8221;preset1&#8243; box_shadow_style=&#8221;preset3&#8243; global_colors_info=&#8221;{}&#8221;]<\/p>\n<h3>Gerador de RF SURGIMAX PLUS<\/h3>\n<p>[\/et_pb_text][\/et_pb_column][\/et_pb_row][et_pb_row column_structure=&#8221;1_2,1_2&#8243; disabled_on=&#8221;off|off|off&#8221; _builder_version=&#8221;4.16&#8243; custom_padding=&#8221;10px|0px|15px|0px|false|false&#8221; global_colors_info=&#8221;{}&#8221;][et_pb_column type=&#8221;1_2&#8243; _builder_version=&#8221;4.16&#8243; custom_padding=&#8221;|||&#8221; global_colors_info=&#8221;{}&#8221; custom_padding__hover=&#8221;|||&#8221;][et_pb_gallery gallery_ids=&#8221;40542&#8243; fullwidth=&#8221;on&#8221; _builder_version=&#8221;4.16&#8243; auto=&#8221;on&#8221; border_radii=&#8221;on|2px|2px|2px|2px&#8221; border_width_all=&#8221;3px&#8221; border_color_all=&#8221;#33aca5&#8243; box_shadow_style=&#8221;preset1&#8243; global_colors_info=&#8221;{}&#8221;][\/et_pb_gallery][\/et_pb_column][et_pb_column type=&#8221;1_2&#8243; _builder_version=&#8221;4.16&#8243; custom_padding=&#8221;|||&#8221; global_colors_info=&#8221;{}&#8221; custom_padding__hover=&#8221;|||&#8221;][et_pb_text content_tablet=&#8221;<\/p>\n<div dir=%22ltr%22 gmail_original=%221%22 style=%22text-align: left;%22>\n<p style=%22text-align: justify;%22>Precis\u00e3o, versatilidade e seguran\u00e7a incompar\u00e1veis.<\/p>\n<\/div>\n<p>&#8221; content_phone=&#8221;<\/p>\n<div dir=%22ltr%22 gmail_original=%221%22 style=%22text-align: left;%22>\n<p style=%22text-align: left;%22>Precis\u00e3o, versatilidade e seguran\u00e7a incompar\u00e1veis.<\/p>\n<\/div>\n<p>&#8221; content_last_edited=&#8221;on|phone&#8221; _builder_version=&#8221;4.17.3&#8243; text_text_color=&#8221;#474747&#8243; text_font_size=&#8221;17px&#8221; background_enable_color=&#8221;off&#8221; custom_margin=&#8221;0px||12px|||&#8221; text_font_size_tablet=&#8221;&#8221; text_font_size_phone=&#8221;16px&#8221; text_font_size_last_edited=&#8221;on|phone&#8221; global_colors_info=&#8221;{}&#8221;]<\/p>\n<div dir=\"ltr\" gmail_original=\"1\" style=\"text-align: left;\">\n<p style=\"text-align: justify;\">Precis\u00e3o, versatilidade e seguran\u00e7a incompar\u00e1veis.<\/p>\n<\/div>\n<p>[\/et_pb_text][\/et_pb_column][\/et_pb_row][et_pb_row _builder_version=&#8221;4.16&#8243; _module_preset=&#8221;default&#8221; custom_padding=&#8221;||20px|||&#8221; global_colors_info=&#8221;{}&#8221;][et_pb_column type=&#8221;4_4&#8243; _builder_version=&#8221;4.16&#8243; _module_preset=&#8221;default&#8221; global_colors_info=&#8221;{}&#8221;][et_pb_divider _builder_version=&#8221;4.16&#8243; _module_preset=&#8221;default&#8221; global_colors_info=&#8221;{}&#8221;][\/et_pb_divider][et_pb_text _builder_version=&#8221;4.16&#8243; text_font=&#8221;||||||||&#8221; custom_padding=&#8221;17px|10px|10px|10px&#8221; text_text_shadow_style=&#8221;preset1&#8243; box_shadow_style=&#8221;preset3&#8243; global_colors_info=&#8221;{}&#8221;]<\/p>\n<h3>KIT Completo para Endoscopia \u2013 DESC DISC<\/h3>\n<p>[\/et_pb_text][\/et_pb_column][\/et_pb_row][et_pb_row column_structure=&#8221;1_2,1_2&#8243; disabled_on=&#8221;off|off|off&#8221; _builder_version=&#8221;4.16&#8243; custom_padding=&#8221;10px|0px|15px|0px|false|false&#8221; global_colors_info=&#8221;{}&#8221;][et_pb_column type=&#8221;1_2&#8243; _builder_version=&#8221;4.16&#8243; custom_padding=&#8221;|||&#8221; global_colors_info=&#8221;{}&#8221; custom_padding__hover=&#8221;|||&#8221;][et_pb_gallery gallery_ids=&#8221;40544&#8243; fullwidth=&#8221;on&#8221; _builder_version=&#8221;4.16&#8243; auto=&#8221;on&#8221; border_radii=&#8221;on|2px|2px|2px|2px&#8221; border_width_all=&#8221;3px&#8221; border_color_all=&#8221;#33aca5&#8243; box_shadow_style=&#8221;preset1&#8243; global_colors_info=&#8221;{}&#8221;][\/et_pb_gallery][\/et_pb_column][et_pb_column type=&#8221;1_2&#8243; _builder_version=&#8221;4.16&#8243; custom_padding=&#8221;|||&#8221; global_colors_info=&#8221;{}&#8221; custom_padding__hover=&#8221;|||&#8221;][et_pb_text content_tablet=&#8221;<\/p>\n<div dir=%22ltr%22 gmail_original=%221%22 style=%22text-align: left;%22>\n<p style=%22text-align: justify;%22><span style=%22font-size: 17px; text-align: left;%22>Utilizado em procedimentos de Descompress\u00e3o de H\u00e9rnia de Disco Intervertebral<\/span><\/p>\n<\/div>\n<p>&#8221; content_phone=&#8221;<\/p>\n<div dir=%22ltr%22 gmail_original=%221%22 style=%22text-align: left;%22>\n<p style=%22text-align: left;%22><span style=%22font-size: 17px; text-align: left;%22>Utilizado em procedimentos de Descompress\u00e3o de H\u00e9rnia de Disco Intervertebral<\/span><\/p>\n<\/div>\n<p>&#8221; content_last_edited=&#8221;on|phone&#8221; _builder_version=&#8221;4.17.3&#8243; text_text_color=&#8221;#474747&#8243; text_font_size=&#8221;17px&#8221; background_enable_color=&#8221;off&#8221; custom_margin=&#8221;0px||12px|||&#8221; text_font_size_tablet=&#8221;&#8221; text_font_size_phone=&#8221;16px&#8221; text_font_size_last_edited=&#8221;on|phone&#8221; global_colors_info=&#8221;{}&#8221;]<\/p>\n<div dir=\"ltr\" gmail_original=\"1\" style=\"text-align: left;\">\n<p style=\"text-align: justify;\"><span style=\"font-size: 17px; text-align: left;\">Utilizado em procedimentos de Descompress\u00e3o de H\u00e9rnia de Disco Intervertebral<\/span><\/p>\n<\/div>\n<p>[\/et_pb_text][et_pb_image src=&#8221;https:\/\/sintexmedical.com.br\/sintex\/wp-content\/uploads\/2021\/07\/tabela1.png&#8221; title_text=&#8221;tabela1&#8243; align_tablet=&#8221;center&#8221; align_phone=&#8221;center&#8221; align_last_edited=&#8221;on|phone&#8221; _builder_version=&#8221;4.16&#8243; _module_preset=&#8221;default&#8221; width_tablet=&#8221;&#8221; width_phone=&#8221;&#8221; width_last_edited=&#8221;on|desktop&#8221; module_alignment=&#8221;left&#8221; custom_margin=&#8221;||13px|||&#8221; custom_padding=&#8221;|||12px||&#8221; module_alignment_tablet=&#8221;&#8221; module_alignment_phone=&#8221;&#8221; module_alignment_last_edited=&#8221;on|phone&#8221; global_colors_info=&#8221;{}&#8221;][\/et_pb_image][\/et_pb_column][\/et_pb_row][\/et_pb_section]<\/p>\n","protected":false},"excerpt":{"rendered":"<p>Endoscopia de Coluna Transforaminal Buscando oferecer o m\u00e1ximo de qualidade e efici\u00eancia aos procedimentos de Endoscopia de Coluna, A Sintex Medical, adquiriu os melhores produtos (dos melhores fabricantes do mercado Mundial) tornado seu Set de endoscopia de Coluna, extremamente funcional, diversificado e seguro. \u00d3ticas de 30\u00b0 Fiegert (Made in Germany) Di\u00e2metro externo \u2013 \u00d8 6,9mm [&hellip;]<\/p>\n","protected":false},"author":1,"featured_media":0,"parent":0,"menu_order":0,"comment_status":"closed","ping_status":"closed","template":"","meta":{"_et_pb_use_builder":"on","_et_pb_old_content":"","_et_gb_content_width":"","footnotes":""},"class_list":["post-40522","page","type-page","status-publish","hentry"],"jetpack_sharing_enabled":true,"_links":{"self":[{"href":"https:\/\/sintexmedical.com.br\/sintex\/wp-json\/wp\/v2\/pages\/40522","targetHints":{"allow":["GET"]}}],"collection":[{"href":"https:\/\/sintexmedical.com.br\/sintex\/wp-json\/wp\/v2\/pages"}],"about":[{"href":"https:\/\/sintexmedical.com.br\/sintex\/wp-json\/wp\/v2\/types\/page"}],"author":[{"embeddable":true,"href":"https:\/\/sintexmedical.com.br\/sintex\/wp-json\/wp\/v2\/users\/1"}],"replies":[{"embeddable":true,"href":"https:\/\/sintexmedical.com.br\/sintex\/wp-json\/wp\/v2\/comments?post=40522"}],"version-history":[{"count":34,"href":"https:\/\/sintexmedical.com.br\/sintex\/wp-json\/wp\/v2\/pages\/40522\/revisions"}],"predecessor-version":[{"id":41094,"href":"https:\/\/sintexmedical.com.br\/sintex\/wp-json\/wp\/v2\/pages\/40522\/revisions\/41094"}],"wp:attachment":[{"href":"https:\/\/sintexmedical.com.br\/sintex\/wp-json\/wp\/v2\/media?parent=40522"}],"curies":[{"name":"wp","href":"https:\/\/api.w.org\/{rel}","templated":true}]}}