{"id":41165,"date":"2023-01-18T23:11:24","date_gmt":"2023-01-18T23:11:24","guid":{"rendered":"https:\/\/sintexmedical.com.br\/sintex\/?page_id=41165"},"modified":"2024-02-05T17:59:16","modified_gmt":"2024-02-05T17:59:16","slug":"surgispon","status":"publish","type":"page","link":"https:\/\/sintexmedical.com.br\/sintex\/surgispon\/","title":{"rendered":"Hemost\u00e1tico Surgispon"},"content":{"rendered":"<p>[et_pb_section fb_built=&#8221;1&#8243; _builder_version=&#8221;4.16&#8243; custom_padding=&#8221;0|0px|0|0px|false|false&#8221; global_colors_info=&#8221;{}&#8221;][et_pb_row disabled_on=&#8221;on|on|off&#8221; _builder_version=&#8221;4.16&#8243; global_colors_info=&#8221;{}&#8221;][et_pb_column type=&#8221;4_4&#8243; _builder_version=&#8221;4.16&#8243; custom_padding=&#8221;|||&#8221; global_colors_info=&#8221;{}&#8221; custom_padding__hover=&#8221;|||&#8221;][et_pb_text _builder_version=&#8221;4.19.4&#8243; text_font=&#8221;||||||||&#8221; custom_padding=&#8221;17px|10px|10px|10px&#8221; text_text_shadow_style=&#8221;preset1&#8243; box_shadow_style=&#8221;preset3&#8243; global_colors_info=&#8221;{}&#8221;]<\/p>\n<h3>SURGISPON<\/h3>\n<p>[\/et_pb_text][\/et_pb_column][\/et_pb_row][et_pb_row column_structure=&#8221;1_3,2_3&#8243; disabled_on=&#8221;off|off|off&#8221; _builder_version=&#8221;4.16&#8243; custom_padding=&#8221;10px|0px|0px|0px|false|false&#8221; global_colors_info=&#8221;{}&#8221;][et_pb_column type=&#8221;1_3&#8243; _builder_version=&#8221;4.16&#8243; custom_padding=&#8221;|||&#8221; global_colors_info=&#8221;{}&#8221; custom_padding__hover=&#8221;|||&#8221;][et_pb_button button_url=&#8221;https:\/\/sintexmedical.com.br\/sintex\/socore&#8221; button_text=&#8221;SOCORE&#8221; button_alignment=&#8221;center&#8221; disabled_on=&#8221;on|on|off&#8221; module_class=&#8221;blink&#8221; _builder_version=&#8221;4.19.4&#8243; custom_button=&#8221;on&#8221; button_text_size=&#8221;21px&#8221; button_text_color=&#8221;#ffffff&#8221; button_bg_color=&#8221;#33ACA5&#8243; button_border_width=&#8221;0px&#8221; button_border_radius=&#8221;8px&#8221; button_font=&#8221;||||||||&#8221; button_use_icon=&#8221;off&#8221; transform_scale_linked=&#8221;off&#8221; custom_padding=&#8221;10px|2vw|10px|2vw|true|true&#8221; custom_padding_tablet=&#8221;|14vw||14vw|true|true&#8221; custom_padding_phone=&#8221;|14vw||14vw|true|true&#8221; custom_padding_last_edited=&#8221;on|desktop&#8221; animation_style=&#8221;fade&#8221; hover_enabled=&#8221;0&#8243; custom_css_main_element=&#8221;display: block;&#8221; button_text_shadow_style=&#8221;preset1&#8243; box_shadow_style=&#8221;preset3&#8243; global_colors_info=&#8221;{}&#8221; button_text_size__hover_enabled=&#8221;off&#8221; button_one_text_size__hover_enabled=&#8221;off&#8221; button_two_text_size__hover_enabled=&#8221;off&#8221; button_text_color__hover_enabled=&#8221;off&#8221; button_one_text_color__hover_enabled=&#8221;off&#8221; button_two_text_color__hover_enabled=&#8221;off&#8221; button_border_width__hover_enabled=&#8221;off&#8221; button_one_border_width__hover_enabled=&#8221;off&#8221; button_two_border_width__hover_enabled=&#8221;off&#8221; button_border_color__hover_enabled=&#8221;off&#8221; button_one_border_color__hover_enabled=&#8221;off&#8221; button_two_border_color__hover_enabled=&#8221;off&#8221; button_border_radius__hover_enabled=&#8221;off&#8221; button_one_border_radius__hover_enabled=&#8221;off&#8221; button_two_border_radius__hover_enabled=&#8221;off&#8221; button_letter_spacing__hover_enabled=&#8221;off&#8221; button_one_letter_spacing__hover_enabled=&#8221;off&#8221; button_two_letter_spacing__hover_enabled=&#8221;off&#8221; button_bg_color__hover_enabled=&#8221;off&#8221; button_one_bg_color__hover_enabled=&#8221;off&#8221; button_two_bg_color__hover_enabled=&#8221;off&#8221; sticky_enabled=&#8221;0&#8243;][\/et_pb_button][et_pb_button button_url=&#8221;https:\/\/sintexmedical.com.br\/sintex\/cagesvaleo&#8221; button_text=&#8221;Cages de Nitreto de Sil\u00edcio&#8221; button_alignment=&#8221;center&#8221; disabled_on=&#8221;on|on|off&#8221; _builder_version=&#8221;4.16&#8243; custom_button=&#8221;on&#8221; button_text_size=&#8221;22px&#8221; button_text_color=&#8221;#ffffff&#8221; button_bg_color=&#8221;#33ACA5&#8243; button_border_width=&#8221;0px&#8221; button_border_radius=&#8221;8px&#8221; button_font=&#8221;||||||||&#8221; button_use_icon=&#8221;off&#8221; animation_style=&#8221;fade&#8221; custom_css_main_element=&#8221;display: block;&#8221; button_text_shadow_style=&#8221;preset1&#8243; box_shadow_style=&#8221;preset3&#8243; global_colors_info=&#8221;{}&#8221; button_text_size__hover_enabled=&#8221;off&#8221; button_one_text_size__hover_enabled=&#8221;off&#8221; button_two_text_size__hover_enabled=&#8221;off&#8221; button_text_color__hover_enabled=&#8221;off&#8221; button_one_text_color__hover_enabled=&#8221;off&#8221; button_two_text_color__hover_enabled=&#8221;off&#8221; button_border_width__hover_enabled=&#8221;off&#8221; button_one_border_width__hover_enabled=&#8221;off&#8221; button_two_border_width__hover_enabled=&#8221;off&#8221; button_border_color__hover_enabled=&#8221;off&#8221; button_one_border_color__hover_enabled=&#8221;off&#8221; button_two_border_color__hover_enabled=&#8221;off&#8221; button_border_radius__hover_enabled=&#8221;off&#8221; button_one_border_radius__hover_enabled=&#8221;off&#8221; button_two_border_radius__hover_enabled=&#8221;off&#8221; button_letter_spacing__hover_enabled=&#8221;off&#8221; button_one_letter_spacing__hover_enabled=&#8221;off&#8221; button_two_letter_spacing__hover_enabled=&#8221;off&#8221; button_bg_color__hover_enabled=&#8221;off&#8221; button_one_bg_color__hover_enabled=&#8221;off&#8221; button_two_bg_color__hover_enabled=&#8221;off&#8221;][\/et_pb_button][et_pb_text disabled_on=&#8221;on|on|off&#8221; _builder_version=&#8221;4.16&#8243; text_text_color=&#8221;#474747&#8243; background_enable_color=&#8221;off&#8221; background_layout=&#8221;light&#8221; min_height=&#8221;60px&#8221; custom_margin=&#8221;||-6px|||&#8221; custom_padding=&#8221;10px|12px|0px|12px||&#8221; global_colors_info=&#8221;{}&#8221;]<\/p>\n<p style=\"text-align: center;\"><strong>MINIMAMENTE INVASIVO<\/strong><\/p>\n<p>[\/et_pb_text][et_pb_sidebar area=&#8221;et_pb_widget_area_3&#8243; disabled_on=&#8221;on|on|off&#8221; _builder_version=&#8221;4.16&#8243; global_colors_info=&#8221;{}&#8221;][\/et_pb_sidebar][et_pb_text disabled_on=&#8221;on|on|off&#8221; _builder_version=&#8221;4.16&#8243; text_text_color=&#8221;#474747&#8243; background_enable_color=&#8221;off&#8221; min_height=&#8221;52px&#8221; custom_margin=&#8221;||5px|&#8221; custom_padding=&#8221;10px|12px|0px|12px||&#8221; global_colors_info=&#8221;{}&#8221;]<\/p>\n<p style=\"text-align: center;\"><strong>COLUNA CERVICAL<\/strong><\/p>\n<p>[\/et_pb_text][et_pb_sidebar area=&#8221;et_pb_widget_area_4&#8243; disabled_on=&#8221;on|on|off&#8221; _builder_version=&#8221;4.16&#8243; custom_css_before=&#8221;<\/p>\n<style>||||@media only screen and (min-width: 981px) {||||\t\/* Sidebar expand \/ collapse button *\/||\t#db_hide_sidebar {||\t\tz-index: 10000;||\t\tpadding: 10px;||\t\tcursor: pointer;||\t}||\t.db_right_sidebar_collapsible #db_hide_sidebar {||\t\tright: 0;||\t}||\t.db_left_sidebar_collapsible #db_hide_sidebar {||\t\tleft: 0;||\t}||\t.et_fixed_nav #db_hide_sidebar {\t||\t\tposition: fixed; ||\t}||\t.et_non_fixed_nav #db_hide_sidebar {\t||\t\tposition: absolute; ||\t}||\t#db_hide_sidebar:before {||\t\tfont-family: 'ETModules';||\t\tfont-size: 24px;||\t}||\t.et_right_sidebar #db_hide_sidebar:before,||\t.db_left_sidebar_collapsible.et_full_width_page #db_hide_sidebar:before {||\t\tcontent: '%9239';||\t}||\t.db_right_sidebar_collapsible.et_full_width_page #db_hide_sidebar:before,||\t.et_left_sidebar #db_hide_sidebar:before {||\t\tcontent: '%9238';||\t}||||\t\/* Ensure fullwidth formatting matches sidebar formatting *\/||\t.db_sidebar_collapsible.et_full_width_page .et_post_meta_wrapper:first-child {||\t\tpadding-top: 58px !important;||\t}||}||||<\/style>\n<p>||||<script>||jQuery(function($){||\tif($('#sidebar').length) {||\t\tif ($('body.et_right_sidebar').length) {||\t\t\t$('body').addClass('db_sidebar_collapsible db_right_sidebar_collapsible');||\t\t\t$('#main-content').prepend(||\t\t\t\t$('<span id=%22db_hide_sidebar%22 title=%22Toggle Sidebar%22><\/span>').click(function(){||\t\t\t\t\t$('body').toggleClass('et_right_sidebar et_full_width_page');||\t\t\t\t\t$('#sidebar').toggle();||\t\t\t\t})||\t\t\t);||\t\t\t$('body').addClass('db_collapsible_sidebar');||\t\t} else if ($('body.et_left_sidebar').length) { ||\t\t\t$('body').addClass('db_sidebar_collapsible db_left_sidebar_collapsible');||\t\t\t$('#main-content').prepend(||\t\t\t\t$('<span id=%22db_hide_sidebar%22 title=%22Toggle Sidebar%22><\/span>').click(function(){||\t\t\t\t\t$('body').toggleClass('et_left_sidebar et_full_width_page');||\t\t\t\t\t$('#sidebar').toggle();||\t\t\t\t})||\t\t\t);||\t\t}||\t}||});||<\/script>&#8221; global_colors_info=&#8221;{}&#8221;][\/et_pb_sidebar][et_pb_text disabled_on=&#8221;on|on|off&#8221; _builder_version=&#8221;4.16&#8243; text_text_color=&#8221;#474747&#8243; background_enable_color=&#8221;off&#8221; custom_margin=&#8221;||5px|&#8221; custom_padding=&#8221;10px|12px|0px|12px||&#8221; global_colors_info=&#8221;{}&#8221;]<\/p>\n<p style=\"text-align: center;\"><strong>COLUNA LOMBAR<\/strong><\/p>\n<p>[\/et_pb_text][et_pb_sidebar area=&#8221;et_pb_widget_area_5&#8243; disabled_on=&#8221;on|on|off&#8221; _builder_version=&#8221;4.16&#8243; global_colors_info=&#8221;{}&#8221;][\/et_pb_sidebar][et_pb_text disabled_on=&#8221;on|on|off&#8221; _builder_version=&#8221;4.16&#8243; text_text_color=&#8221;#474747&#8243; background_enable_color=&#8221;off&#8221; custom_margin=&#8221;||5px|&#8221; custom_padding=&#8221;10px|12px|0px|12px||&#8221; global_colors_info=&#8221;{}&#8221;]<\/p>\n<p style=\"text-align: center;\"><b>BIOL\u00d3GICOS<\/b><\/p>\n<p>[\/et_pb_text][et_pb_sidebar area=&#8221;et_pb_widget_area_6&#8243; disabled_on=&#8221;on|on|off&#8221; _builder_version=&#8221;4.16&#8243; global_colors_info=&#8221;{}&#8221;][\/et_pb_sidebar][\/et_pb_column][et_pb_column type=&#8221;2_3&#8243; _builder_version=&#8221;4.16&#8243; custom_padding=&#8221;|||&#8221; global_colors_info=&#8221;{}&#8221; custom_padding__hover=&#8221;|||&#8221;][et_pb_text disabled_on=&#8221;off|off|on&#8221; _builder_version=&#8221;4.19.4&#8243; text_font=&#8221;||||||||&#8221; header_3_line_height=&#8221;1.4em&#8221; custom_padding=&#8221;17px|10px|10px|10px&#8221; text_text_shadow_style=&#8221;preset1&#8243; box_shadow_style=&#8221;preset3&#8243; global_colors_info=&#8221;{}&#8221;]<\/p>\n<h3>SURGISPON<\/h3>\n<p>[\/et_pb_text][et_pb_gallery gallery_ids=&#8221;41167&#8243; fullwidth=&#8221;on&#8221; disabled_on=&#8221;off|off|off&#8221; _builder_version=&#8221;4.19.4&#8243; auto=&#8221;on&#8221; border_radii=&#8221;on|8px|8px|8px|8px&#8221; box_shadow_style=&#8221;preset1&#8243; global_colors_info=&#8221;{}&#8221;][\/et_pb_gallery][et_pb_text _builder_version=&#8221;4.19.4&#8243; text_text_color=&#8221;#474747&#8243; text_font_size=&#8221;17px&#8221; background_enable_color=&#8221;off&#8221; custom_margin=&#8221;0px||-1px|||&#8221; text_font_size_tablet=&#8221;&#8221; text_font_size_phone=&#8221;16px&#8221; text_font_size_last_edited=&#8221;on|phone&#8221; global_colors_info=&#8221;{}&#8221;]<\/p>\n<div dir=\"ltr\" gmail_original=\"1\" style=\"text-align: left;\">\n<p>O P\u00d3 HEMOST\u00c1TICO ABSORV\u00cdVEL SURGISPON \u00e9 um dispositivo m\u00e9dico de classe IV, com certifica\u00e7\u00e3o CE, clinicamente comprovado, que pode ser usado para obten\u00e7\u00e3o r\u00e1pida da hemostasia em casos de hemorragias profusas e difusas \u2013 mesmo em locais e regi\u00f5es cir\u00fargicas de dif\u00edcil acesso.<\/p>\n<p><strong>Principais caracter\u00edsticas:<\/strong><\/p>\n<ul>\n<li>Natural, seguro e Biocompativel, com atividade pr\u00f3-coagulante inerente<\/li>\n<li>F\u00e1cil de aplicar em grandes \u00e1reas e superf\u00edcies irregulares<\/li>\n<li>N\u00e3o deixa espa\u00e7os vazios entre o material do co\u00e1gulo e as superf\u00edcies do tecido<\/li>\n<li>Melhor capacidade de absor\u00e7\u00e3o de sangue do que o p\u00f3 de MPH<\/li>\n<li>Composto de gelatina 100% farmac\u00eautica<\/li>\n<li>pH neutro, podendo ser combinado com medicamentos<\/li>\n<li>Reabsor\u00e7\u00e3o r\u00e1pida e completa<\/li>\n<li>Indicado para uso geral, para hemorragia capilar, venosa e arteriolar<\/li>\n<li>Pode ser usado em pacientes com terapia anticoagulante<\/li>\n<\/ul>\n<\/div>\n<p>[\/et_pb_text][\/et_pb_column][\/et_pb_row][\/et_pb_section]<\/p>\n","protected":false},"excerpt":{"rendered":"<p>SURGISPONMINIMAMENTE INVASIVOCOLUNA CERVICALCOLUNA LOMBARBIOL\u00d3GICOSSURGISPON O P\u00d3 HEMOST\u00c1TICO ABSORV\u00cdVEL SURGISPON \u00e9 um dispositivo m\u00e9dico de classe IV, com certifica\u00e7\u00e3o CE, clinicamente comprovado, que pode ser usado para obten\u00e7\u00e3o r\u00e1pida da hemostasia em casos de hemorragias profusas e difusas \u2013 mesmo em locais e regi\u00f5es cir\u00fargicas de dif\u00edcil acesso. Principais caracter\u00edsticas: Natural, seguro e Biocompativel, com atividade [&hellip;]<\/p>\n","protected":false},"author":1,"featured_media":0,"parent":0,"menu_order":0,"comment_status":"closed","ping_status":"closed","template":"","meta":{"_et_pb_use_builder":"on","_et_pb_old_content":"","_et_gb_content_width":"","footnotes":""},"class_list":["post-41165","page","type-page","status-publish","hentry"],"jetpack_sharing_enabled":true,"_links":{"self":[{"href":"https:\/\/sintexmedical.com.br\/sintex\/wp-json\/wp\/v2\/pages\/41165","targetHints":{"allow":["GET"]}}],"collection":[{"href":"https:\/\/sintexmedical.com.br\/sintex\/wp-json\/wp\/v2\/pages"}],"about":[{"href":"https:\/\/sintexmedical.com.br\/sintex\/wp-json\/wp\/v2\/types\/page"}],"author":[{"embeddable":true,"href":"https:\/\/sintexmedical.com.br\/sintex\/wp-json\/wp\/v2\/users\/1"}],"replies":[{"embeddable":true,"href":"https:\/\/sintexmedical.com.br\/sintex\/wp-json\/wp\/v2\/comments?post=41165"}],"version-history":[{"count":4,"href":"https:\/\/sintexmedical.com.br\/sintex\/wp-json\/wp\/v2\/pages\/41165\/revisions"}],"predecessor-version":[{"id":41431,"href":"https:\/\/sintexmedical.com.br\/sintex\/wp-json\/wp\/v2\/pages\/41165\/revisions\/41431"}],"wp:attachment":[{"href":"https:\/\/sintexmedical.com.br\/sintex\/wp-json\/wp\/v2\/media?parent=41165"}],"curies":[{"name":"wp","href":"https:\/\/api.w.org\/{rel}","templated":true}]}}