{"id":41226,"date":"2023-03-02T13:45:30","date_gmt":"2023-03-02T13:45:30","guid":{"rendered":"https:\/\/sintexmedical.com.br\/sintex\/?page_id=41226"},"modified":"2023-03-02T14:33:41","modified_gmt":"2023-03-02T14:33:41","slug":"endoscopia-de-coluna-para-estenose","status":"publish","type":"page","link":"https:\/\/sintexmedical.com.br\/sintex\/endoscopia-de-coluna-para-estenose\/","title":{"rendered":"Endoscopia de Coluna para Estenose"},"content":{"rendered":"<p>[et_pb_section fb_built=&#8221;1&#8243; _builder_version=&#8221;4.16&#8243; custom_padding=&#8221;0|0px|0px|0px|false|false&#8221; global_colors_info=&#8221;{}&#8221;][et_pb_row disabled_on=&#8221;off|off|off&#8221; _builder_version=&#8221;4.16&#8243; max_width_tablet=&#8221;&#8221; max_width_phone=&#8221;1080px&#8221; max_width_last_edited=&#8221;on|phone&#8221; global_colors_info=&#8221;{}&#8221;][et_pb_column type=&#8221;4_4&#8243; _builder_version=&#8221;4.16&#8243; custom_padding=&#8221;|||&#8221; global_colors_info=&#8221;{}&#8221; custom_padding__hover=&#8221;|||&#8221;][et_pb_text _builder_version=&#8221;4.20.0&#8243; text_font=&#8221;||||||||&#8221; header_3_line_height=&#8221;1.3em&#8221; custom_padding=&#8221;17px|10px|10px|10px&#8221; text_text_shadow_style=&#8221;preset1&#8243; box_shadow_style=&#8221;preset3&#8243; global_colors_info=&#8221;{}&#8221;]<\/p>\n<h3>\u00a0Endoscopia de Coluna para <strong>Estenose<\/strong><\/h3>\n<p>[\/et_pb_text][\/et_pb_column][\/et_pb_row][et_pb_row disabled_on=&#8221;off|off|off&#8221; _builder_version=&#8221;4.16&#8243; max_width_tablet=&#8221;&#8221; max_width_phone=&#8221;1080px&#8221; max_width_last_edited=&#8221;on|phone&#8221; custom_padding=&#8221;10px|0px|0px|0px|false|false&#8221; global_colors_info=&#8221;{}&#8221;][et_pb_column type=&#8221;4_4&#8243; _builder_version=&#8221;4.16&#8243; custom_padding=&#8221;|||&#8221; global_colors_info=&#8221;{}&#8221; custom_padding__hover=&#8221;|||&#8221;][et_pb_text content_tablet=&#8221;<\/p>\n<div dir=%22ltr%22 gmail_original=%221%22 style=%22text-align: left;%22>\n<p style=%22text-align: justify;%22><span>Buscando oferecer o m\u00e1ximo de qualidade e efici\u00eancia aos procedimentos de Endoscopia de Coluna, A Sintex Medical, adquiriu os melhores produtos (dos melhores fabricantes do mercado Mundial) tornado seu Set de endoscopia de Coluna, extremamente funcional, diversificado e seguro.<\/span><\/p>\n<ul><\/ul>\n<\/div>\n<p>&#8221; content_phone=&#8221;<\/p>\n<div dir=%22ltr%22 gmail_original=%221%22 style=%22text-align: left;%22>\n<p style=%22text-align: left;%22><span>Buscando oferecer o m\u00e1ximo de qualidade e efici\u00eancia aos procedimentos de Endoscopia de Coluna, A Sintex Medical, adquiriu os melhores produtos (dos melhores fabricantes do mercado Mundial) tornado seu Set de endoscopia de Coluna, extremamente funcional, diversificado e seguro.<\/span><\/p>\n<ul><\/ul>\n<\/div>\n<p>&#8221; content_last_edited=&#8221;off|desktop&#8221; _builder_version=&#8221;4.19.1&#8243; text_text_color=&#8221;#474747&#8243; text_font_size=&#8221;17px&#8221; text_line_height=&#8221;1.7em&#8221; background_enable_color=&#8221;off&#8221; custom_margin=&#8221;0px||12px|||&#8221; custom_padding=&#8221;10px|12px|3px|12px||&#8221; text_font_size_phone=&#8221;16px&#8221; global_colors_info=&#8221;{}&#8221;]<\/p>\n<div dir=\"ltr\" gmail_original=\"1\" style=\"text-align: left;\">\n<p style=\"text-align: justify;\">Com o set de endoscopia para estenose de canal vertebral adicionado ao nosso portf\u00f3lio, a Sintex Medical, mant\u00e9m seu compromisso de oferecer aos cirurgi\u00f5es o que h\u00e1 de melhor para procedimentos da coluna vertebral.<\/p>\n<ul><\/ul>\n<\/div>\n<p>[\/et_pb_text][\/et_pb_column][\/et_pb_row][et_pb_row _builder_version=&#8221;4.16&#8243; _module_preset=&#8221;default&#8221; max_width_tablet=&#8221;&#8221; max_width_phone=&#8221;1080px&#8221; max_width_last_edited=&#8221;on|phone&#8221; custom_padding=&#8221;||3px|||&#8221; global_colors_info=&#8221;{}&#8221;][et_pb_column type=&#8221;4_4&#8243; _builder_version=&#8221;4.16&#8243; _module_preset=&#8221;default&#8221; global_colors_info=&#8221;{}&#8221;][et_pb_image src=&#8221;https:\/\/sintexmedical.com.br\/sintex\/wp-content\/uploads\/2023\/03\/Estenoseimg1.jpg&#8221; title_text=&#8221;Estenoseimg1&#8243; align=&#8221;center&#8221; _builder_version=&#8221;4.20.0&#8243; _module_preset=&#8221;default&#8221; width=&#8221;600px&#8221; width_tablet=&#8221;auto&#8221; width_phone=&#8221;100%&#8221; width_last_edited=&#8221;on|desktop&#8221; max_width=&#8221;1080px&#8221; global_colors_info=&#8221;{}&#8221;][\/et_pb_image][et_pb_divider _builder_version=&#8221;4.16&#8243; _module_preset=&#8221;default&#8221; global_colors_info=&#8221;{}&#8221;][\/et_pb_divider][et_pb_text _builder_version=&#8221;4.19.1&#8243; text_font=&#8221;||||||||&#8221; custom_margin=&#8221;0px||15px||false|false&#8221; custom_padding=&#8221;17px|10px|10px|10px&#8221; text_text_shadow_style=&#8221;preset1&#8243; box_shadow_style=&#8221;preset3&#8243; global_colors_info=&#8221;{}&#8221;]<\/p>\n<h3><span><i><strong><b>Pin\u00e7as<\/b><\/strong><\/i><\/span><\/h3>\n<p>[\/et_pb_text][et_pb_image src=&#8221;https:\/\/sintexmedical.com.br\/sintex\/wp-content\/uploads\/2023\/03\/Estenoseimg2.jpg&#8221; title_text=&#8221;Estenoseimg2&#8243; align=&#8221;center&#8221; _builder_version=&#8221;4.20.0&#8243; _module_preset=&#8221;default&#8221; width=&#8221;600px&#8221; width_tablet=&#8221;auto&#8221; width_phone=&#8221;100%&#8221; width_last_edited=&#8221;on|desktop&#8221; max_width=&#8221;1080px&#8221; global_colors_info=&#8221;{}&#8221;][\/et_pb_image][et_pb_divider _builder_version=&#8221;4.16&#8243; _module_preset=&#8221;default&#8221; custom_margin=&#8221;||18px|||&#8221; global_colors_info=&#8221;{}&#8221;][\/et_pb_divider][et_pb_text _builder_version=&#8221;4.20.0&#8243; text_font=&#8221;||||||||&#8221; custom_margin=&#8221;0px||0px|||&#8221; custom_padding=&#8221;17px|10px|10px|10px|false|false&#8221; text_text_shadow_style=&#8221;preset1&#8243; box_shadow_style=&#8221;preset3&#8243; global_colors_info=&#8221;{}&#8221;]<\/p>\n<h3><span><i><strong><b>Instrumentais<\/b><\/strong><\/i><\/span><\/h3>\n<p>[\/et_pb_text][\/et_pb_column][\/et_pb_row][et_pb_row _builder_version=&#8221;4.16&#8243; _module_preset=&#8221;default&#8221; max_width_tablet=&#8221;&#8221; max_width_phone=&#8221;1080px&#8221; max_width_last_edited=&#8221;on|phone&#8221; custom_padding=&#8221;||31px|||&#8221; global_colors_info=&#8221;{}&#8221;][et_pb_column type=&#8221;4_4&#8243; _builder_version=&#8221;4.16&#8243; _module_preset=&#8221;default&#8221; global_colors_info=&#8221;{}&#8221;][et_pb_image src=&#8221;https:\/\/sintexmedical.com.br\/sintex\/wp-content\/uploads\/2023\/03\/Estenoseimg3.jpg&#8221; title_text=&#8221;Estenoseimg3&#8243; align=&#8221;center&#8221; _builder_version=&#8221;4.20.0&#8243; _module_preset=&#8221;default&#8221; width=&#8221;600px&#8221; width_tablet=&#8221;auto&#8221; width_phone=&#8221;100%&#8221; width_last_edited=&#8221;on|desktop&#8221; max_width=&#8221;1080px&#8221; global_colors_info=&#8221;{}&#8221;][\/et_pb_image][\/et_pb_column][\/et_pb_row][\/et_pb_section]<\/p>\n","protected":false},"excerpt":{"rendered":"<p>\u00a0Endoscopia de Coluna para Estenose Com o set de endoscopia para estenose de canal vertebral adicionado ao nosso portf\u00f3lio, a Sintex Medical, mant\u00e9m seu compromisso de oferecer aos cirurgi\u00f5es o que h\u00e1 de melhor para procedimentos da coluna vertebral. Pin\u00e7asInstrumentais<\/p>\n","protected":false},"author":1,"featured_media":0,"parent":0,"menu_order":0,"comment_status":"closed","ping_status":"closed","template":"","meta":{"_et_pb_use_builder":"on","_et_pb_old_content":"","_et_gb_content_width":"","footnotes":""},"class_list":["post-41226","page","type-page","status-publish","hentry"],"jetpack_sharing_enabled":true,"_links":{"self":[{"href":"https:\/\/sintexmedical.com.br\/sintex\/wp-json\/wp\/v2\/pages\/41226","targetHints":{"allow":["GET"]}}],"collection":[{"href":"https:\/\/sintexmedical.com.br\/sintex\/wp-json\/wp\/v2\/pages"}],"about":[{"href":"https:\/\/sintexmedical.com.br\/sintex\/wp-json\/wp\/v2\/types\/page"}],"author":[{"embeddable":true,"href":"https:\/\/sintexmedical.com.br\/sintex\/wp-json\/wp\/v2\/users\/1"}],"replies":[{"embeddable":true,"href":"https:\/\/sintexmedical.com.br\/sintex\/wp-json\/wp\/v2\/comments?post=41226"}],"version-history":[{"count":7,"href":"https:\/\/sintexmedical.com.br\/sintex\/wp-json\/wp\/v2\/pages\/41226\/revisions"}],"predecessor-version":[{"id":41242,"href":"https:\/\/sintexmedical.com.br\/sintex\/wp-json\/wp\/v2\/pages\/41226\/revisions\/41242"}],"wp:attachment":[{"href":"https:\/\/sintexmedical.com.br\/sintex\/wp-json\/wp\/v2\/media?parent=41226"}],"curies":[{"name":"wp","href":"https:\/\/api.w.org\/{rel}","templated":true}]}}