{"id":41364,"date":"2024-01-27T04:06:19","date_gmt":"2024-01-27T04:06:19","guid":{"rendered":"https:\/\/sintexmedical.com.br\/sintex\/?page_id=41364"},"modified":"2024-01-29T17:25:42","modified_gmt":"2024-01-29T17:25:42","slug":"responsesystem","status":"publish","type":"page","link":"https:\/\/sintexmedical.com.br\/sintex\/responsesystem\/","title":{"rendered":"Sistemas de Corre\u00e7\u00e3o para Escolioses Response System"},"content":{"rendered":"<p>[et_pb_section fb_built=&#8221;1&#8243; custom_padding_last_edited=&#8221;on|desktop&#8221; admin_label=&#8221;section&#8221; _builder_version=&#8221;4.16&#8243; custom_padding=&#8221;0|0px|31px|0px|false|false&#8221; custom_padding_tablet=&#8221;50px|0|50px|0&#8243; custom_padding_phone=&#8221;22px|0|50px|0|false|false&#8221; global_colors_info=&#8221;{}&#8221;][et_pb_row _builder_version=&#8221;4.16&#8243; global_colors_info=&#8221;{}&#8221;][et_pb_column type=&#8221;4_4&#8243; _builder_version=&#8221;4.16&#8243; custom_padding=&#8221;|||&#8221; global_colors_info=&#8221;{}&#8221; custom_padding__hover=&#8221;|||&#8221;][et_pb_text _builder_version=&#8221;4.24.0&#8243; text_font=&#8221;||||||||&#8221; header_line_height=&#8221;1.6em&#8221; header_3_line_height=&#8221;1.2em&#8221; custom_padding=&#8221;17px|10px|10px|10px&#8221; global_colors_info=&#8221;{}&#8221;]<\/p>\n<h3 style=\"text-align: center;\"><strong>Sistemas de Corre\u00e7\u00e3o para Escolioses Response System<\/strong><\/h3>\n<p>[\/et_pb_text][\/et_pb_column][\/et_pb_row][et_pb_row column_structure=&#8221;3_5,1_5,1_5&#8243; _builder_version=&#8221;4.16&#8243; custom_padding=&#8221;0|0px|6px|0px|false|false&#8221; global_colors_info=&#8221;{}&#8221;][et_pb_column type=&#8221;3_5&#8243; _builder_version=&#8221;4.16&#8243; custom_padding=&#8221;|||&#8221; global_colors_info=&#8221;{}&#8221; custom_padding__hover=&#8221;|||&#8221;][et_pb_text _builder_version=&#8221;4.24.0&#8243; text_text_color=&#8221;#000000&#8243; text_font_size=&#8221;17px&#8221; background_enable_color=&#8221;off&#8221; background_size=&#8221;initial&#8221; background_position=&#8221;top_left&#8221; background_repeat=&#8221;repeat&#8221; text_orientation=&#8221;justified&#8221; custom_margin=&#8221;0px|0px||0px||&#8221; text_font_size_tablet=&#8221;17px&#8221; global_colors_info=&#8221;{}&#8221;]<\/p>\n<p style=\"text-align: justify;\"><strong>Projetado com foco total nas escolioses, os sistemas RESPONSE 4,5\/5.0mm e 5.5\/6.0mm oferecem solu\u00e7\u00f5es simples e tecnologicamente avan\u00e7adas de instrumentais e implantes, para tratar deformidades da coluna vertebral.<\/strong><\/p>\n<p>[\/et_pb_text][\/et_pb_column][et_pb_column type=&#8221;1_5&#8243; _builder_version=&#8221;4.16&#8243; custom_padding=&#8221;|||&#8221; global_colors_info=&#8221;{}&#8221; custom_padding__hover=&#8221;|||&#8221;][et_pb_image src=&#8221;https:\/\/sintexmedical.com.br\/sintex\/wp-content\/uploads\/2024\/01\/orthopedriatrics.jpg&#8221; title_text=&#8221;orthopedriatrics&#8221; align=&#8221;center&#8221; _builder_version=&#8221;4.24.0&#8243; width_tablet=&#8221;86%&#8221; width_phone=&#8221;76%&#8221; width_last_edited=&#8221;on|desktop&#8221; module_alignment=&#8221;center&#8221; custom_margin=&#8221;10px||||false|false&#8221; custom_margin_tablet=&#8221;&#8221; custom_margin_phone=&#8221;&#8221; custom_margin_last_edited=&#8221;on|tablet&#8221; global_colors_info=&#8221;{}&#8221;][\/et_pb_image][\/et_pb_column][et_pb_column type=&#8221;1_5&#8243; _builder_version=&#8221;4.16&#8243; custom_padding=&#8221;|||&#8221; global_colors_info=&#8221;{}&#8221; custom_padding__hover=&#8221;|||&#8221;][et_pb_image src=&#8221;https:\/\/sintexmedical.com.br\/sintex\/wp-content\/uploads\/2024\/01\/logoeexclusivosintex-e1706545435558.jpg&#8221; title_text=&#8221;logoeexclusivosintex&#8221; _builder_version=&#8221;4.24.0&#8243; _module_preset=&#8221;default&#8221; width=&#8221;76%&#8221; width_tablet=&#8221;60%&#8221; width_phone=&#8221;41%&#8221; width_last_edited=&#8221;on|tablet&#8221; module_alignment=&#8221;center&#8221; global_colors_info=&#8221;{}&#8221;][\/et_pb_image][\/et_pb_column][\/et_pb_row][et_pb_row _builder_version=&#8221;4.16&#8243; custom_padding=&#8221;0px||18px|||&#8221; global_colors_info=&#8221;{}&#8221;][et_pb_column type=&#8221;4_4&#8243; _builder_version=&#8221;4.16&#8243; global_colors_info=&#8221;{}&#8221;][et_pb_divider _builder_version=&#8221;4.24.0&#8243; _module_preset=&#8221;default&#8221; global_colors_info=&#8221;{}&#8221;][\/et_pb_divider][et_pb_text _builder_version=&#8221;4.24.0&#8243; text_line_height=&#8221;2.4em&#8221; header_4_font=&#8221;Lato||||||||&#8221; header_4_line_height=&#8221;1.6em&#8221; background_enable_color=&#8221;off&#8221; background_layout=&#8221;light&#8221; custom_margin=&#8221;0px||0px|||&#8221; custom_padding=&#8221;10px|12px|0px|12px||&#8221; global_colors_info=&#8221;{}&#8221;]<\/p>\n<h4 style=\"text-align: center;\"><strong>Disponibilidade de parafusos de baixo perfil poliaxiais, uniaxiais, poliaxiais estendidos e uniaxiais estendidos, em variados di\u00e2metros e comprimentos.<\/strong><\/h4>\n<p>[\/et_pb_text][et_pb_gallery gallery_ids=&#8221;41374&#8243; fullwidth=&#8221;on&#8221; module_id=&#8221;myslidegallery&#8221; _builder_version=&#8221;4.24.0&#8243; width=&#8221;70%&#8221; width_tablet=&#8221;&#8221; width_phone=&#8221;100%&#8221; width_last_edited=&#8221;on|phone&#8221; module_alignment=&#8221;center&#8221; max_height=&#8221;434px&#8221; custom_margin=&#8221;2px||11px|||&#8221; custom_padding=&#8221;0px||0px|||&#8221; auto=&#8221;on&#8221; global_colors_info=&#8221;{}&#8221; overflow-y__hover_enabled=&#8221;off|desktop&#8221;][\/et_pb_gallery][et_pb_divider _builder_version=&#8221;4.24.0&#8243; _module_preset=&#8221;default&#8221; global_colors_info=&#8221;{}&#8221;][\/et_pb_divider][\/et_pb_column][\/et_pb_row][et_pb_row _builder_version=&#8221;4.24.0&#8243; custom_padding=&#8221;0px||18px|||&#8221; global_colors_info=&#8221;{}&#8221;][et_pb_column type=&#8221;4_4&#8243; _builder_version=&#8221;4.16&#8243; global_colors_info=&#8221;{}&#8221;][et_pb_text _builder_version=&#8221;4.24.0&#8243; text_line_height=&#8221;2.4em&#8221; header_4_font=&#8221;Lato||||||||&#8221; header_4_line_height=&#8221;1.6em&#8221; background_enable_color=&#8221;off&#8221; background_layout=&#8221;light&#8221; custom_margin=&#8221;0px||-1px|||&#8221; custom_padding=&#8221;10px|12px|0px|12px||&#8221; global_colors_info=&#8221;{}&#8221;]<\/p>\n<h4 style=\"text-align: center;\"><strong>Versatilidade de optar entre 2 di\u00e2metros diferentes de hastes, que se adaptam perfeitamente ao mesmo parafuso de cada sistema.<\/strong><\/h4>\n<p>[\/et_pb_text][et_pb_gallery gallery_ids=&#8221;41410&#8243; fullwidth=&#8221;on&#8221; module_id=&#8221;myslidegallery&#8221; _builder_version=&#8221;4.24.0&#8243; width=&#8221;70%&#8221; width_tablet=&#8221;&#8221; width_phone=&#8221;100%&#8221; width_last_edited=&#8221;on|phone&#8221; module_alignment=&#8221;center&#8221; max_height=&#8221;434px&#8221; custom_margin=&#8221;2px||11px|||&#8221; custom_padding=&#8221;0px||0px|||&#8221; auto=&#8221;on&#8221; global_colors_info=&#8221;{}&#8221; overflow-y__hover_enabled=&#8221;off|desktop&#8221;][\/et_pb_gallery][\/et_pb_column][\/et_pb_row][et_pb_row _builder_version=&#8221;4.16&#8243; custom_padding=&#8221;0px||12px|||&#8221; global_colors_info=&#8221;{}&#8221;][et_pb_column type=&#8221;4_4&#8243; _builder_version=&#8221;4.16&#8243; global_colors_info=&#8221;{}&#8221;][et_pb_divider _builder_version=&#8221;4.24.0&#8243; _module_preset=&#8221;default&#8221; custom_margin=&#8221;||18px|||&#8221; global_colors_info=&#8221;{}&#8221;][\/et_pb_divider][et_pb_text _builder_version=&#8221;4.24.0&#8243; text_line_height=&#8221;2.4em&#8221; header_4_font=&#8221;Lato||||||||&#8221; header_4_line_height=&#8221;1.6em&#8221; background_enable_color=&#8221;off&#8221; background_layout=&#8221;light&#8221; custom_margin=&#8221;0px||0px|||&#8221; custom_padding=&#8221;10px|12px|0px|12px||&#8221; global_colors_info=&#8221;{}&#8221;]<\/p>\n<h4 style=\"text-align: center;\"><strong>Hastes com zona de transi\u00e7\u00e3o de Tit\u00e2nio e Cromo-Cobalto<\/strong><\/h4>\n<p>[\/et_pb_text][et_pb_gallery gallery_ids=&#8221;41378&#8243; fullwidth=&#8221;on&#8221; module_id=&#8221;myslidegallery&#8221; _builder_version=&#8221;4.24.0&#8243; width=&#8221;70%&#8221; width_tablet=&#8221;&#8221; width_phone=&#8221;100%&#8221; width_last_edited=&#8221;on|phone&#8221; module_alignment=&#8221;center&#8221; max_height=&#8221;434px&#8221; custom_margin=&#8221;2px||11px|||&#8221; custom_padding=&#8221;0px||0px|||&#8221; auto=&#8221;on&#8221; global_colors_info=&#8221;{}&#8221; overflow-y__hover_enabled=&#8221;off|desktop&#8221;][\/et_pb_gallery][\/et_pb_column][\/et_pb_row][et_pb_row disabled_on=&#8221;on|off|off&#8221; _builder_version=&#8221;4.24.0&#8243; custom_margin=&#8221;25px|auto||auto||&#8221; custom_padding=&#8221;0px||18px|||&#8221; global_colors_info=&#8221;{}&#8221;][et_pb_column type=&#8221;4_4&#8243; _builder_version=&#8221;4.16&#8243; global_colors_info=&#8221;{}&#8221;][et_pb_divider _builder_version=&#8221;4.24.0&#8243; _module_preset=&#8221;default&#8221; global_colors_info=&#8221;{}&#8221;][\/et_pb_divider][et_pb_text _builder_version=&#8221;4.24.0&#8243; text_line_height=&#8221;2.4em&#8221; header_4_font=&#8221;Lato||||||||&#8221; header_4_line_height=&#8221;1.6em&#8221; background_enable_color=&#8221;off&#8221; background_layout=&#8221;light&#8221; custom_margin=&#8221;0px||0px|||&#8221; custom_padding=&#8221;10px|12px|0px|12px||&#8221; global_colors_info=&#8221;{}&#8221;]<\/p>\n<h4 style=\"text-align: center;\"><strong>V\u00e1rias op\u00e7\u00f5es de redu\u00e7\u00e3o de haste<\/strong><\/h4>\n<p>[\/et_pb_text][et_pb_gallery gallery_ids=&#8221;41382&#8243; fullwidth=&#8221;on&#8221; module_id=&#8221;myslidegallery&#8221; _builder_version=&#8221;4.24.0&#8243; width=&#8221;70%&#8221; width_tablet=&#8221;&#8221; width_phone=&#8221;&#8221; width_last_edited=&#8221;on|phone&#8221; module_alignment=&#8221;center&#8221; max_height=&#8221;434px&#8221; custom_margin=&#8221;2px||11px|||&#8221; custom_padding=&#8221;0px||0px|||&#8221; auto=&#8221;on&#8221; global_colors_info=&#8221;{}&#8221; overflow-y__hover_enabled=&#8221;off|desktop&#8221;][\/et_pb_gallery][et_pb_divider _builder_version=&#8221;4.24.0&#8243; _module_preset=&#8221;default&#8221; global_colors_info=&#8221;{}&#8221;][\/et_pb_divider][\/et_pb_column][\/et_pb_row][et_pb_row disabled_on=&#8221;off|on|on&#8221; _builder_version=&#8221;4.24.0&#8243; custom_margin=&#8221;25px|auto||auto||&#8221; custom_padding=&#8221;0px||18px|||&#8221; global_colors_info=&#8221;{}&#8221;][et_pb_column type=&#8221;4_4&#8243; _builder_version=&#8221;4.16&#8243; global_colors_info=&#8221;{}&#8221;][et_pb_text _builder_version=&#8221;4.24.0&#8243; text_line_height=&#8221;2.4em&#8221; header_4_font=&#8221;Lato||||||||&#8221; header_4_line_height=&#8221;1.6em&#8221; background_enable_color=&#8221;off&#8221; background_layout=&#8221;light&#8221; custom_margin=&#8221;0px||0px|||&#8221; custom_padding=&#8221;10px|12px|0px|12px||&#8221; global_colors_info=&#8221;{}&#8221;]<\/p>\n<h4 style=\"text-align: center;\"><strong>V\u00e1rias op\u00e7\u00f5es de redu\u00e7\u00e3o de haste<\/strong><\/h4>\n<p>[\/et_pb_text][et_pb_gallery gallery_ids=&#8221;41386&#8243; fullwidth=&#8221;on&#8221; disabled_on=&#8221;off|off|off&#8221; module_id=&#8221;myslidegallery&#8221; _builder_version=&#8221;4.24.0&#8243; width=&#8221;77%&#8221; width_tablet=&#8221;&#8221; width_phone=&#8221;100%&#8221; width_last_edited=&#8221;on|phone&#8221; module_alignment=&#8221;center&#8221; max_height=&#8221;500px&#8221; custom_margin=&#8221;2px||11px|||&#8221; custom_padding=&#8221;0px||0px|||&#8221; auto=&#8221;on&#8221; global_colors_info=&#8221;{}&#8221; overflow-y__hover_enabled=&#8221;off|desktop&#8221;][\/et_pb_gallery][\/et_pb_column][\/et_pb_row][et_pb_row _builder_version=&#8221;4.16&#8243; custom_margin=&#8221;25px|auto||auto||&#8221; custom_padding=&#8221;0px||18px|||&#8221; global_colors_info=&#8221;{}&#8221;][et_pb_column type=&#8221;4_4&#8243; _builder_version=&#8221;4.16&#8243; global_colors_info=&#8221;{}&#8221;][et_pb_text _builder_version=&#8221;4.24.0&#8243; text_line_height=&#8221;2.4em&#8221; header_4_font=&#8221;Lato||||||||&#8221; header_4_line_height=&#8221;1.6em&#8221; background_enable_color=&#8221;off&#8221; background_layout=&#8221;light&#8221; max_width=&#8221;70%&#8221; max_width_tablet=&#8221;70%&#8221; max_width_phone=&#8221;100%&#8221; max_width_last_edited=&#8221;on|phone&#8221; module_alignment=&#8221;center&#8221; custom_margin=&#8221;0px||0px|||&#8221; custom_padding=&#8221;10px|12px|0px|12px||&#8221; global_colors_info=&#8221;{}&#8221;]<\/p>\n<h4 style=\"text-align: center;\"><strong>Derrota\u00e7\u00e3o<\/strong><\/h4>\n<p>[\/et_pb_text][et_pb_text _builder_version=&#8221;4.24.0&#8243; text_text_color=&#8221;#000000&#8243; text_font_size=&#8221;17px&#8221; text_line_height=&#8221;1.6em&#8221; header_4_font=&#8221;Lato||||||||&#8221; header_4_line_height=&#8221;1.6em&#8221; background_enable_color=&#8221;off&#8221; background_layout=&#8221;light&#8221; max_width=&#8221;70%&#8221; max_width_tablet=&#8221;70%&#8221; max_width_phone=&#8221;100%&#8221; max_width_last_edited=&#8221;on|phone&#8221; module_alignment=&#8221;center&#8221; custom_margin=&#8221;0px||0px|||&#8221; custom_padding=&#8221;0px|12px|0px|12px|false|false&#8221; global_colors_info=&#8221;{}&#8221;]<\/p>\n<p style=\"text-align: center;\"><strong>M\u00faltiplas op\u00e7\u00f5es de derrota\u00e7\u00e3o para combinar com sua t\u00e9cnica, incluindo segmentar, em bloco e haste diferencial.<\/strong><\/p>\n<p>[\/et_pb_text][et_pb_gallery gallery_ids=&#8221;41391&#8243; fullwidth=&#8221;on&#8221; module_id=&#8221;myslidegallery&#8221; _builder_version=&#8221;4.24.0&#8243; width=&#8221;70%&#8221; width_tablet=&#8221;&#8221; width_phone=&#8221;&#8221; width_last_edited=&#8221;on|phone&#8221; module_alignment=&#8221;center&#8221; max_height=&#8221;434px&#8221; custom_margin=&#8221;2px||11px|||&#8221; custom_padding=&#8221;0px||0px|||&#8221; auto=&#8221;on&#8221; global_colors_info=&#8221;{}&#8221; overflow-y__hover_enabled=&#8221;off|desktop&#8221;][\/et_pb_gallery][et_pb_divider _builder_version=&#8221;4.24.0&#8243; _module_preset=&#8221;default&#8221; global_colors_info=&#8221;{}&#8221;][\/et_pb_divider][\/et_pb_column][\/et_pb_row][et_pb_row disabled_on=&#8221;on|off|off&#8221; _builder_version=&#8221;4.24.0&#8243; custom_margin=&#8221;25px|auto||auto||&#8221; custom_padding=&#8221;0px||18px|||&#8221; global_colors_info=&#8221;{}&#8221;][et_pb_column type=&#8221;4_4&#8243; _builder_version=&#8221;4.16&#8243; global_colors_info=&#8221;{}&#8221;][et_pb_text _builder_version=&#8221;4.24.0&#8243; text_line_height=&#8221;2.4em&#8221; header_4_font=&#8221;Lato||||||||&#8221; header_4_line_height=&#8221;1.6em&#8221; background_enable_color=&#8221;off&#8221; background_layout=&#8221;light&#8221; custom_margin=&#8221;0px||0px|||&#8221; custom_padding=&#8221;10px|12px|0px|12px||&#8221; global_colors_info=&#8221;{}&#8221;]<\/p>\n<h4 style=\"text-align: center;\"><strong>Ampla gama de conectores<\/strong><\/h4>\n<p>[\/et_pb_text][et_pb_gallery gallery_ids=&#8221;41396&#8243; fullwidth=&#8221;on&#8221; module_id=&#8221;myslidegallery&#8221; _builder_version=&#8221;4.24.0&#8243; width=&#8221;70%&#8221; width_tablet=&#8221;&#8221; width_phone=&#8221;&#8221; width_last_edited=&#8221;on|phone&#8221; module_alignment=&#8221;center&#8221; max_height=&#8221;434px&#8221; custom_margin=&#8221;2px||11px|||&#8221; custom_padding=&#8221;0px||0px|||&#8221; auto=&#8221;on&#8221; global_colors_info=&#8221;{}&#8221; overflow-y__hover_enabled=&#8221;off|desktop&#8221;][\/et_pb_gallery][et_pb_divider _builder_version=&#8221;4.24.0&#8243; _module_preset=&#8221;default&#8221; global_colors_info=&#8221;{}&#8221;][\/et_pb_divider][\/et_pb_column][\/et_pb_row][et_pb_row disabled_on=&#8221;on|off|off&#8221; _builder_version=&#8221;4.24.0&#8243; custom_margin=&#8221;25px|auto||auto||&#8221; custom_padding=&#8221;0px||18px|||&#8221; global_colors_info=&#8221;{}&#8221;][et_pb_column type=&#8221;4_4&#8243; _builder_version=&#8221;4.16&#8243; global_colors_info=&#8221;{}&#8221;][et_pb_text _builder_version=&#8221;4.24.0&#8243; text_line_height=&#8221;2.4em&#8221; header_4_font=&#8221;Lato||||||||&#8221; header_4_line_height=&#8221;1.6em&#8221; background_enable_color=&#8221;off&#8221; background_layout=&#8221;light&#8221; custom_margin=&#8221;0px||0px|||&#8221; custom_padding=&#8221;10px|12px|0px|12px||&#8221; global_colors_info=&#8221;{}&#8221;]<\/p>\n<h4 style=\"text-align: center;\"><strong>Instrumentais simples, pr\u00e1ticos e tecnologicamente avan\u00e7ados<\/strong><\/h4>\n<p>[\/et_pb_text][et_pb_gallery gallery_ids=&#8221;41398&#8243; fullwidth=&#8221;on&#8221; module_id=&#8221;myslidegallery&#8221; _builder_version=&#8221;4.24.0&#8243; width=&#8221;70%&#8221; width_tablet=&#8221;&#8221; width_phone=&#8221;&#8221; width_last_edited=&#8221;on|phone&#8221; module_alignment=&#8221;center&#8221; max_height=&#8221;434px&#8221; custom_margin=&#8221;2px||11px|||&#8221; custom_padding=&#8221;0px||0px|||&#8221; auto=&#8221;on&#8221; global_colors_info=&#8221;{}&#8221; overflow-y__hover_enabled=&#8221;off|desktop&#8221;][\/et_pb_gallery][\/et_pb_column][\/et_pb_row][et_pb_row disabled_on=&#8221;off|on|on&#8221; _builder_version=&#8221;4.24.0&#8243; custom_margin=&#8221;25px|auto||auto||&#8221; custom_padding=&#8221;0px||18px|||&#8221; global_colors_info=&#8221;{}&#8221;][et_pb_column type=&#8221;4_4&#8243; _builder_version=&#8221;4.16&#8243; global_colors_info=&#8221;{}&#8221;][et_pb_text _builder_version=&#8221;4.24.0&#8243; text_line_height=&#8221;2.4em&#8221; header_4_font=&#8221;Lato||||||||&#8221; header_4_line_height=&#8221;1.6em&#8221; background_enable_color=&#8221;off&#8221; background_layout=&#8221;light&#8221; custom_margin=&#8221;0px||0px|||&#8221; custom_padding=&#8221;10px|12px|0px|12px||&#8221; global_colors_info=&#8221;{}&#8221;]<\/p>\n<h4 style=\"text-align: center;\"><strong>Instrumentais simples, pr\u00e1ticos e tecnologicamente avan\u00e7ados<\/strong><\/h4>\n<p>[\/et_pb_text][et_pb_gallery gallery_ids=&#8221;41397&#8243; fullwidth=&#8221;on&#8221; disabled_on=&#8221;off|off|off&#8221; module_id=&#8221;myslidegallery&#8221; _builder_version=&#8221;4.24.0&#8243; width=&#8221;77%&#8221; width_tablet=&#8221;&#8221; width_phone=&#8221;100%&#8221; width_last_edited=&#8221;on|phone&#8221; module_alignment=&#8221;center&#8221; max_height=&#8221;500px&#8221; custom_margin=&#8221;2px||11px|||&#8221; custom_padding=&#8221;0px||0px|||&#8221; auto=&#8221;on&#8221; global_colors_info=&#8221;{}&#8221; overflow-y__hover_enabled=&#8221;off|desktop&#8221;][\/et_pb_gallery][\/et_pb_column][\/et_pb_row][\/et_pb_section][et_pb_section fb_built=&#8221;1&#8243; custom_padding_last_edited=&#8221;on|desktop&#8221; disabled_on=&#8221;on|on|on&#8221; _builder_version=&#8221;4.24.0&#8243; custom_padding=&#8221;16px|0px|5px|0px|false|false&#8221; custom_padding_tablet=&#8221;0px|0|14px|0|false|false&#8221; custom_padding_phone=&#8221;0px|0|0px|0|false|false&#8221; disabled=&#8221;on&#8221; global_colors_info=&#8221;{}&#8221;][et_pb_row _builder_version=&#8221;4.16&#8243; custom_margin=&#8221;|auto|-8px|auto||&#8221; custom_padding=&#8221;16px|||||&#8221; global_colors_info=&#8221;{}&#8221;][et_pb_column type=&#8221;4_4&#8243; _builder_version=&#8221;4.16&#8243; global_colors_info=&#8221;{}&#8221;][et_pb_button button_url=&#8221;https:\/\/www.meditec.med.br\/wp-content\/uploads\/2024\/01\/2-Instrucoes-de-Uso.pdf&#8221; button_text=&#8221;Download \u00b7 Instru\u00e7\u00f5es de Uso&#8221; button_alignment=&#8221;center&#8221; _builder_version=&#8221;4.23.4&#8243; _module_preset=&#8221;default&#8221; custom_button=&#8221;on&#8221; button_text_size=&#8221;21px&#8221; button_text_color=&#8221;#ffffff&#8221; button_bg_color=&#8221;#33aca5&#8243; button_border_width=&#8221;3px&#8221; button_border_radius=&#8221;9px&#8221; button_use_icon=&#8221;off&#8221; button_text_shadow_style=&#8221;preset1&#8243; global_colors_info=&#8221;{}&#8221;][\/et_pb_button][\/et_pb_column][\/et_pb_row][\/et_pb_section][et_pb_section fb_built=&#8221;1&#8243; _builder_version=&#8221;4.16&#8243; custom_padding=&#8221;0|0px|0|0px|false|false&#8221; saved_tabs=&#8221;all&#8221; global_colors_info=&#8221;{}&#8221;][et_pb_row _builder_version=&#8221;4.16&#8243; custom_padding=&#8221;4px|0px|4px|0px|false|false&#8221; global_colors_info=&#8221;{}&#8221;][et_pb_column type=&#8221;4_4&#8243; _builder_version=&#8221;4.16&#8243; custom_padding=&#8221;|||&#8221; global_colors_info=&#8221;{}&#8221; custom_padding__hover=&#8221;|||&#8221;][et_pb_text _builder_version=&#8221;4.23.4&#8243; text_text_color=&#8221;#276E6A&#8221; text_font_size=&#8221;16px&#8221; background_enable_color=&#8221;off&#8221; global_colors_info=&#8221;{}&#8221;]<\/p>\n<p style=\"text-align: center;\">Sintex Medical \u00ae<\/p>\n<p>[\/et_pb_text][\/et_pb_column][\/et_pb_row][\/et_pb_section]<\/p>\n","protected":false},"excerpt":{"rendered":"<p>Sistemas de Corre\u00e7\u00e3o para Escolioses Response SystemProjetado com foco total nas escolioses, os sistemas RESPONSE 4,5\/5.0mm e 5.5\/6.0mm oferecem solu\u00e7\u00f5es simples e tecnologicamente avan\u00e7adas de instrumentais e implantes, para tratar deformidades da coluna vertebral.Disponibilidade de parafusos de baixo perfil poliaxiais, uniaxiais, poliaxiais estendidos e uniaxiais estendidos, em variados di\u00e2metros e comprimentos.Versatilidade de optar entre 2 [&hellip;]<\/p>\n","protected":false},"author":1,"featured_media":0,"parent":0,"menu_order":0,"comment_status":"closed","ping_status":"closed","template":"","meta":{"_et_pb_use_builder":"on","_et_pb_old_content":"","_et_gb_content_width":"","footnotes":""},"class_list":["post-41364","page","type-page","status-publish","hentry"],"jetpack_sharing_enabled":true,"_links":{"self":[{"href":"https:\/\/sintexmedical.com.br\/sintex\/wp-json\/wp\/v2\/pages\/41364","targetHints":{"allow":["GET"]}}],"collection":[{"href":"https:\/\/sintexmedical.com.br\/sintex\/wp-json\/wp\/v2\/pages"}],"about":[{"href":"https:\/\/sintexmedical.com.br\/sintex\/wp-json\/wp\/v2\/types\/page"}],"author":[{"embeddable":true,"href":"https:\/\/sintexmedical.com.br\/sintex\/wp-json\/wp\/v2\/users\/1"}],"replies":[{"embeddable":true,"href":"https:\/\/sintexmedical.com.br\/sintex\/wp-json\/wp\/v2\/comments?post=41364"}],"version-history":[{"count":34,"href":"https:\/\/sintexmedical.com.br\/sintex\/wp-json\/wp\/v2\/pages\/41364\/revisions"}],"predecessor-version":[{"id":41429,"href":"https:\/\/sintexmedical.com.br\/sintex\/wp-json\/wp\/v2\/pages\/41364\/revisions\/41429"}],"wp:attachment":[{"href":"https:\/\/sintexmedical.com.br\/sintex\/wp-json\/wp\/v2\/media?parent=41364"}],"curies":[{"name":"wp","href":"https:\/\/api.w.org\/{rel}","templated":true}]}}