{"id":41471,"date":"2024-02-28T19:16:20","date_gmt":"2024-02-28T19:16:20","guid":{"rendered":"https:\/\/sintexmedical.com.br\/sintex\/?page_id=41471"},"modified":"2024-11-14T17:08:33","modified_gmt":"2024-11-14T17:08:33","slug":"lamina-slim-cut","status":"publish","type":"page","link":"https:\/\/sintexmedical.com.br\/sintex\/lamina-slim-cut\/","title":{"rendered":"L\u00e2mina SLIM CUT"},"content":{"rendered":"<p>[et_pb_section fb_built=&#8221;1&#8243; _builder_version=&#8221;4.16&#8243; custom_padding=&#8221;0|0px|0|0px|false|false&#8221; global_colors_info=&#8221;{}&#8221;][et_pb_row disabled_on=&#8221;on|on|off&#8221; _builder_version=&#8221;4.16&#8243; global_colors_info=&#8221;{}&#8221;][et_pb_column type=&#8221;4_4&#8243; _builder_version=&#8221;4.16&#8243; custom_padding=&#8221;|||&#8221; global_colors_info=&#8221;{}&#8221; custom_padding__hover=&#8221;|||&#8221;][et_pb_text _builder_version=&#8221;4.27.2&#8243; text_font=&#8221;||||||||&#8221; custom_padding=&#8221;17px|10px|10px|10px&#8221; hover_enabled=&#8221;0&#8243; global_colors_info=&#8221;{}&#8221; sticky_enabled=&#8221;0&#8243;]<\/p>\n<h3><b>L\u00e2mina SLIM CUT<\/b><\/h3>\n<p>[\/et_pb_text][\/et_pb_column][\/et_pb_row][et_pb_row column_structure=&#8221;1_3,2_3&#8243; disabled_on=&#8221;off|off|off&#8221; _builder_version=&#8221;4.16&#8243; custom_padding=&#8221;10px|0px|0px|0px|false|false&#8221; global_colors_info=&#8221;{}&#8221;][et_pb_column type=&#8221;1_3&#8243; _builder_version=&#8221;4.16&#8243; custom_padding=&#8221;|||&#8221; global_colors_info=&#8221;{}&#8221; custom_padding__hover=&#8221;|||&#8221;][et_pb_text disabled_on=&#8221;on|on|off&#8221; _builder_version=&#8221;4.16&#8243; text_text_color=&#8221;#276E6A&#8221; text_font_size=&#8221;19px&#8221; text_line_height=&#8221;1em&#8221; background_enable_color=&#8221;off&#8221; custom_margin=&#8221;||-8px||false|false&#8221; custom_padding=&#8221;10px|12px|10px|12px|false|false&#8221; global_colors_info=&#8221;{}&#8221;]<\/p>\n<p style=\"text-align: center;\"><strong>LINHA CR\u00c2NIO<\/strong><\/p>\n<p>[\/et_pb_text][et_pb_sidebar area=&#8221;et_pb_widget_area_7&#8243; disabled_on=&#8221;on|on|off&#8221; _builder_version=&#8221;4.16&#8243; custom_margin=&#8221;9px||||false|false&#8221; custom_margin_tablet=&#8221;&#8221; custom_margin_phone=&#8221;&#8221; custom_margin_last_edited=&#8221;on|desktop&#8221; custom_padding=&#8221;22px|||25px|false|false&#8221; global_colors_info=&#8221;{}&#8221;][\/et_pb_sidebar][\/et_pb_column][et_pb_column type=&#8221;2_3&#8243; _builder_version=&#8221;4.16&#8243; custom_padding=&#8221;|||&#8221; global_colors_info=&#8221;{}&#8221; custom_padding__hover=&#8221;|||&#8221;][et_pb_text disabled_on=&#8221;off|off|on&#8221; _builder_version=&#8221;4.27.2&#8243; text_font=&#8221;||||||||&#8221; custom_padding=&#8221;17px|10px|10px|10px&#8221; hover_enabled=&#8221;0&#8243; global_colors_info=&#8221;{}&#8221; sticky_enabled=&#8221;0&#8243;]<\/p>\n<h3><b>L\u00e2mina SLIM CUT<\/b><\/h3>\n<p>[\/et_pb_text][et_pb_gallery gallery_ids=&#8221;41473&#8243; fullwidth=&#8221;on&#8221; _builder_version=&#8221;4.24.2&#8243; auto=&#8221;on&#8221; border_radii=&#8221;on|8px|8px|8px|8px&#8221; box_shadow_style=&#8221;preset1&#8243; global_colors_info=&#8221;{}&#8221;][\/et_pb_gallery][et_pb_text _builder_version=&#8221;4.24.2&#8243; text_text_color=&#8221;#276E6A&#8221; text_font_size=&#8221;16px&#8221; background_enable_color=&#8221;off&#8221; text_orientation=&#8221;left&#8221; background_layout=&#8221;light&#8221; custom_margin=&#8221;0px||0px|||&#8221; global_colors_info=&#8221;{}&#8221;]<\/p>\n<p><b>Ponta afiada reta, comprimento de 3.2mm<\/b><\/p>\n<p><strong>Indica\u00e7\u00f5es<\/strong><\/p>\n<ul>\n<li>Aneurisma;<\/li>\n<li>Malforma\u00e7\u00e3o arteriovenosa (AVC);<\/li>\n<li>Descompress\u00e3o microvascular;<\/li>\n<li>Neuroma Ac\u00fastico;<\/li>\n<li>Craniofaringioma aberto;<\/li>\n<li>Meningioma;<\/li>\n<li>Tumor espinhal;<\/li>\n<li>Dissectomia cervical anterior e fus\u00e3o.<\/li>\n<\/ul>\n<p style=\"text-align: justify;\">As l\u00e2minas SLIM CUT s\u00e3o embaladas assepticamente para uso \u00fanico e s\u00e3o indicadas para procedimentos cir\u00fargicos pedi\u00e1tricos e adultos. S\u00e3o fornecidas em embalagem individual, esterilizadas e montadas; n\u00e3o requer montagem em campo est\u00e9ril.<\/p>\n<p style=\"text-align: justify;\">Com uma precis\u00e3o acentuada e diferentes formas, garantem facilidade de utiliza\u00e7\u00e3o e efici\u00eancia de trabalho que dificilmente podem ser fornecidas por bisturis convencionais.<\/p>\n<p>[\/et_pb_text][\/et_pb_column][\/et_pb_row][et_pb_row _builder_version=&#8221;4.16&#8243; custom_padding=&#8221;27px|0px|0|0px|false|false&#8221; global_colors_info=&#8221;{}&#8221;][et_pb_column type=&#8221;4_4&#8243; _builder_version=&#8221;4.16&#8243; custom_padding=&#8221;|||&#8221; global_colors_info=&#8221;{}&#8221; custom_padding__hover=&#8221;|||&#8221;][et_pb_text _builder_version=&#8221;4.24.2&#8243; text_text_color=&#8221;#276E6A&#8221; text_font_size=&#8221;16px&#8221; background_enable_color=&#8221;off&#8221; global_colors_info=&#8221;{}&#8221;]<\/p>\n<p style=\"text-align: center;\">Sintex Medical \u00ae<\/p>\n<p>[\/et_pb_text][\/et_pb_column][\/et_pb_row][\/et_pb_section]<\/p>\n","protected":false},"excerpt":{"rendered":"<p>L\u00e2mina SLIM CUTLINHA CR\u00c2NIOL\u00e2mina SLIM CUTPonta afiada reta, comprimento de 3.2mm Indica\u00e7\u00f5es Aneurisma; Malforma\u00e7\u00e3o arteriovenosa (AVC); Descompress\u00e3o microvascular; Neuroma Ac\u00fastico; Craniofaringioma aberto; Meningioma; Tumor espinhal; Dissectomia cervical anterior e fus\u00e3o. As l\u00e2minas SLIM CUT s\u00e3o embaladas assepticamente para uso \u00fanico e s\u00e3o indicadas para procedimentos cir\u00fargicos pedi\u00e1tricos e adultos. S\u00e3o fornecidas em embalagem individual, esterilizadas [&hellip;]<\/p>\n","protected":false},"author":1,"featured_media":0,"parent":0,"menu_order":0,"comment_status":"closed","ping_status":"closed","template":"","meta":{"_et_pb_use_builder":"on","_et_pb_old_content":"","_et_gb_content_width":"","footnotes":""},"class_list":["post-41471","page","type-page","status-publish","hentry"],"jetpack_sharing_enabled":true,"_links":{"self":[{"href":"https:\/\/sintexmedical.com.br\/sintex\/wp-json\/wp\/v2\/pages\/41471","targetHints":{"allow":["GET"]}}],"collection":[{"href":"https:\/\/sintexmedical.com.br\/sintex\/wp-json\/wp\/v2\/pages"}],"about":[{"href":"https:\/\/sintexmedical.com.br\/sintex\/wp-json\/wp\/v2\/types\/page"}],"author":[{"embeddable":true,"href":"https:\/\/sintexmedical.com.br\/sintex\/wp-json\/wp\/v2\/users\/1"}],"replies":[{"embeddable":true,"href":"https:\/\/sintexmedical.com.br\/sintex\/wp-json\/wp\/v2\/comments?post=41471"}],"version-history":[{"count":5,"href":"https:\/\/sintexmedical.com.br\/sintex\/wp-json\/wp\/v2\/pages\/41471\/revisions"}],"predecessor-version":[{"id":41665,"href":"https:\/\/sintexmedical.com.br\/sintex\/wp-json\/wp\/v2\/pages\/41471\/revisions\/41665"}],"wp:attachment":[{"href":"https:\/\/sintexmedical.com.br\/sintex\/wp-json\/wp\/v2\/media?parent=41471"}],"curies":[{"name":"wp","href":"https:\/\/api.w.org\/{rel}","templated":true}]}}