{"id":41476,"date":"2024-02-28T19:23:20","date_gmt":"2024-02-28T19:23:20","guid":{"rendered":"https:\/\/sintexmedical.com.br\/sintex\/?page_id=41476"},"modified":"2024-02-28T19:31:36","modified_gmt":"2024-02-28T19:31:36","slug":"ponteira-flush-cut-reto-2","status":"publish","type":"page","link":"https:\/\/sintexmedical.com.br\/sintex\/ponteira-flush-cut-reto-2\/","title":{"rendered":"PONTEIRA FLUSH CUT RETO"},"content":{"rendered":"<p>[et_pb_section fb_built=&#8221;1&#8243; _builder_version=&#8221;4.16&#8243; custom_padding=&#8221;0|0px|0|0px|false|false&#8221; global_colors_info=&#8221;{}&#8221;][et_pb_row disabled_on=&#8221;on|on|off&#8221; _builder_version=&#8221;4.16&#8243; global_colors_info=&#8221;{}&#8221;][et_pb_column type=&#8221;4_4&#8243; _builder_version=&#8221;4.16&#8243; custom_padding=&#8221;|||&#8221; global_colors_info=&#8221;{}&#8221; custom_padding__hover=&#8221;|||&#8221;][et_pb_text _builder_version=&#8221;4.21.0&#8243; text_font=&#8221;||||||||&#8221; custom_padding=&#8221;17px|10px|10px|10px&#8221; text_text_shadow_style=&#8221;preset1&#8243; box_shadow_style=&#8221;preset3&#8243; global_colors_info=&#8221;{}&#8221;]<\/p>\n<h3><strong>Ponteira Flush Cut Reto<\/strong><\/h3>\n<p>[\/et_pb_text][\/et_pb_column][\/et_pb_row][et_pb_row column_structure=&#8221;1_3,2_3&#8243; disabled_on=&#8221;off|off|off&#8221; _builder_version=&#8221;4.19.4&#8243; custom_padding=&#8221;10px|0px|0px|0px|false|false&#8221; global_colors_info=&#8221;{}&#8221;][et_pb_column type=&#8221;1_3&#8243; _builder_version=&#8221;4.16&#8243; custom_padding=&#8221;|||&#8221; global_colors_info=&#8221;{}&#8221; custom_padding__hover=&#8221;|||&#8221;][et_pb_text disabled_on=&#8221;on|on|off&#8221; _builder_version=&#8221;4.24.2&#8243; text_text_color=&#8221;#474747&#8243; background_enable_color=&#8221;off&#8221; custom_margin=&#8221;||5px|&#8221; custom_padding=&#8221;10px|12px|0px|12px||&#8221; global_colors_info=&#8221;{}&#8221;]<\/p>\n<p style=\"text-align: center;\"><strong>LINHA CR\u00c2NIO<\/strong><\/p>\n<p>[\/et_pb_text][et_pb_sidebar area=&#8221;et_pb_widget_area_7&#8243; disabled_on=&#8221;on|on|off&#8221; _builder_version=&#8221;4.24.2&#8243; global_colors_info=&#8221;{}&#8221;][\/et_pb_sidebar][\/et_pb_column][et_pb_column type=&#8221;2_3&#8243; _builder_version=&#8221;4.16&#8243; custom_padding=&#8221;|||&#8221; global_colors_info=&#8221;{}&#8221; custom_padding__hover=&#8221;|||&#8221;][et_pb_text disabled_on=&#8221;off|off|on&#8221; _builder_version=&#8221;4.21.0&#8243; text_font=&#8221;||||||||&#8221; header_3_line_height=&#8221;1.4em&#8221; custom_padding=&#8221;17px|10px|10px|10px&#8221; text_text_shadow_style=&#8221;preset1&#8243; box_shadow_style=&#8221;preset3&#8243; global_colors_info=&#8221;{}&#8221;]<\/p>\n<h3><strong>Ponteira Flush Cut Reto<\/strong><\/h3>\n<p>[\/et_pb_text][et_pb_gallery gallery_ids=&#8221;41307&#8243; fullwidth=&#8221;on&#8221; disabled_on=&#8221;off|off|off&#8221; _builder_version=&#8221;4.21.0&#8243; auto=&#8221;on&#8221; border_radii=&#8221;on|8px|8px|8px|8px&#8221; box_shadow_style=&#8221;preset1&#8243; global_colors_info=&#8221;{}&#8221;][\/et_pb_gallery][et_pb_text _builder_version=&#8221;4.24.2&#8243; text_text_color=&#8221;#474747&#8243; text_font_size=&#8221;17px&#8221; text_line_height=&#8221;1.7em&#8221; background_enable_color=&#8221;off&#8221; custom_margin=&#8221;0px||-1px|||&#8221; hover_enabled=&#8221;0&#8243; text_font_size_tablet=&#8221;&#8221; text_font_size_phone=&#8221;16px&#8221; text_font_size_last_edited=&#8221;on|phone&#8221; global_colors_info=&#8221;{}&#8221; sticky_enabled=&#8221;0&#8243;]<\/p>\n<div dir=\"ltr\" gmail_original=\"1\" style=\"text-align: left;\">\n<p style=\"text-align: justify;\">A Ponteira Flush Razek possui a fun\u00e7\u00e3o de irriga\u00e7\u00e3o e suc\u00e7\u00e3o na ponteira ativa, que pode, simultaneamente, realizar abla\u00e7\u00e3o, coagula\u00e7\u00e3o, corte e cauteriza\u00e7\u00e3o de tecidos. A irriga\u00e7\u00e3o \u00e9 realizada por gravidade e a suc\u00e7\u00e3o, interligado ao aspirador hospitalar, \u00e9 controlado pelo cirurgi\u00e3o atrav\u00e9s de um conector.<\/p>\n<p style=\"text-align: justify;\">Tais caracter\u00edsticas permitem guiar o cirurgi\u00e3o em um campo de vis\u00e3o limpo, com extrema seguran\u00e7a e precis\u00e3o, apresentando como vantagens a preserva\u00e7\u00e3o das estruturas ao redor, evitando poss\u00edveis sangramentos e melhorando o p\u00f3s-operat\u00f3rio.<\/p>\n<p style=\"text-align: justify;\">&#x25aa; Irriga\u00e7\u00e3o e suc\u00e7\u00e3o integrados e controlados pelo cirurgi\u00e3o, possibilitando trabalho simult\u00e2neo e independente;<br \/>&#x25aa; Acionamento do corte ou da coagula\u00e7\u00e3o com o comando manual na pr\u00f3pria caneta;<br \/>&#x25aa; Precis\u00e3o no corte e excelente cauteriza\u00e7\u00e3o, pouco sangramento em regi\u00f5es altamente vascularizadas;<br \/>&#x25aa; Possui um pol\u00edmero de isolamento resistente \u00e0 temperatura prevenindo queimaduras acidentais;<br \/>&#x25aa; Ponta com revestimento antiaderente;<br \/>&#x25aa; Apresenta\u00e7\u00e3o est\u00e9ril &#8211; produto de uso \u00fanico;<br \/>&#x25aa; Sa\u00edda monopolar.<\/p>\n<\/div>\n<p>[\/et_pb_text][et_pb_image src=&#8221;https:\/\/sintexmedical.com.br\/sintex\/wp-content\/uploads\/2023\/08\/flashcutretoimgtabelasintex.jpg&#8221; title_text=&#8221;flashcutretoimgtabelasintex&#8221; _builder_version=&#8221;4.21.0&#8243; _module_preset=&#8221;default&#8221; width=&#8221;65%&#8221; width_tablet=&#8221;65%&#8221; width_phone=&#8221;65%&#8221; width_last_edited=&#8221;on|phone&#8221; module_alignment=&#8221;center&#8221; custom_margin=&#8221;||27px|||&#8221; global_colors_info=&#8221;{}&#8221;][\/et_pb_image][\/et_pb_column][\/et_pb_row][\/et_pb_section]<\/p>\n","protected":false},"excerpt":{"rendered":"<p>Ponteira Flush Cut RetoLINHA CR\u00c2NIOPonteira Flush Cut Reto A Ponteira Flush Razek possui a fun\u00e7\u00e3o de irriga\u00e7\u00e3o e suc\u00e7\u00e3o na ponteira ativa, que pode, simultaneamente, realizar abla\u00e7\u00e3o, coagula\u00e7\u00e3o, corte e cauteriza\u00e7\u00e3o de tecidos. A irriga\u00e7\u00e3o \u00e9 realizada por gravidade e a suc\u00e7\u00e3o, interligado ao aspirador hospitalar, \u00e9 controlado pelo cirurgi\u00e3o atrav\u00e9s de um conector. Tais [&hellip;]<\/p>\n","protected":false},"author":1,"featured_media":0,"parent":0,"menu_order":0,"comment_status":"closed","ping_status":"closed","template":"","meta":{"_et_pb_use_builder":"on","_et_pb_old_content":"","_et_gb_content_width":"","footnotes":""},"class_list":["post-41476","page","type-page","status-publish","hentry"],"jetpack_sharing_enabled":true,"_links":{"self":[{"href":"https:\/\/sintexmedical.com.br\/sintex\/wp-json\/wp\/v2\/pages\/41476","targetHints":{"allow":["GET"]}}],"collection":[{"href":"https:\/\/sintexmedical.com.br\/sintex\/wp-json\/wp\/v2\/pages"}],"about":[{"href":"https:\/\/sintexmedical.com.br\/sintex\/wp-json\/wp\/v2\/types\/page"}],"author":[{"embeddable":true,"href":"https:\/\/sintexmedical.com.br\/sintex\/wp-json\/wp\/v2\/users\/1"}],"replies":[{"embeddable":true,"href":"https:\/\/sintexmedical.com.br\/sintex\/wp-json\/wp\/v2\/comments?post=41476"}],"version-history":[{"count":4,"href":"https:\/\/sintexmedical.com.br\/sintex\/wp-json\/wp\/v2\/pages\/41476\/revisions"}],"predecessor-version":[{"id":41489,"href":"https:\/\/sintexmedical.com.br\/sintex\/wp-json\/wp\/v2\/pages\/41476\/revisions\/41489"}],"wp:attachment":[{"href":"https:\/\/sintexmedical.com.br\/sintex\/wp-json\/wp\/v2\/media?parent=41476"}],"curies":[{"name":"wp","href":"https:\/\/api.w.org\/{rel}","templated":true}]}}