{"id":41567,"date":"2024-04-28T21:51:22","date_gmt":"2024-04-28T21:51:22","guid":{"rendered":"https:\/\/sintexmedical.com.br\/sintex\/?page_id=41567"},"modified":"2024-04-28T21:51:40","modified_gmt":"2024-04-28T21:51:40","slug":"matriz-dural-duragen","status":"publish","type":"page","link":"https:\/\/sintexmedical.com.br\/sintex\/matriz-dural-duragen\/","title":{"rendered":"Matriz Dural DURAGEN"},"content":{"rendered":"<p>[et_pb_section fb_built=&#8221;1&#8243; _builder_version=&#8221;4.24.2&#8243; custom_padding=&#8221;0|0px|30px|0px|false|false&#8221; global_colors_info=&#8221;{}&#8221; theme_builder_area=&#8221;post_content&#8221;][et_pb_row disabled_on=&#8221;on|on|off&#8221; _builder_version=&#8221;4.16&#8243; global_colors_info=&#8221;{}&#8221; theme_builder_area=&#8221;post_content&#8221;][et_pb_column type=&#8221;4_4&#8243; _builder_version=&#8221;4.16&#8243; custom_padding=&#8221;|||&#8221; global_colors_info=&#8221;{}&#8221; custom_padding__hover=&#8221;|||&#8221; theme_builder_area=&#8221;post_content&#8221;][et_pb_text _builder_version=&#8221;4.25.0&#8243; text_font=&#8221;||||||||&#8221; custom_padding=&#8221;17px|10px|10px|10px&#8221; hover_enabled=&#8221;0&#8243; text_text_shadow_style=&#8221;preset1&#8243; box_shadow_style=&#8221;preset3&#8243; global_colors_info=&#8221;{}&#8221; theme_builder_area=&#8221;post_content&#8221; sticky_enabled=&#8221;0&#8243;]<\/p>\n<h3><strong>Matriz Dural DURAGEN<\/strong><\/h3>\n<p>[\/et_pb_text][\/et_pb_column][\/et_pb_row][et_pb_row column_structure=&#8221;1_3,2_3&#8243; disabled_on=&#8221;off|off|off&#8221; _builder_version=&#8221;4.19.4&#8243; custom_padding=&#8221;10px|0px|0px|0px|false|false&#8221; global_colors_info=&#8221;{}&#8221; theme_builder_area=&#8221;post_content&#8221;][et_pb_column type=&#8221;1_3&#8243; _builder_version=&#8221;4.16&#8243; custom_padding=&#8221;|||&#8221; global_colors_info=&#8221;{}&#8221; custom_padding__hover=&#8221;|||&#8221; theme_builder_area=&#8221;post_content&#8221;][et_pb_text disabled_on=&#8221;on|on|off&#8221; _builder_version=&#8221;4.24.2&#8243; text_text_color=&#8221;#474747&#8243; background_enable_color=&#8221;off&#8221; custom_margin=&#8221;||5px|&#8221; custom_padding=&#8221;10px|12px|0px|12px||&#8221; global_colors_info=&#8221;{}&#8221; theme_builder_area=&#8221;post_content&#8221;]<\/p>\n<p style=\"text-align: center;\"><b>LINHA CR\u00c2NIO<\/b><\/p>\n<p>[\/et_pb_text][et_pb_sidebar area=&#8221;et_pb_widget_area_7&#8243; disabled_on=&#8221;on|on|off&#8221; _builder_version=&#8221;4.24.2&#8243; global_colors_info=&#8221;{}&#8221; theme_builder_area=&#8221;post_content&#8221;][\/et_pb_sidebar][\/et_pb_column][et_pb_column type=&#8221;2_3&#8243; _builder_version=&#8221;4.16&#8243; custom_padding=&#8221;|||&#8221; global_colors_info=&#8221;{}&#8221; custom_padding__hover=&#8221;|||&#8221; theme_builder_area=&#8221;post_content&#8221;][et_pb_text disabled_on=&#8221;off|off|on&#8221; _builder_version=&#8221;4.25.0&#8243; text_font=&#8221;||||||||&#8221; header_3_line_height=&#8221;1.4em&#8221; custom_padding=&#8221;17px|10px|10px|10px&#8221; hover_enabled=&#8221;0&#8243; text_text_shadow_style=&#8221;preset1&#8243; box_shadow_style=&#8221;preset3&#8243; global_colors_info=&#8221;{}&#8221; theme_builder_area=&#8221;post_content&#8221; sticky_enabled=&#8221;0&#8243;]<\/p>\n<h3><strong>Matriz Dural DURAGEN<\/strong><\/h3>\n<p>[\/et_pb_text][et_pb_gallery gallery_ids=&#8221;41570&#8243; fullwidth=&#8221;on&#8221; disabled_on=&#8221;off|off|off&#8221; _builder_version=&#8221;4.25.0&#8243; auto=&#8221;on&#8221; hover_enabled=&#8221;0&#8243; border_radii=&#8221;on|8px|8px|8px|8px&#8221; box_shadow_style=&#8221;preset1&#8243; global_colors_info=&#8221;{}&#8221; theme_builder_area=&#8221;post_content&#8221; sticky_enabled=&#8221;0&#8243;][\/et_pb_gallery][et_pb_text _builder_version=&#8221;4.25.0&#8243; text_text_color=&#8221;#474747&#8243; text_font_size=&#8221;17px&#8221; text_line_height=&#8221;1.7em&#8221; background_enable_color=&#8221;off&#8221; custom_margin=&#8221;0px||12px||false|false&#8221; custom_padding=&#8221;10px|12px|10px|12px|false|false&#8221; hover_enabled=&#8221;0&#8243; text_font_size_tablet=&#8221;&#8221; text_font_size_phone=&#8221;16px&#8221; text_font_size_last_edited=&#8221;on|phone&#8221; global_colors_info=&#8221;{}&#8221; theme_builder_area=&#8221;post_content&#8221; sticky_enabled=&#8221;0&#8243;]<\/p>\n<div dir=\"ltr\" gmail_original=\"1\" style=\"text-align: left;\">\n<p>Indicado para utiliza\u00e7\u00e3o como substituto dural no reparo de les\u00f5es ou prote\u00e7\u00e3o da Duramater e tamb\u00e9m como matriz anti ader\u00eancia e fibrose, o produto apresenta formatos variados para uma adapta\u00e7\u00e3o precisa ao local de aplica\u00e7\u00e3o, seja no c\u00e9rebro ou na coluna vertebral.<\/p>\n<p>DIFERENCIAIS<br \/>\u2022 Fechamento completo do defeito dural<br \/>\u2022 N\u00e3o apresenta encapsulamento<br \/>\u2022 F\u00e1cil adapta\u00e7\u00e3o \u00e0 superf\u00edcie de aplica\u00e7\u00e3o<br \/>\u2022 N\u00e3o necessita ser suturado<br \/>\u2022 Totalmente reabsorvido depois do fechamento do defeito dural<br \/>\u2022 Pode ser cortado no tamanho desejado<br \/>\u2022 Molda-se facilmente a superf\u00edcies complexas<\/p>\n<\/div>\n<p>[\/et_pb_text][\/et_pb_column][\/et_pb_row][\/et_pb_section]<\/p>\n","protected":false},"excerpt":{"rendered":"<p>Matriz Dural DURAGENLINHA CR\u00c2NIOMatriz Dural DURAGEN Indicado para utiliza\u00e7\u00e3o como substituto dural no reparo de les\u00f5es ou prote\u00e7\u00e3o da Duramater e tamb\u00e9m como matriz anti ader\u00eancia e fibrose, o produto apresenta formatos variados para uma adapta\u00e7\u00e3o precisa ao local de aplica\u00e7\u00e3o, seja no c\u00e9rebro ou na coluna vertebral. DIFERENCIAIS\u2022 Fechamento completo do defeito dural\u2022 N\u00e3o [&hellip;]<\/p>\n","protected":false},"author":1,"featured_media":0,"parent":0,"menu_order":0,"comment_status":"closed","ping_status":"closed","template":"","meta":{"_et_pb_use_builder":"on","_et_pb_old_content":"","_et_gb_content_width":"","footnotes":""},"class_list":["post-41567","page","type-page","status-publish","hentry"],"jetpack_sharing_enabled":true,"_links":{"self":[{"href":"https:\/\/sintexmedical.com.br\/sintex\/wp-json\/wp\/v2\/pages\/41567","targetHints":{"allow":["GET"]}}],"collection":[{"href":"https:\/\/sintexmedical.com.br\/sintex\/wp-json\/wp\/v2\/pages"}],"about":[{"href":"https:\/\/sintexmedical.com.br\/sintex\/wp-json\/wp\/v2\/types\/page"}],"author":[{"embeddable":true,"href":"https:\/\/sintexmedical.com.br\/sintex\/wp-json\/wp\/v2\/users\/1"}],"replies":[{"embeddable":true,"href":"https:\/\/sintexmedical.com.br\/sintex\/wp-json\/wp\/v2\/comments?post=41567"}],"version-history":[{"count":3,"href":"https:\/\/sintexmedical.com.br\/sintex\/wp-json\/wp\/v2\/pages\/41567\/revisions"}],"predecessor-version":[{"id":41571,"href":"https:\/\/sintexmedical.com.br\/sintex\/wp-json\/wp\/v2\/pages\/41567\/revisions\/41571"}],"wp:attachment":[{"href":"https:\/\/sintexmedical.com.br\/sintex\/wp-json\/wp\/v2\/media?parent=41567"}],"curies":[{"name":"wp","href":"https:\/\/api.w.org\/{rel}","templated":true}]}}