{"id":41573,"date":"2024-04-28T22:08:18","date_gmt":"2024-04-28T22:08:18","guid":{"rendered":"https:\/\/sintexmedical.com.br\/sintex\/?page_id=41573"},"modified":"2024-04-28T22:08:18","modified_gmt":"2024-04-28T22:08:18","slug":"sistema-para-fechamento-de-cranio-delphos","status":"publish","type":"page","link":"https:\/\/sintexmedical.com.br\/sintex\/sistema-para-fechamento-de-cranio-delphos\/","title":{"rendered":"Sistema para Fechamento de Cr\u00e2nio DELPHOS"},"content":{"rendered":"<p>[et_pb_section fb_built=&#8221;1&#8243; _builder_version=&#8221;4.24.2&#8243; custom_padding=&#8221;0|0px|30px|0px|false|false&#8221; global_colors_info=&#8221;{}&#8221; theme_builder_area=&#8221;post_content&#8221;][et_pb_row disabled_on=&#8221;on|on|off&#8221; _builder_version=&#8221;4.16&#8243; global_colors_info=&#8221;{}&#8221; theme_builder_area=&#8221;post_content&#8221;][et_pb_column type=&#8221;4_4&#8243; _builder_version=&#8221;4.16&#8243; custom_padding=&#8221;|||&#8221; global_colors_info=&#8221;{}&#8221; custom_padding__hover=&#8221;|||&#8221; theme_builder_area=&#8221;post_content&#8221;][et_pb_text _builder_version=&#8221;4.25.0&#8243; text_font=&#8221;||||||||&#8221; custom_padding=&#8221;17px|10px|10px|10px&#8221; hover_enabled=&#8221;0&#8243; text_text_shadow_style=&#8221;preset1&#8243; box_shadow_style=&#8221;preset3&#8243; global_colors_info=&#8221;{}&#8221; theme_builder_area=&#8221;post_content&#8221; sticky_enabled=&#8221;0&#8243;]<\/p>\n<h3><strong>Sistema para Fechamento de Cr\u00e2nio DELPHOS<\/strong><\/h3>\n<p>[\/et_pb_text][\/et_pb_column][\/et_pb_row][et_pb_row column_structure=&#8221;1_3,2_3&#8243; disabled_on=&#8221;off|off|off&#8221; _builder_version=&#8221;4.19.4&#8243; custom_padding=&#8221;10px|0px|0px|0px|false|false&#8221; global_colors_info=&#8221;{}&#8221; theme_builder_area=&#8221;post_content&#8221;][et_pb_column type=&#8221;1_3&#8243; _builder_version=&#8221;4.16&#8243; custom_padding=&#8221;|||&#8221; global_colors_info=&#8221;{}&#8221; custom_padding__hover=&#8221;|||&#8221; theme_builder_area=&#8221;post_content&#8221;][et_pb_text disabled_on=&#8221;on|on|off&#8221; _builder_version=&#8221;4.24.2&#8243; text_text_color=&#8221;#474747&#8243; background_enable_color=&#8221;off&#8221; custom_margin=&#8221;||5px|&#8221; custom_padding=&#8221;10px|12px|0px|12px||&#8221; global_colors_info=&#8221;{}&#8221; theme_builder_area=&#8221;post_content&#8221;]<\/p>\n<p style=\"text-align: center;\"><b>LINHA CR\u00c2NIO<\/b><\/p>\n<p>[\/et_pb_text][et_pb_sidebar area=&#8221;et_pb_widget_area_7&#8243; disabled_on=&#8221;on|on|off&#8221; _builder_version=&#8221;4.24.2&#8243; global_colors_info=&#8221;{}&#8221; theme_builder_area=&#8221;post_content&#8221;][\/et_pb_sidebar][\/et_pb_column][et_pb_column type=&#8221;2_3&#8243; _builder_version=&#8221;4.16&#8243; custom_padding=&#8221;|||&#8221; global_colors_info=&#8221;{}&#8221; custom_padding__hover=&#8221;|||&#8221; theme_builder_area=&#8221;post_content&#8221;][et_pb_text disabled_on=&#8221;off|off|on&#8221; _builder_version=&#8221;4.25.0&#8243; text_font=&#8221;||||||||&#8221; header_3_line_height=&#8221;1.4em&#8221; custom_padding=&#8221;17px|10px|10px|10px&#8221; hover_enabled=&#8221;0&#8243; text_text_shadow_style=&#8221;preset1&#8243; box_shadow_style=&#8221;preset3&#8243; global_colors_info=&#8221;{}&#8221; theme_builder_area=&#8221;post_content&#8221; sticky_enabled=&#8221;0&#8243;]<\/p>\n<h3><strong>Sistema para Fechamento de Cr\u00e2nio DELPHOS<\/strong><\/h3>\n<p>[\/et_pb_text][et_pb_gallery gallery_ids=&#8221;41578&#8243; fullwidth=&#8221;on&#8221; disabled_on=&#8221;off|off|off&#8221; _builder_version=&#8221;4.25.0&#8243; auto=&#8221;on&#8221; hover_enabled=&#8221;0&#8243; border_radii=&#8221;on|8px|8px|8px|8px&#8221; box_shadow_style=&#8221;preset1&#8243; global_colors_info=&#8221;{}&#8221; theme_builder_area=&#8221;post_content&#8221; sticky_enabled=&#8221;0&#8243;][\/et_pb_gallery][et_pb_text _builder_version=&#8221;4.25.0&#8243; text_text_color=&#8221;#474747&#8243; text_font_size=&#8221;17px&#8221; text_line_height=&#8221;1.7em&#8221; background_enable_color=&#8221;off&#8221; custom_margin=&#8221;0px||12px||false|false&#8221; custom_padding=&#8221;10px|12px|10px|12px|false|false&#8221; hover_enabled=&#8221;0&#8243; text_font_size_tablet=&#8221;&#8221; text_font_size_phone=&#8221;16px&#8221; text_font_size_last_edited=&#8221;on|phone&#8221; global_colors_info=&#8221;{}&#8221; theme_builder_area=&#8221;post_content&#8221; sticky_enabled=&#8221;0&#8243;]<\/p>\n<div dir=\"ltr\" gmail_original=\"1\" style=\"text-align: left;\">\n<p style=\"text-align: justify;\">Os sistemas de osteoss\u00edntese da DELPHOS IMPLANTS, s\u00e3o indicados para cirurgias reconstrutivas, para fixa\u00e7\u00e3o de fraturas craniana, maxilar facial e oral, reconstru\u00e7\u00f5es ortogn\u00e1ticas, reconstru\u00e7\u00f5es mandibulares e qualquer cirurgia de osteotomia ou traumatismo.<\/p>\n<p style=\"text-align: justify;\"><strong>O sistema cont\u00e9m:<\/strong><\/p>\n<p style=\"text-align: justify;\">Placas: v\u00e1rias dimens\u00f5es de espessura, di\u00e2metro, comprimento e largura. As Placas s\u00e3o fabricadas em Tit\u00e2nio n\u00e3o ligado, conforme ASTM F 67 e ISO 5832-2.<\/p>\n<p style=\"text-align: justify;\">Parafusos: v\u00e1rios comprimentos e di\u00e2metros de Parafusos auto perfurantes (n\u00e3o necessitam de pr\u00e9 perfura\u00e7\u00e3o com brocas), Parafusos autorroscantes e Parafusos h\u00edbridos fabricados em Liga de Ti-6Al-4V conforme ASTM F136 e ISO 5832-3.<\/p>\n<\/div>\n<p>[\/et_pb_text][\/et_pb_column][\/et_pb_row][\/et_pb_section]<\/p>\n","protected":false},"excerpt":{"rendered":"<p>Sistema para Fechamento de Cr\u00e2nio DELPHOSLINHA CR\u00c2NIOSistema para Fechamento de Cr\u00e2nio DELPHOS Os sistemas de osteoss\u00edntese da DELPHOS IMPLANTS, s\u00e3o indicados para cirurgias reconstrutivas, para fixa\u00e7\u00e3o de fraturas craniana, maxilar facial e oral, reconstru\u00e7\u00f5es ortogn\u00e1ticas, reconstru\u00e7\u00f5es mandibulares e qualquer cirurgia de osteotomia ou traumatismo. O sistema cont\u00e9m: Placas: v\u00e1rias dimens\u00f5es de espessura, di\u00e2metro, comprimento e [&hellip;]<\/p>\n","protected":false},"author":1,"featured_media":0,"parent":0,"menu_order":0,"comment_status":"closed","ping_status":"closed","template":"","meta":{"_et_pb_use_builder":"on","_et_pb_old_content":"","_et_gb_content_width":"","footnotes":""},"class_list":["post-41573","page","type-page","status-publish","hentry"],"jetpack_sharing_enabled":true,"_links":{"self":[{"href":"https:\/\/sintexmedical.com.br\/sintex\/wp-json\/wp\/v2\/pages\/41573","targetHints":{"allow":["GET"]}}],"collection":[{"href":"https:\/\/sintexmedical.com.br\/sintex\/wp-json\/wp\/v2\/pages"}],"about":[{"href":"https:\/\/sintexmedical.com.br\/sintex\/wp-json\/wp\/v2\/types\/page"}],"author":[{"embeddable":true,"href":"https:\/\/sintexmedical.com.br\/sintex\/wp-json\/wp\/v2\/users\/1"}],"replies":[{"embeddable":true,"href":"https:\/\/sintexmedical.com.br\/sintex\/wp-json\/wp\/v2\/comments?post=41573"}],"version-history":[{"count":4,"href":"https:\/\/sintexmedical.com.br\/sintex\/wp-json\/wp\/v2\/pages\/41573\/revisions"}],"predecessor-version":[{"id":41580,"href":"https:\/\/sintexmedical.com.br\/sintex\/wp-json\/wp\/v2\/pages\/41573\/revisions\/41580"}],"wp:attachment":[{"href":"https:\/\/sintexmedical.com.br\/sintex\/wp-json\/wp\/v2\/media?parent=41573"}],"curies":[{"name":"wp","href":"https:\/\/api.w.org\/{rel}","templated":true}]}}