{"id":41582,"date":"2024-05-06T10:28:44","date_gmt":"2024-05-06T10:28:44","guid":{"rendered":"https:\/\/sintexmedical.com.br\/sintex\/?page_id=41582"},"modified":"2024-05-06T10:29:30","modified_gmt":"2024-05-06T10:29:30","slug":"selante-dural-duraseal","status":"publish","type":"page","link":"https:\/\/sintexmedical.com.br\/sintex\/selante-dural-duraseal\/","title":{"rendered":"Selante Dural Duraseal"},"content":{"rendered":"<p>[et_pb_section fb_built=&#8221;1&#8243; _builder_version=&#8221;4.24.2&#8243; custom_padding=&#8221;0|0px|30px|0px|false|false&#8221; global_colors_info=&#8221;{}&#8221; theme_builder_area=&#8221;post_content&#8221;][et_pb_row disabled_on=&#8221;on|on|off&#8221; _builder_version=&#8221;4.16&#8243; global_colors_info=&#8221;{}&#8221; theme_builder_area=&#8221;post_content&#8221;][et_pb_column type=&#8221;4_4&#8243; _builder_version=&#8221;4.16&#8243; custom_padding=&#8221;|||&#8221; global_colors_info=&#8221;{}&#8221; custom_padding__hover=&#8221;|||&#8221; theme_builder_area=&#8221;post_content&#8221;][et_pb_text _builder_version=&#8221;4.25.0&#8243; text_font=&#8221;||||||||&#8221; custom_padding=&#8221;17px|10px|10px|10px&#8221; hover_enabled=&#8221;0&#8243; text_text_shadow_style=&#8221;preset1&#8243; box_shadow_style=&#8221;preset3&#8243; global_colors_info=&#8221;{}&#8221; theme_builder_area=&#8221;post_content&#8221; sticky_enabled=&#8221;0&#8243;]<\/p>\n<h3><strong>Selante Dural Duraseal (5 Ml)<\/strong><\/h3>\n<p>[\/et_pb_text][\/et_pb_column][\/et_pb_row][et_pb_row column_structure=&#8221;1_3,2_3&#8243; disabled_on=&#8221;off|off|off&#8221; _builder_version=&#8221;4.19.4&#8243; custom_padding=&#8221;10px|0px|0px|0px|false|false&#8221; global_colors_info=&#8221;{}&#8221; theme_builder_area=&#8221;post_content&#8221;][et_pb_column type=&#8221;1_3&#8243; _builder_version=&#8221;4.16&#8243; custom_padding=&#8221;|||&#8221; global_colors_info=&#8221;{}&#8221; custom_padding__hover=&#8221;|||&#8221; theme_builder_area=&#8221;post_content&#8221;][et_pb_text disabled_on=&#8221;on|on|off&#8221; _builder_version=&#8221;4.24.2&#8243; text_text_color=&#8221;#474747&#8243; background_enable_color=&#8221;off&#8221; custom_margin=&#8221;||5px|&#8221; custom_padding=&#8221;10px|12px|0px|12px||&#8221; global_colors_info=&#8221;{}&#8221; theme_builder_area=&#8221;post_content&#8221;]<\/p>\n<p style=\"text-align: center;\"><b>LINHA CR\u00c2NIO<\/b><\/p>\n<p>[\/et_pb_text][et_pb_sidebar area=&#8221;et_pb_widget_area_7&#8243; disabled_on=&#8221;on|on|off&#8221; _builder_version=&#8221;4.24.2&#8243; global_colors_info=&#8221;{}&#8221; theme_builder_area=&#8221;post_content&#8221;][\/et_pb_sidebar][\/et_pb_column][et_pb_column type=&#8221;2_3&#8243; _builder_version=&#8221;4.16&#8243; custom_padding=&#8221;|||&#8221; global_colors_info=&#8221;{}&#8221; custom_padding__hover=&#8221;|||&#8221; theme_builder_area=&#8221;post_content&#8221;][et_pb_text disabled_on=&#8221;off|off|on&#8221; _builder_version=&#8221;4.25.0&#8243; text_font=&#8221;||||||||&#8221; header_3_line_height=&#8221;1.4em&#8221; custom_padding=&#8221;17px|10px|10px|10px&#8221; hover_enabled=&#8221;0&#8243; text_text_shadow_style=&#8221;preset1&#8243; box_shadow_style=&#8221;preset3&#8243; global_colors_info=&#8221;{}&#8221; theme_builder_area=&#8221;post_content&#8221; sticky_enabled=&#8221;0&#8243;]<\/p>\n<h3><strong>Selante Dural Duraseal (5 Ml)<\/strong><\/h3>\n<p>[\/et_pb_text][et_pb_gallery gallery_ids=&#8221;41584&#8243; fullwidth=&#8221;on&#8221; disabled_on=&#8221;off|off|off&#8221; _builder_version=&#8221;4.25.0&#8243; auto=&#8221;on&#8221; hover_enabled=&#8221;0&#8243; border_radii=&#8221;on|8px|8px|8px|8px&#8221; box_shadow_style=&#8221;preset1&#8243; global_colors_info=&#8221;{}&#8221; theme_builder_area=&#8221;post_content&#8221; sticky_enabled=&#8221;0&#8243;][\/et_pb_gallery][et_pb_text _builder_version=&#8221;4.25.0&#8243; text_text_color=&#8221;#474747&#8243; text_font_size=&#8221;17px&#8221; text_line_height=&#8221;1.7em&#8221; background_enable_color=&#8221;off&#8221; custom_margin=&#8221;0px||12px||false|false&#8221; custom_padding=&#8221;10px|12px|10px|12px|false|false&#8221; hover_enabled=&#8221;0&#8243; text_font_size_tablet=&#8221;&#8221; text_font_size_phone=&#8221;16px&#8221; text_font_size_last_edited=&#8221;on|phone&#8221; global_colors_info=&#8221;{}&#8221; theme_builder_area=&#8221;post_content&#8221; sticky_enabled=&#8221;0&#8243;]<\/p>\n<div dir=\"ltr\" gmail_original=\"1\" style=\"text-align: left;\">\n<p style=\"text-align: justify;\"><span>O Selante Dural DuraSeal (5 Ml) \u00e9 um material absorv\u00edvel totalmente sint\u00e9tico, elaborado para ajudar cirurgi\u00f5es na cria\u00e7\u00e3o de uma veda\u00e7\u00e3o herm\u00e9tica intraoperat\u00f3ria quando usado como adjunto a m\u00e9todos padr\u00e3o de reparo dural. L\u00edder inovador de selantes de biomateriais cir\u00fargicos, quando aplicado, forma uma veda\u00e7\u00e3o estanque a l\u00edquidos em segundos, possuindo componentes est\u00e9reis para a prepara\u00e7\u00e3o de um selante de hidrogel inovador e um aplicador.<\/span><\/p>\n<p style=\"text-align: justify;\"><strong>Veda\u00e7\u00e3o herm\u00e9ticar\u00e1pida e eficaz.<\/strong><\/p>\n<p style=\"text-align: justify;\"><strong>Diferenciais:<\/strong><\/p>\n<ul type=\"disc\">\n<li class=\"m_785938536991533773MsoListParagraph\"><span>Forte ader\u00eancia aos tecidos e grande flexibilidade<u><\/u><\/span><\/li>\n<li class=\"m_785938536991533773MsoListParagraph\"><span>Suporta elevadas press\u00f5es de LCR<u><\/u><u><\/u><\/span><\/li>\n<li class=\"m_785938536991533773MsoListParagraph\"><span>Material 100% biocompat\u00edvel e biodegrad\u00e1vel<u><\/u><u><\/u><\/span><\/li>\n<li class=\"m_785938536991533773MsoListParagraph\"><span>Corante azul, facilitando a visualiza\u00e7\u00e3o, a\u00a0<\/span><span>avalia\u00e7\u00e3o da cobertura e espessura de veda\u00e7\u00e3o.<\/span><span><u><\/u><u><\/u><\/span><\/li>\n<li class=\"m_785938536991533773MsoListParagraph\"><span>Montagem simples, r\u00e1pida e f\u00e1cil aplica\u00e7\u00e3o<\/span><b><span><u><\/u><u><\/u><\/span><\/b><\/li>\n<li class=\"m_785938536991533773MsoListParagraph\"><span>Aplicador Micromyst\u00a0\u2013 flex\u00edvel, com 14 cm de comprimento.<\/span><b><span><u><\/u><u><\/u><\/span><\/b><\/li>\n<li class=\"m_785938536991533773MsoListParagraph\"><span>Um kit \u00fanico, armazenado em temperatura de at\u00e9 25<\/span><sup><span>o<\/span><\/sup><span>C.<\/span><\/li>\n<\/ul>\n<\/div>\n<p>[\/et_pb_text][\/et_pb_column][\/et_pb_row][\/et_pb_section]<\/p>\n","protected":false},"excerpt":{"rendered":"<p>Selante Dural Duraseal (5 Ml)LINHA CR\u00c2NIOSelante Dural Duraseal (5 Ml) O Selante Dural DuraSeal (5 Ml) \u00e9 um material absorv\u00edvel totalmente sint\u00e9tico, elaborado para ajudar cirurgi\u00f5es na cria\u00e7\u00e3o de uma veda\u00e7\u00e3o herm\u00e9tica intraoperat\u00f3ria quando usado como adjunto a m\u00e9todos padr\u00e3o de reparo dural. L\u00edder inovador de selantes de biomateriais cir\u00fargicos, quando aplicado, forma uma veda\u00e7\u00e3o [&hellip;]<\/p>\n","protected":false},"author":1,"featured_media":0,"parent":0,"menu_order":0,"comment_status":"closed","ping_status":"closed","template":"","meta":{"_et_pb_use_builder":"on","_et_pb_old_content":"","_et_gb_content_width":"","footnotes":""},"class_list":["post-41582","page","type-page","status-publish","hentry"],"jetpack_sharing_enabled":true,"_links":{"self":[{"href":"https:\/\/sintexmedical.com.br\/sintex\/wp-json\/wp\/v2\/pages\/41582","targetHints":{"allow":["GET"]}}],"collection":[{"href":"https:\/\/sintexmedical.com.br\/sintex\/wp-json\/wp\/v2\/pages"}],"about":[{"href":"https:\/\/sintexmedical.com.br\/sintex\/wp-json\/wp\/v2\/types\/page"}],"author":[{"embeddable":true,"href":"https:\/\/sintexmedical.com.br\/sintex\/wp-json\/wp\/v2\/users\/1"}],"replies":[{"embeddable":true,"href":"https:\/\/sintexmedical.com.br\/sintex\/wp-json\/wp\/v2\/comments?post=41582"}],"version-history":[{"count":3,"href":"https:\/\/sintexmedical.com.br\/sintex\/wp-json\/wp\/v2\/pages\/41582\/revisions"}],"predecessor-version":[{"id":41587,"href":"https:\/\/sintexmedical.com.br\/sintex\/wp-json\/wp\/v2\/pages\/41582\/revisions\/41587"}],"wp:attachment":[{"href":"https:\/\/sintexmedical.com.br\/sintex\/wp-json\/wp\/v2\/media?parent=41582"}],"curies":[{"name":"wp","href":"https:\/\/api.w.org\/{rel}","templated":true}]}}