{"id":41608,"date":"2024-05-27T00:09:30","date_gmt":"2024-05-27T00:09:30","guid":{"rendered":"https:\/\/sintexmedical.com.br\/sintex\/?page_id=41608"},"modified":"2024-05-27T20:20:18","modified_gmt":"2024-05-27T20:20:18","slug":"kit-para-craniotomia-razek","status":"publish","type":"page","link":"https:\/\/sintexmedical.com.br\/sintex\/kit-para-craniotomia-razek\/","title":{"rendered":"Kit para Craniotomia Razek"},"content":{"rendered":"<p>[et_pb_section fb_built=&#8221;1&#8243; _builder_version=&#8221;4.24.2&#8243; custom_padding=&#8221;0|0px|30px|0px|false|false&#8221; global_colors_info=&#8221;{}&#8221;][et_pb_row disabled_on=&#8221;on|on|off&#8221; _builder_version=&#8221;4.16&#8243; global_colors_info=&#8221;{}&#8221;][et_pb_column type=&#8221;4_4&#8243; _builder_version=&#8221;4.16&#8243; custom_padding=&#8221;|||&#8221; global_colors_info=&#8221;{}&#8221; custom_padding__hover=&#8221;|||&#8221;][et_pb_text _builder_version=&#8221;4.25.0&#8243; text_font=&#8221;||||||||&#8221; custom_padding=&#8221;17px|10px|10px|10px&#8221; text_text_shadow_style=&#8221;preset1&#8243; box_shadow_style=&#8221;preset3&#8243; global_colors_info=&#8221;{}&#8221;]<\/p>\n<h3><strong>Kit para Craniotomia Razek<\/strong><\/h3>\n<p>[\/et_pb_text][\/et_pb_column][\/et_pb_row][et_pb_row column_structure=&#8221;1_3,2_3&#8243; disabled_on=&#8221;off|off|off&#8221; _builder_version=&#8221;4.19.4&#8243; custom_padding=&#8221;10px|0px|0px|0px|false|false&#8221; global_colors_info=&#8221;{}&#8221;][et_pb_column type=&#8221;1_3&#8243; _builder_version=&#8221;4.16&#8243; custom_padding=&#8221;|||&#8221; global_colors_info=&#8221;{}&#8221; custom_padding__hover=&#8221;|||&#8221;][et_pb_text disabled_on=&#8221;on|on|off&#8221; _builder_version=&#8221;4.24.2&#8243; text_text_color=&#8221;#474747&#8243; background_enable_color=&#8221;off&#8221; custom_margin=&#8221;||5px|&#8221; custom_padding=&#8221;10px|12px|0px|12px||&#8221; global_colors_info=&#8221;{}&#8221;]<\/p>\n<p style=\"text-align: center;\"><b>LINHA CR\u00c2NIO<\/b><\/p>\n<p>[\/et_pb_text][et_pb_sidebar area=&#8221;et_pb_widget_area_7&#8243; disabled_on=&#8221;on|on|off&#8221; _builder_version=&#8221;4.24.2&#8243; global_colors_info=&#8221;{}&#8221;][\/et_pb_sidebar][\/et_pb_column][et_pb_column type=&#8221;2_3&#8243; _builder_version=&#8221;4.16&#8243; custom_padding=&#8221;|||&#8221; global_colors_info=&#8221;{}&#8221; custom_padding__hover=&#8221;|||&#8221;][et_pb_text disabled_on=&#8221;off|off|on&#8221; _builder_version=&#8221;4.25.0&#8243; text_font=&#8221;||||||||&#8221; header_3_line_height=&#8221;1.4em&#8221; custom_padding=&#8221;17px|10px|10px|10px&#8221; text_text_shadow_style=&#8221;preset1&#8243; box_shadow_style=&#8221;preset3&#8243; global_colors_info=&#8221;{}&#8221;]<\/p>\n<h3><strong>Kit para Craniotomia Razek<\/strong><\/h3>\n<p>[\/et_pb_text][et_pb_gallery gallery_ids=&#8221;41610&#8243; fullwidth=&#8221;on&#8221; disabled_on=&#8221;off|off|off&#8221; _builder_version=&#8221;4.25.0&#8243; auto=&#8221;on&#8221; border_radii=&#8221;on|8px|8px|8px|8px&#8221; box_shadow_style=&#8221;preset1&#8243; global_colors_info=&#8221;{}&#8221;][\/et_pb_gallery][et_pb_text _builder_version=&#8221;4.25.0&#8243; text_text_color=&#8221;#474747&#8243; text_font_size=&#8221;17px&#8221; text_line_height=&#8221;1.7em&#8221; background_enable_color=&#8221;off&#8221; custom_margin=&#8221;0px||12px||false|false&#8221; custom_padding=&#8221;10px|12px|10px|12px|false|false&#8221; text_font_size_tablet=&#8221;&#8221; text_font_size_phone=&#8221;16px&#8221; text_font_size_last_edited=&#8221;on|phone&#8221; global_colors_info=&#8221;{}&#8221;]<\/p>\n<div dir=\"ltr\" gmail_original=\"1\" style=\"text-align: left;\">\n<p style=\"text-align: justify;\">O Kit para Craniotomia Razek \u00e9 utilizado em procedimentos de craniotomia, o qual fornece ao cirurgi\u00e3o todo o material necess\u00e1rio para realizar o acesso ao c\u00e9rebro atrav\u00e9s do cr\u00e2nio.<\/p>\n<ul>\n<li>Est\u00e9ril e descart\u00e1vel<\/li>\n<li>N\u00e3o depende de perfurador el\u00e9trico ou pneum\u00e1tico<\/li>\n<li>Promove acesso para drenagem externa e sistemas de monitoriza\u00e7\u00e3o da PIC<\/li>\n<\/ul>\n<p><strong>Itens:<\/strong><br \/>\u2022 1 \u2013 1 Agulha Ventr\u00edcula (12G x 5,5\u2033)<br \/>\u2022 2 \u2013 1 L\u00e2mina Raspadora Dupla<br \/>\u2022 3 \u2013 2 Copos Dosadores (60 ml)<br \/>\u2022 4 \u2013 1 R\u00e9gua Graduada<br \/>\u2022 5 \u2013 1 Bisturi Descart\u00e1vel (#11) e 1 Bisturi Descart\u00e1vel (#15)<br \/>\u2022 6 \u2013 1 Drill Manual<br \/>\u2022 7 \u2013 1 Campo Fenestrado Imperme\u00e1vel (50 x 50 cm)<br \/>\u2022 8 \u2013 3 Toalhas Cir\u00fargicas Descart\u00e1veis (38 x 53 cm)<br \/>\u2022 9 \u2013 10 Compressas Gaze 11 fios (7,5 x 7,5 cm) dobrada<br \/>\u2022 10 \u2013 1 Retrator Rombo<br \/>\u2022 11 \u2013 1 Chave Sextavada<br \/>\u2022 12 \u2013 1 Broca (5,31 mm) com Limitador<br \/>\u2022 13 \u2013 1 Ponta Agulha Serrilhada<br \/>\u2022 14 \u2013 1 Pin\u00e7a Adson sem Dente (12 cm) e 1 Pin\u00e7a Adson com Dente (1 x 2 \u2013 12 cm)<br \/>\u2022 15 \u2013 1 Tesoura \u00cdris Reta (11 cm)<\/p>\n<\/div>\n<p>[\/et_pb_text][\/et_pb_column][\/et_pb_row][\/et_pb_section]<\/p>\n","protected":false},"excerpt":{"rendered":"<p>Kit para Craniotomia RazekLINHA CR\u00c2NIOKit para Craniotomia Razek O Kit para Craniotomia Razek \u00e9 utilizado em procedimentos de craniotomia, o qual fornece ao cirurgi\u00e3o todo o material necess\u00e1rio para realizar o acesso ao c\u00e9rebro atrav\u00e9s do cr\u00e2nio. Est\u00e9ril e descart\u00e1vel N\u00e3o depende de perfurador el\u00e9trico ou pneum\u00e1tico Promove acesso para drenagem externa e sistemas de [&hellip;]<\/p>\n","protected":false},"author":1,"featured_media":0,"parent":0,"menu_order":0,"comment_status":"closed","ping_status":"closed","template":"","meta":{"_et_pb_use_builder":"on","_et_pb_old_content":"","_et_gb_content_width":"","footnotes":""},"class_list":["post-41608","page","type-page","status-publish","hentry"],"jetpack_sharing_enabled":true,"_links":{"self":[{"href":"https:\/\/sintexmedical.com.br\/sintex\/wp-json\/wp\/v2\/pages\/41608","targetHints":{"allow":["GET"]}}],"collection":[{"href":"https:\/\/sintexmedical.com.br\/sintex\/wp-json\/wp\/v2\/pages"}],"about":[{"href":"https:\/\/sintexmedical.com.br\/sintex\/wp-json\/wp\/v2\/types\/page"}],"author":[{"embeddable":true,"href":"https:\/\/sintexmedical.com.br\/sintex\/wp-json\/wp\/v2\/users\/1"}],"replies":[{"embeddable":true,"href":"https:\/\/sintexmedical.com.br\/sintex\/wp-json\/wp\/v2\/comments?post=41608"}],"version-history":[{"count":3,"href":"https:\/\/sintexmedical.com.br\/sintex\/wp-json\/wp\/v2\/pages\/41608\/revisions"}],"predecessor-version":[{"id":41613,"href":"https:\/\/sintexmedical.com.br\/sintex\/wp-json\/wp\/v2\/pages\/41608\/revisions\/41613"}],"wp:attachment":[{"href":"https:\/\/sintexmedical.com.br\/sintex\/wp-json\/wp\/v2\/media?parent=41608"}],"curies":[{"name":"wp","href":"https:\/\/api.w.org\/{rel}","templated":true}]}}