{"id":41689,"date":"2025-07-03T09:40:12","date_gmt":"2025-07-03T09:40:12","guid":{"rendered":"https:\/\/sintexmedical.com.br\/sintex\/?page_id=41689"},"modified":"2025-07-03T09:40:12","modified_gmt":"2025-07-03T09:40:12","slug":"nasp","status":"publish","type":"page","link":"https:\/\/sintexmedical.com.br\/sintex\/nasp\/","title":{"rendered":"NASP"},"content":{"rendered":"<p>[et_pb_section fb_built=&#8221;1&#8243; _builder_version=&#8221;4.24.2&#8243; custom_padding=&#8221;0|0px|30px|0px|false|false&#8221; global_colors_info=&#8221;{}&#8221;][et_pb_row disabled_on=&#8221;on|on|off&#8221; _builder_version=&#8221;4.16&#8243; global_colors_info=&#8221;{}&#8221;][et_pb_column type=&#8221;4_4&#8243; _builder_version=&#8221;4.16&#8243; custom_padding=&#8221;|||&#8221; global_colors_info=&#8221;{}&#8221; custom_padding__hover=&#8221;|||&#8221;][et_pb_text _builder_version=&#8221;4.27.4&#8243; text_font=&#8221;||||||||&#8221; custom_padding=&#8221;17px|10px|10px|10px&#8221; text_text_shadow_style=&#8221;preset1&#8243; box_shadow_style=&#8221;preset3&#8243; global_colors_info=&#8221;{}&#8221;]<\/p>\n<h3><strong>KIT NASP \u00b7 SISTEMA DE DRENAGEM SUBDURAL<\/strong><\/h3>\n<p>[\/et_pb_text][\/et_pb_column][\/et_pb_row][et_pb_row column_structure=&#8221;1_3,2_3&#8243; disabled_on=&#8221;off|off|off&#8221; _builder_version=&#8221;4.19.4&#8243; custom_padding=&#8221;10px|0px|0px|0px|false|false&#8221; global_colors_info=&#8221;{}&#8221;][et_pb_column type=&#8221;1_3&#8243; _builder_version=&#8221;4.16&#8243; custom_padding=&#8221;|||&#8221; global_colors_info=&#8221;{}&#8221; custom_padding__hover=&#8221;|||&#8221;][et_pb_text disabled_on=&#8221;on|on|off&#8221; _builder_version=&#8221;4.24.2&#8243; text_text_color=&#8221;#474747&#8243; background_enable_color=&#8221;off&#8221; custom_margin=&#8221;||5px|&#8221; custom_padding=&#8221;10px|12px|0px|12px||&#8221; global_colors_info=&#8221;{}&#8221;]<\/p>\n<p style=\"text-align: center;\"><b>LINHA CR\u00c2NIO<\/b><\/p>\n<p>[\/et_pb_text][et_pb_sidebar area=&#8221;et_pb_widget_area_7&#8243; disabled_on=&#8221;on|on|off&#8221; _builder_version=&#8221;4.24.2&#8243; global_colors_info=&#8221;{}&#8221;][\/et_pb_sidebar][\/et_pb_column][et_pb_column type=&#8221;2_3&#8243; _builder_version=&#8221;4.16&#8243; custom_padding=&#8221;|||&#8221; global_colors_info=&#8221;{}&#8221; custom_padding__hover=&#8221;|||&#8221;][et_pb_text disabled_on=&#8221;off|off|on&#8221; _builder_version=&#8221;4.27.4&#8243; text_font=&#8221;||||||||&#8221; header_3_line_height=&#8221;1.4em&#8221; custom_padding=&#8221;17px|10px|10px|10px&#8221; text_text_shadow_style=&#8221;preset1&#8243; box_shadow_style=&#8221;preset3&#8243; global_colors_info=&#8221;{}&#8221;]<\/p>\n<h3><strong>KIT NASP \u00b7 SISTEMA DE DRENAGEM SUBDURAL<\/strong><\/h3>\n<p>[\/et_pb_text][et_pb_gallery gallery_ids=&#8221;41692&#8243; fullwidth=&#8221;on&#8221; disabled_on=&#8221;off|off|off&#8221; _builder_version=&#8221;4.27.4&#8243; auto=&#8221;on&#8221; border_radii=&#8221;on|8px|8px|8px|8px&#8221; box_shadow_style=&#8221;preset1&#8243; global_colors_info=&#8221;{}&#8221;][\/et_pb_gallery][et_pb_text _builder_version=&#8221;4.27.4&#8243; text_text_color=&#8221;#474747&#8243; text_font_size=&#8221;17px&#8221; text_line_height=&#8221;1.7em&#8221; background_enable_color=&#8221;off&#8221; custom_margin=&#8221;0px||12px||false|false&#8221; custom_padding=&#8221;10px|12px|10px|12px|false|false&#8221; text_font_size_tablet=&#8221;&#8221; text_font_size_phone=&#8221;16px&#8221; text_font_size_last_edited=&#8221;on|phone&#8221; global_colors_info=&#8221;{}&#8221;]<\/p>\n<div dir=\"ltr\" gmail_original=\"1\" style=\"text-align: left;\">\n<p style=\"text-align: justify;\"><strong>COMPOSI\u00c7\u00c3O DO KIT (EST\u00c9RIL E DE USO \u00daNICO)<\/strong><\/p>\n<ul>\n<li style=\"text-align: justify;\">1 Conector NASP para cr\u00e2nio com acesso para infus\u00e3o e aspira\u00e7\u00e3o<\/li>\n<li style=\"text-align: justify;\">1 Mangueira de drenagem<\/li>\n<li style=\"text-align: justify;\">1 Reservat\u00f3rio para drenagem (pera) com v\u00e1lvula unidirecional e clipe para fixa\u00e7\u00e3o<\/li>\n<li style=\"text-align: justify;\">1 Drill el\u00e9trico descart\u00e1vel com ponta ajust\u00e1vel<\/li>\n<\/ul>\n<p>&nbsp;<\/p>\n<\/div>\n<p>[\/et_pb_text][et_pb_image src=&#8221;https:\/\/sintexmedical.com.br\/sintex\/wp-content\/uploads\/2025\/07\/naspdif1.jpg&#8221; title_text=&#8221;naspdif1&#8243; align=&#8221;center&#8221; disabled_on=&#8221;on|off|off&#8221; _builder_version=&#8221;4.27.4&#8243; _module_preset=&#8221;default&#8221; width=&#8221;100%&#8221; width_tablet=&#8221;100%&#8221; width_phone=&#8221;100%&#8221; width_last_edited=&#8221;on|desktop&#8221; module_alignment=&#8221;center&#8221; global_colors_info=&#8221;{}&#8221;][\/et_pb_image][et_pb_image src=&#8221;https:\/\/sintexmedical.com.br\/sintex\/wp-content\/uploads\/2025\/07\/naspdifm1.jpg&#8221; title_text=&#8221;naspdifm1&#8243; align=&#8221;center&#8221; disabled_on=&#8221;off|on|on&#8221; _builder_version=&#8221;4.27.4&#8243; _module_preset=&#8221;default&#8221; width=&#8221;100%&#8221; width_tablet=&#8221;100%&#8221; width_phone=&#8221;100%&#8221; width_last_edited=&#8221;on|phone&#8221; module_alignment=&#8221;center&#8221; global_colors_info=&#8221;{}&#8221;][\/et_pb_image][et_pb_image src=&#8221;https:\/\/sintexmedical.com.br\/sintex\/wp-content\/uploads\/2025\/07\/naspdifm2.jpg&#8221; title_text=&#8221;naspdifm2&#8243; align=&#8221;center&#8221; disabled_on=&#8221;off|on|on&#8221; _builder_version=&#8221;4.27.4&#8243; _module_preset=&#8221;default&#8221; width=&#8221;100%&#8221; width_tablet=&#8221;100%&#8221; width_phone=&#8221;100%&#8221; width_last_edited=&#8221;on|phone&#8221; module_alignment=&#8221;center&#8221; global_colors_info=&#8221;{}&#8221;][\/et_pb_image][et_pb_image src=&#8221;https:\/\/sintexmedical.com.br\/sintex\/wp-content\/uploads\/2025\/07\/nasptab1.jpg&#8221; title_text=&#8221;nasptab1&#8243; align=&#8221;center&#8221; disabled_on=&#8221;off|off|off&#8221; _builder_version=&#8221;4.27.4&#8243; _module_preset=&#8221;default&#8221; width=&#8221;65%&#8221; width_tablet=&#8221;100%&#8221; width_phone=&#8221;100%&#8221; width_last_edited=&#8221;on|desktop&#8221; module_alignment=&#8221;center&#8221; global_colors_info=&#8221;{}&#8221;][\/et_pb_image][et_pb_image src=&#8221;https:\/\/sintexmedical.com.br\/sintex\/wp-content\/uploads\/2025\/07\/nasptab2.jpg&#8221; title_text=&#8221;nasptab2&#8243; align=&#8221;center&#8221; disabled_on=&#8221;off|off|off&#8221; _builder_version=&#8221;4.27.4&#8243; _module_preset=&#8221;default&#8221; width=&#8221;65%&#8221; width_tablet=&#8221;100%&#8221; width_phone=&#8221;100%&#8221; width_last_edited=&#8221;on|desktop&#8221; module_alignment=&#8221;center&#8221; global_colors_info=&#8221;{}&#8221;][\/et_pb_image][et_pb_image src=&#8221;https:\/\/sintexmedical.com.br\/sintex\/wp-content\/uploads\/2025\/07\/imgnasp2.jpg&#8221; title_text=&#8221;imgnasp2&#8243; align=&#8221;center&#8221; _builder_version=&#8221;4.27.4&#8243; _module_preset=&#8221;default&#8221; width=&#8221;36%&#8221; width_tablet=&#8221;42%&#8221; width_phone=&#8221;68%&#8221; width_last_edited=&#8221;on|tablet&#8221; module_alignment=&#8221;center&#8221; global_colors_info=&#8221;{}&#8221;][\/et_pb_image][et_pb_text _builder_version=&#8221;4.27.4&#8243; text_text_color=&#8221;#474747&#8243; text_font_size=&#8221;17px&#8221; text_line_height=&#8221;1.7em&#8221; background_enable_color=&#8221;off&#8221; custom_margin=&#8221;0px||12px||false|false&#8221; custom_padding=&#8221;10px|12px|10px|12px|false|false&#8221; text_font_size_tablet=&#8221;&#8221; text_font_size_phone=&#8221;16px&#8221; text_font_size_last_edited=&#8221;on|phone&#8221; global_colors_info=&#8221;{}&#8221;]<\/p>\n<div dir=\"ltr\" gmail_original=\"1\" style=\"text-align: left;\">\n<p style=\"text-align: justify;\"><strong>Descri\u00e7\u00e3o<\/strong><\/p>\n<p style=\"text-align: justify;\">Nasp, ou Needle Access Subdural Port, \u00e9 um sistema minimamente invasivo de drenagem de hematomas subdurais, que permite a retirada do sangue acumulado entre o c\u00e9rebro e o cr\u00e2nio sem a necessidade de craniotomia (incis\u00e3o no cr\u00e2nio).<\/p>\n<p style=\"text-align: justify;\">A t\u00e9cnica consiste na drenagem do hematoma subdural (por baixa press\u00e3o negativa), atrav\u00e9s de um conector inserido na calota craniana por uma incis\u00e3o de 5mm.<\/p>\n<p style=\"text-align: justify;\"><strong>INDICA\u00c7\u00c3O E CONTRAINDICA\u00c7\u00c3O<\/strong><\/p>\n<p style=\"text-align: justify;\">Nasp \u00e9 indicado para<strong> hematomas subdurais subagudos e cr\u00f4nicos<\/strong>, promovendo a drenagem do hematoma e expans\u00e3o do c\u00e9rebro sem entrar no espa\u00e7o subdural.<\/p>\n<p style=\"text-align: justify;\">NASP \u00e9 contraindicado em hematomas<strong> subdurais agudos<\/strong> se uma craniotomia pode ser realizada com seguran\u00e7a, exceto nos casos em que um centro cir\u00fargico ou um neurocirurgi\u00e3o n\u00e3o est\u00e3o dispon\u00edveis, ou o<strong> paciente \u00e9 de alto risco para uma craniotomia e\/ou anestesia geral.<\/strong><\/p>\n<p style=\"text-align: justify;\"><strong><\/strong><\/p>\n<p style=\"text-align: justify;\"><strong>DIFERENCIAIS\/VANTAGENS EM RELA\u00c7\u00c3O A CRANIOTOMIA, TREPANA\u00c7\u00c3O E OUTROS DRENOS:<\/strong><\/p>\n<p style=\"text-align: justify;\"><strong><\/strong><\/p>\n<ul>\n<li style=\"text-align: justify;\">Muito menos invasivo que uma craniotomia<\/li>\n<li style=\"text-align: justify;\">A anestesia pode ser local<\/li>\n<li style=\"text-align: justify;\">Port\u00e1til e pr\u00e1tico (n\u00e3o \u00e9 imprescind\u00edvel salas de alta complexidade e\/ou Centro Cir\u00fargico)<\/li>\n<li style=\"text-align: justify;\">A dura\u00e7\u00e3o da cirurgia \u00e9 muito mais curta &#8211; em torno de 5 minutos<\/li>\n<li style=\"text-align: justify;\">NASP \u00e9 feito de um pol\u00edmero transparente, que n\u00e3o \u00e9 trombog\u00eanico (menor risco de entupimentos)<\/li>\n<li style=\"text-align: justify;\">O sistema \u00e9 completamente fechado <strong>(n\u00e3o h\u00e1 risco do retorno do sangue retirado ou de entrada de ar)<\/strong>, mas permite inje\u00e7\u00e3o, aspira\u00e7\u00e3o e irriga\u00e7\u00e3o, caso aja alguma necessidade, atrav\u00e9s de 2 pequenos acessos laterais localizados no conector.<\/li>\n<li style=\"text-align: justify;\">Compat\u00edvel com exames de imagem TC ou RM (n\u00e3o gera artefatos ou distor\u00e7\u00f5es nas imagens)<\/li>\n<li style=\"text-align: justify;\">Substancial redu\u00e7\u00e3o de custos promovida pela interna\u00e7\u00e3o hospitalar mais curta, redu\u00e7\u00e3o no uso de f\u00e1rmacos e medicamentos, menor \u00edndice de complica\u00e7\u00f5es no intra e no p\u00f3s operat\u00f3rio e na reabilita\u00e7\u00e3o otimizada do paciente.<\/li>\n<\/ul>\n<\/div>\n<p>[\/et_pb_text][et_pb_video src=&#8221;https:\/\/www.youtube.com\/watch?v=9Y48MN9Rim0&#8243; _builder_version=&#8221;4.27.4&#8243; _module_preset=&#8221;default&#8221; global_colors_info=&#8221;{}&#8221;][\/et_pb_video][\/et_pb_column][\/et_pb_row][\/et_pb_section]<\/p>\n","protected":false},"excerpt":{"rendered":"<p>KIT NASP \u00b7 SISTEMA DE DRENAGEM SUBDURALLINHA CR\u00c2NIOKIT NASP \u00b7 SISTEMA DE DRENAGEM SUBDURAL COMPOSI\u00c7\u00c3O DO KIT (EST\u00c9RIL E DE USO \u00daNICO) 1 Conector NASP para cr\u00e2nio com acesso para infus\u00e3o e aspira\u00e7\u00e3o 1 Mangueira de drenagem 1 Reservat\u00f3rio para drenagem (pera) com v\u00e1lvula unidirecional e clipe para fixa\u00e7\u00e3o 1 Drill el\u00e9trico descart\u00e1vel com ponta [&hellip;]<\/p>\n","protected":false},"author":1,"featured_media":0,"parent":0,"menu_order":0,"comment_status":"closed","ping_status":"closed","template":"","meta":{"_et_pb_use_builder":"on","_et_pb_old_content":"","_et_gb_content_width":"","footnotes":""},"class_list":["post-41689","page","type-page","status-publish","hentry"],"jetpack_sharing_enabled":true,"_links":{"self":[{"href":"https:\/\/sintexmedical.com.br\/sintex\/wp-json\/wp\/v2\/pages\/41689","targetHints":{"allow":["GET"]}}],"collection":[{"href":"https:\/\/sintexmedical.com.br\/sintex\/wp-json\/wp\/v2\/pages"}],"about":[{"href":"https:\/\/sintexmedical.com.br\/sintex\/wp-json\/wp\/v2\/types\/page"}],"author":[{"embeddable":true,"href":"https:\/\/sintexmedical.com.br\/sintex\/wp-json\/wp\/v2\/users\/1"}],"replies":[{"embeddable":true,"href":"https:\/\/sintexmedical.com.br\/sintex\/wp-json\/wp\/v2\/comments?post=41689"}],"version-history":[{"count":12,"href":"https:\/\/sintexmedical.com.br\/sintex\/wp-json\/wp\/v2\/pages\/41689\/revisions"}],"predecessor-version":[{"id":41711,"href":"https:\/\/sintexmedical.com.br\/sintex\/wp-json\/wp\/v2\/pages\/41689\/revisions\/41711"}],"wp:attachment":[{"href":"https:\/\/sintexmedical.com.br\/sintex\/wp-json\/wp\/v2\/media?parent=41689"}],"curies":[{"name":"wp","href":"https:\/\/api.w.org\/{rel}","templated":true}]}}