{"id":41792,"date":"2026-01-06T22:40:47","date_gmt":"2026-01-06T22:40:47","guid":{"rendered":"https:\/\/sintexmedical.com.br\/sintex\/?page_id=41792"},"modified":"2026-01-07T02:22:37","modified_gmt":"2026-01-07T02:22:37","slug":"sistema-2-0-mini-delphos","status":"publish","type":"page","link":"https:\/\/sintexmedical.com.br\/sintex\/sistema-2-0-mini-delphos\/","title":{"rendered":"Sistema 2.0 Mini Delphos"},"content":{"rendered":"<p>[et_pb_section fb_built=&#8221;1&#8243; _builder_version=&#8221;4.16&#8243; custom_padding=&#8221;0|0px|0px|0px|false|false&#8221; global_colors_info=&#8221;{}&#8221;][et_pb_row disabled_on=&#8221;on|on|off&#8221; _builder_version=&#8221;4.16&#8243; global_colors_info=&#8221;{}&#8221;][et_pb_column type=&#8221;4_4&#8243; _builder_version=&#8221;4.16&#8243; custom_padding=&#8221;|||&#8221; global_colors_info=&#8221;{}&#8221; custom_padding__hover=&#8221;|||&#8221;][et_pb_text _builder_version=&#8221;4.27.5&#8243; text_font=&#8221;||||||||&#8221; custom_padding=&#8221;17px|10px|10px|10px&#8221; text_text_shadow_style=&#8221;preset1&#8243; box_shadow_style=&#8221;preset3&#8243; global_colors_info=&#8221;{}&#8221;]<\/p>\n<h3><strong>Sistema 2.0 Mini Delphos<\/strong><\/h3>\n<p>[\/et_pb_text][\/et_pb_column][\/et_pb_row][et_pb_row column_structure=&#8221;1_3,2_3&#8243; disabled_on=&#8221;off|off|off&#8221; _builder_version=&#8221;4.16&#8243; custom_padding=&#8221;10px|0px|0px|0px|false|false&#8221; global_colors_info=&#8221;{}&#8221;][et_pb_column type=&#8221;1_3&#8243; _builder_version=&#8221;4.16&#8243; custom_padding=&#8221;|||&#8221; global_colors_info=&#8221;{}&#8221; custom_padding__hover=&#8221;|||&#8221;][et_pb_text disabled_on=&#8221;on|on|off&#8221; _builder_version=&#8221;4.27.5&#8243; text_text_color=&#8221;#474747&#8243; background_enable_color=&#8221;off&#8221; background_layout=&#8221;light&#8221; min_height=&#8221;60px&#8221; custom_margin=&#8221;||-6px|||&#8221; custom_padding=&#8221;10px|12px|0px|12px||&#8221; global_colors_info=&#8221;{}&#8221;]<\/p>\n<p style=\"text-align: center;\"><strong>LINHA BUCOMAXILO<\/strong><\/p>\n<p>[\/et_pb_text][et_pb_sidebar area=&#8221;et_pb_widget_area_9&#8243; disabled_on=&#8221;on|on|off&#8221; _builder_version=&#8221;4.27.5&#8243; global_colors_info=&#8221;{}&#8221;][\/et_pb_sidebar][\/et_pb_column][et_pb_column type=&#8221;2_3&#8243; _builder_version=&#8221;4.16&#8243; custom_padding=&#8221;|||&#8221; global_colors_info=&#8221;{}&#8221; custom_padding__hover=&#8221;|||&#8221;][et_pb_text disabled_on=&#8221;off|off|on&#8221; _builder_version=&#8221;4.27.5&#8243; text_font=&#8221;||||||||&#8221; custom_padding=&#8221;17px|10px|10px|10px&#8221; text_text_shadow_style=&#8221;preset1&#8243; box_shadow_style=&#8221;preset3&#8243; global_colors_info=&#8221;{}&#8221;]<\/p>\n<h3><strong>Sistema 2.0 Mini Delphos<\/strong><\/h3>\n<p>[\/et_pb_text][et_pb_gallery gallery_ids=&#8221;41795,41794&#8243; fullwidth=&#8221;on&#8221; _builder_version=&#8221;4.27.5&#8243; auto=&#8221;on&#8221; hover_enabled=&#8221;0&#8243; border_radii=&#8221;on|8px|8px|8px|8px&#8221; box_shadow_style=&#8221;preset1&#8243; global_colors_info=&#8221;{}&#8221; sticky_enabled=&#8221;0&#8243;][\/et_pb_gallery][et_pb_text _builder_version=&#8221;4.27.5&#8243; text_text_color=&#8221;#474747&#8243; text_font_size=&#8221;17px&#8221; background_enable_color=&#8221;off&#8221; custom_margin=&#8221;0px||-1px|||&#8221; hover_enabled=&#8221;0&#8243; text_font_size_tablet=&#8221;&#8221; text_font_size_phone=&#8221;16px&#8221; text_font_size_last_edited=&#8221;on|phone&#8221; global_colors_info=&#8221;{}&#8221; sticky_enabled=&#8221;0&#8243;]<\/p>\n<p style=\"text-align: justify;\">O Sistema 2.0 Mini da Delphos foi desenvolvido para atender \u00e0s exig\u00eancias da cirurgia bucomaxilofacial, oferecendo precis\u00e3o, estabilidade e versatilidade em procedimentos de trauma de face e cirurgias ortogn\u00e1ticas. Disp\u00f5e de placas de 1 mm de espessura, parafusos 2.0 mm auto perfurantes e auto rosqueantes (4 a 18 mm), al\u00e9m de ampla variedade de placas retas e placas em L (90\u00b0 e 110\u00b0), garantindo excelente adapta\u00e7\u00e3o \u00f3ssea.<\/p>\n<p style=\"text-align: justify;\">Inclui ainda placas para avan\u00e7o de mento com varia\u00e7\u00f5es de 0 a 12 mm, proporcionando fixa\u00e7\u00e3o segura, efici\u00eancia intraoperat\u00f3ria e melhores resultados cl\u00ednicos.<\/p>\n<p style=\"text-align: justify;\">Tecnologia pensada para resultados previs\u00edveis, seguran\u00e7a para o cirurgi\u00e3o e melhor recupera\u00e7\u00e3o ao paciente.<\/p>\n<p style=\"text-align: justify;\">DIFERENCIAIS<\/p>\n<ul>\n<li style=\"text-align: justify;\">Placas e parafusos 2.0 de alta resist\u00eancia<\/li>\n<li style=\"text-align: justify;\">Fixa\u00e7\u00e3o est\u00e1vel e precisa para fraturas e osteotomias<\/li>\n<li style=\"text-align: justify;\">Instrumentais ergon\u00f4micos que otimizam o tempo cir\u00fargico<\/li>\n<li style=\"text-align: justify;\">Ideal para mand\u00edbula, maxila e ter\u00e7o m\u00e9dio da face<\/li>\n<\/ul>\n<ul><\/ul>\n<p>[\/et_pb_text][\/et_pb_column][\/et_pb_row][\/et_pb_section]<\/p>\n","protected":false},"excerpt":{"rendered":"<p>Sistema 2.0 Mini DelphosLINHA BUCOMAXILOSistema 2.0 Mini DelphosO Sistema 2.0 Mini da Delphos foi desenvolvido para atender \u00e0s exig\u00eancias da cirurgia bucomaxilofacial, oferecendo precis\u00e3o, estabilidade e versatilidade em procedimentos de trauma de face e cirurgias ortogn\u00e1ticas. Disp\u00f5e de placas de 1 mm de espessura, parafusos 2.0 mm auto perfurantes e auto rosqueantes (4 a 18 [&hellip;]<\/p>\n","protected":false},"author":1,"featured_media":0,"parent":0,"menu_order":0,"comment_status":"closed","ping_status":"closed","template":"","meta":{"_et_pb_use_builder":"on","_et_pb_old_content":"","_et_gb_content_width":"","footnotes":""},"class_list":["post-41792","page","type-page","status-publish","hentry"],"jetpack_sharing_enabled":true,"_links":{"self":[{"href":"https:\/\/sintexmedical.com.br\/sintex\/wp-json\/wp\/v2\/pages\/41792","targetHints":{"allow":["GET"]}}],"collection":[{"href":"https:\/\/sintexmedical.com.br\/sintex\/wp-json\/wp\/v2\/pages"}],"about":[{"href":"https:\/\/sintexmedical.com.br\/sintex\/wp-json\/wp\/v2\/types\/page"}],"author":[{"embeddable":true,"href":"https:\/\/sintexmedical.com.br\/sintex\/wp-json\/wp\/v2\/users\/1"}],"replies":[{"embeddable":true,"href":"https:\/\/sintexmedical.com.br\/sintex\/wp-json\/wp\/v2\/comments?post=41792"}],"version-history":[{"count":3,"href":"https:\/\/sintexmedical.com.br\/sintex\/wp-json\/wp\/v2\/pages\/41792\/revisions"}],"predecessor-version":[{"id":41799,"href":"https:\/\/sintexmedical.com.br\/sintex\/wp-json\/wp\/v2\/pages\/41792\/revisions\/41799"}],"wp:attachment":[{"href":"https:\/\/sintexmedical.com.br\/sintex\/wp-json\/wp\/v2\/media?parent=41792"}],"curies":[{"name":"wp","href":"https:\/\/api.w.org\/{rel}","templated":true}]}}