{"id":41809,"date":"2026-01-08T21:19:21","date_gmt":"2026-01-08T21:19:21","guid":{"rendered":"https:\/\/sintexmedical.com.br\/sintex\/?page_id=41809"},"modified":"2026-03-04T20:50:45","modified_gmt":"2026-03-04T20:50:45","slug":"oticas-atm-stahl","status":"publish","type":"page","link":"https:\/\/sintexmedical.com.br\/sintex\/oticas-atm-stahl\/","title":{"rendered":"\u00d3ticas ATM STAHL"},"content":{"rendered":"<p>[et_pb_section fb_built=&#8221;1&#8243; _builder_version=&#8221;4.16&#8243; custom_padding=&#8221;0|0px|0px|0px|false|false&#8221; global_colors_info=&#8221;{}&#8221;][et_pb_row disabled_on=&#8221;on|on|off&#8221; _builder_version=&#8221;4.16&#8243; global_colors_info=&#8221;{}&#8221;][et_pb_column type=&#8221;4_4&#8243; _builder_version=&#8221;4.16&#8243; custom_padding=&#8221;|||&#8221; global_colors_info=&#8221;{}&#8221; custom_padding__hover=&#8221;|||&#8221;][et_pb_text _builder_version=&#8221;4.27.5&#8243; text_font=&#8221;||||||||&#8221; custom_padding=&#8221;17px|10px|10px|10px&#8221; text_text_shadow_style=&#8221;preset1&#8243; box_shadow_style=&#8221;preset3&#8243; global_colors_info=&#8221;{}&#8221;]<\/p>\n<h3><strong>\u00d3ticas ATM STAHL<\/strong><\/h3>\n<p>[\/et_pb_text][\/et_pb_column][\/et_pb_row][et_pb_row column_structure=&#8221;1_3,2_3&#8243; disabled_on=&#8221;off|off|off&#8221; _builder_version=&#8221;4.16&#8243; custom_padding=&#8221;10px|0px|0px|0px|false|false&#8221; global_colors_info=&#8221;{}&#8221;][et_pb_column type=&#8221;1_3&#8243; _builder_version=&#8221;4.16&#8243; custom_padding=&#8221;|||&#8221; global_colors_info=&#8221;{}&#8221; custom_padding__hover=&#8221;|||&#8221;][et_pb_text disabled_on=&#8221;on|on|off&#8221; _builder_version=&#8221;4.27.5&#8243; text_text_color=&#8221;#474747&#8243; background_enable_color=&#8221;off&#8221; background_layout=&#8221;light&#8221; min_height=&#8221;60px&#8221; custom_margin=&#8221;||-6px|||&#8221; custom_padding=&#8221;10px|12px|0px|12px||&#8221; global_colors_info=&#8221;{}&#8221;]<\/p>\n<p style=\"text-align: center;\"><strong>LINHA BUCOMAXILO<\/strong><\/p>\n<p>[\/et_pb_text][et_pb_sidebar area=&#8221;et_pb_widget_area_9&#8243; disabled_on=&#8221;on|on|off&#8221; _builder_version=&#8221;4.27.5&#8243; global_colors_info=&#8221;{}&#8221;][\/et_pb_sidebar][\/et_pb_column][et_pb_column type=&#8221;2_3&#8243; _builder_version=&#8221;4.16&#8243; custom_padding=&#8221;|||&#8221; global_colors_info=&#8221;{}&#8221; custom_padding__hover=&#8221;|||&#8221;][et_pb_text disabled_on=&#8221;off|off|on&#8221; _builder_version=&#8221;4.27.5&#8243; text_font=&#8221;||||||||&#8221; custom_padding=&#8221;17px|10px|10px|10px&#8221; text_text_shadow_style=&#8221;preset1&#8243; box_shadow_style=&#8221;preset3&#8243; global_colors_info=&#8221;{}&#8221;]<\/p>\n<h3><strong>\u00d3ticas ATM STAHL<\/strong><\/h3>\n<p>[\/et_pb_text][et_pb_gallery gallery_ids=&#8221;41881&#8243; fullwidth=&#8221;on&#8221; _builder_version=&#8221;4.27.5&#8243; auto=&#8221;on&#8221; hover_enabled=&#8221;0&#8243; border_radii=&#8221;on|8px|8px|8px|8px&#8221; box_shadow_style=&#8221;preset1&#8243; global_colors_info=&#8221;{}&#8221; sticky_enabled=&#8221;0&#8243;][\/et_pb_gallery][et_pb_text _builder_version=&#8221;4.27.5&#8243; text_text_color=&#8221;#474747&#8243; text_font_size=&#8221;17px&#8221; background_enable_color=&#8221;off&#8221; custom_margin=&#8221;0px||-1px|||&#8221; text_font_size_tablet=&#8221;&#8221; text_font_size_phone=&#8221;16px&#8221; text_font_size_last_edited=&#8221;on|phone&#8221; global_colors_info=&#8221;{}&#8221;]<\/p>\n<p style=\"text-align: justify;\"><strong>\u00d3ticas ATM STAHL 1.9 mm 0\u00b0 e 30\u00b0<\/strong><\/p>\n<p style=\"text-align: justify;\">Tecnologia avan\u00e7ada para procedimentos de ATM.<\/p>\n<p style=\"text-align: justify;\">As \u00d3ticas ATM STAHL 1.9 mm de 0\u00b0 e 30\u00b0 oferecem visualiza\u00e7\u00e3o angular precisa, alta defini\u00e7\u00e3o de imagem e excelente navega\u00e7\u00e3o em espa\u00e7os articulares reduzidos.<\/p>\n<p style=\"text-align: justify;\">Seu di\u00e2metro ultrafino associados aos \u00e2ngulos de 0\u00b0 e 30\u00b0 permitem melhor inspe\u00e7\u00e3o das estruturas intra-articulares, contribuindo para maior controle t\u00e9cnico, seguran\u00e7a e previsibilidade nos procedimentos bucomaxilofaciais minimamente invasivos.<\/p>\n<p style=\"text-align: justify;\">Engenharia \u00f3ptica aplicada \u00e0 excel\u00eancia cir\u00fargica.<\/p>\n<ul style=\"text-align: justify;\">\n<li style=\"text-align: justify;\">Constru\u00e7\u00e3o dur\u00e1vel<\/li>\n<li style=\"text-align: justify;\">Design ergon\u00f4mico<\/li>\n<li style=\"text-align: justify;\">F\u00e1cil de usar<\/li>\n<\/ul>\n<p>[\/et_pb_text][\/et_pb_column][\/et_pb_row][\/et_pb_section]<\/p>\n","protected":false},"excerpt":{"rendered":"<p>\u00d3ticas ATM STAHLLINHA BUCOMAXILO\u00d3ticas ATM STAHL\u00d3ticas ATM STAHL 1.9 mm 0\u00b0 e 30\u00b0 Tecnologia avan\u00e7ada para procedimentos de ATM. As \u00d3ticas ATM STAHL 1.9 mm de 0\u00b0 e 30\u00b0 oferecem visualiza\u00e7\u00e3o angular precisa, alta defini\u00e7\u00e3o de imagem e excelente navega\u00e7\u00e3o em espa\u00e7os articulares reduzidos. Seu di\u00e2metro ultrafino associados aos \u00e2ngulos de 0\u00b0 e 30\u00b0 permitem [&hellip;]<\/p>\n","protected":false},"author":1,"featured_media":0,"parent":0,"menu_order":0,"comment_status":"closed","ping_status":"closed","template":"","meta":{"_et_pb_use_builder":"on","_et_pb_old_content":"","_et_gb_content_width":"","footnotes":""},"class_list":["post-41809","page","type-page","status-publish","hentry"],"jetpack_sharing_enabled":true,"_links":{"self":[{"href":"https:\/\/sintexmedical.com.br\/sintex\/wp-json\/wp\/v2\/pages\/41809","targetHints":{"allow":["GET"]}}],"collection":[{"href":"https:\/\/sintexmedical.com.br\/sintex\/wp-json\/wp\/v2\/pages"}],"about":[{"href":"https:\/\/sintexmedical.com.br\/sintex\/wp-json\/wp\/v2\/types\/page"}],"author":[{"embeddable":true,"href":"https:\/\/sintexmedical.com.br\/sintex\/wp-json\/wp\/v2\/users\/1"}],"replies":[{"embeddable":true,"href":"https:\/\/sintexmedical.com.br\/sintex\/wp-json\/wp\/v2\/comments?post=41809"}],"version-history":[{"count":5,"href":"https:\/\/sintexmedical.com.br\/sintex\/wp-json\/wp\/v2\/pages\/41809\/revisions"}],"predecessor-version":[{"id":41882,"href":"https:\/\/sintexmedical.com.br\/sintex\/wp-json\/wp\/v2\/pages\/41809\/revisions\/41882"}],"wp:attachment":[{"href":"https:\/\/sintexmedical.com.br\/sintex\/wp-json\/wp\/v2\/media?parent=41809"}],"curies":[{"name":"wp","href":"https:\/\/api.w.org\/{rel}","templated":true}]}}