{"id":41863,"date":"2026-01-21T23:50:08","date_gmt":"2026-01-21T23:50:08","guid":{"rendered":"https:\/\/sintexmedical.com.br\/sintex\/?page_id=41863"},"modified":"2026-01-21T23:50:08","modified_gmt":"2026-01-21T23:50:08","slug":"membrana-bio-gide","status":"publish","type":"page","link":"https:\/\/sintexmedical.com.br\/sintex\/membrana-bio-gide\/","title":{"rendered":"Membrana Bio-Gide"},"content":{"rendered":"<p>[et_pb_section fb_built=&#8221;1&#8243; _builder_version=&#8221;4.16&#8243; custom_padding=&#8221;0|0px|0px|0px|false|false&#8221; global_colors_info=&#8221;{}&#8221; theme_builder_area=&#8221;post_content&#8221;][et_pb_row disabled_on=&#8221;on|on|off&#8221; _builder_version=&#8221;4.16&#8243; global_colors_info=&#8221;{}&#8221; theme_builder_area=&#8221;post_content&#8221;][et_pb_column type=&#8221;4_4&#8243; _builder_version=&#8221;4.16&#8243; custom_padding=&#8221;|||&#8221; global_colors_info=&#8221;{}&#8221; custom_padding__hover=&#8221;|||&#8221; theme_builder_area=&#8221;post_content&#8221;][et_pb_text _builder_version=&#8221;4.27.5&#8243; text_font=&#8221;||||||||&#8221; custom_padding=&#8221;17px|10px|10px|10px&#8221; hover_enabled=&#8221;0&#8243; text_text_shadow_style=&#8221;preset1&#8243; box_shadow_style=&#8221;preset3&#8243; global_colors_info=&#8221;{}&#8221; theme_builder_area=&#8221;post_content&#8221; sticky_enabled=&#8221;0&#8243;]<\/p>\n<h3><strong>Membrana Bio-Gide<\/strong><\/h3>\n<p>[\/et_pb_text][\/et_pb_column][\/et_pb_row][et_pb_row column_structure=&#8221;1_3,2_3&#8243; disabled_on=&#8221;off|off|off&#8221; _builder_version=&#8221;4.16&#8243; custom_padding=&#8221;10px|0px|0px|0px|false|false&#8221; global_colors_info=&#8221;{}&#8221; theme_builder_area=&#8221;post_content&#8221;][et_pb_column type=&#8221;1_3&#8243; _builder_version=&#8221;4.16&#8243; custom_padding=&#8221;|||&#8221; global_colors_info=&#8221;{}&#8221; custom_padding__hover=&#8221;|||&#8221; theme_builder_area=&#8221;post_content&#8221;][et_pb_text disabled_on=&#8221;on|on|off&#8221; _builder_version=&#8221;4.27.5&#8243; text_text_color=&#8221;#474747&#8243; background_enable_color=&#8221;off&#8221; background_layout=&#8221;light&#8221; min_height=&#8221;60px&#8221; custom_margin=&#8221;||-6px|||&#8221; custom_padding=&#8221;10px|12px|0px|12px||&#8221; global_colors_info=&#8221;{}&#8221; theme_builder_area=&#8221;post_content&#8221;]<\/p>\n<p style=\"text-align: center;\"><strong>LINHA BUCOMAXILO<\/strong><\/p>\n<p>[\/et_pb_text][et_pb_sidebar area=&#8221;et_pb_widget_area_9&#8243; disabled_on=&#8221;on|on|off&#8221; _builder_version=&#8221;4.27.5&#8243; global_colors_info=&#8221;{}&#8221; theme_builder_area=&#8221;post_content&#8221;][\/et_pb_sidebar][\/et_pb_column][et_pb_column type=&#8221;2_3&#8243; _builder_version=&#8221;4.16&#8243; custom_padding=&#8221;|||&#8221; global_colors_info=&#8221;{}&#8221; custom_padding__hover=&#8221;|||&#8221; theme_builder_area=&#8221;post_content&#8221;][et_pb_text disabled_on=&#8221;off|off|on&#8221; _builder_version=&#8221;4.27.5&#8243; text_font=&#8221;||||||||&#8221; custom_padding=&#8221;17px|10px|10px|10px&#8221; hover_enabled=&#8221;0&#8243; text_text_shadow_style=&#8221;preset1&#8243; box_shadow_style=&#8221;preset3&#8243; global_colors_info=&#8221;{}&#8221; theme_builder_area=&#8221;post_content&#8221; sticky_enabled=&#8221;0&#8243;]<\/p>\n<h3><strong>Membrana Bio-Gide<\/strong><\/h3>\n<p>[\/et_pb_text][et_pb_gallery gallery_ids=&#8221;41865,41866&#8243; fullwidth=&#8221;on&#8221; _builder_version=&#8221;4.27.5&#8243; auto=&#8221;on&#8221; hover_enabled=&#8221;0&#8243; border_radii=&#8221;on|8px|8px|8px|8px&#8221; box_shadow_style=&#8221;preset1&#8243; global_colors_info=&#8221;{}&#8221; theme_builder_area=&#8221;post_content&#8221; sticky_enabled=&#8221;0&#8243;][\/et_pb_gallery][et_pb_text _builder_version=&#8221;4.27.5&#8243; text_text_color=&#8221;#474747&#8243; text_font_size=&#8221;17px&#8221; background_enable_color=&#8221;off&#8221; custom_margin=&#8221;0px||-1px|||&#8221; hover_enabled=&#8221;0&#8243; text_font_size_tablet=&#8221;&#8221; text_font_size_phone=&#8221;16px&#8221; text_font_size_last_edited=&#8221;on|phone&#8221; global_colors_info=&#8221;{}&#8221; theme_builder_area=&#8221;post_content&#8221; sticky_enabled=&#8221;0&#8243;]<\/p>\n<p style=\"text-align: justify;\">A Membrana Bio-Gide (Geistlich Bio-Gide) \u00e9 uma membrana de col\u00e1geno reabsorv\u00edvel, bicamada e l\u00edder em regenera\u00e7\u00e3o tecidual oral, usada como barreira para guiar o crescimento de osso e tecido mole em cirurgias dent\u00e1rias, prevenindo o tecido fibroso e promovendo a cicatriza\u00e7\u00e3o em procedimentos como implantes e reconstru\u00e7\u00e3o \u00f3ssea, com superf\u00edcies porosa (para o osso) e densa (para o tecido mole).<\/p>\n<p style=\"text-align: justify;\">\n<ul>\n<li style=\"text-align: justify;\">Estrutura Bicamada: Possui uma superf\u00edcie porosa e uma superf\u00edcie densa<\/li>\n<li style=\"text-align: justify;\">Hidrof\u00edlica: Absorve fluidos rapidamente<\/li>\n<li style=\"text-align: justify;\">Manuseio: Pode ser fixada com suturas ou pinos<\/li>\n<\/ul>\n<p>[\/et_pb_text][\/et_pb_column][\/et_pb_row][\/et_pb_section]<\/p>\n","protected":false},"excerpt":{"rendered":"<p>Membrana Bio-GideLINHA BUCOMAXILOMembrana Bio-GideA Membrana Bio-Gide (Geistlich Bio-Gide) \u00e9 uma membrana de col\u00e1geno reabsorv\u00edvel, bicamada e l\u00edder em regenera\u00e7\u00e3o tecidual oral, usada como barreira para guiar o crescimento de osso e tecido mole em cirurgias dent\u00e1rias, prevenindo o tecido fibroso e promovendo a cicatriza\u00e7\u00e3o em procedimentos como implantes e reconstru\u00e7\u00e3o \u00f3ssea, com superf\u00edcies porosa (para [&hellip;]<\/p>\n","protected":false},"author":1,"featured_media":0,"parent":0,"menu_order":0,"comment_status":"closed","ping_status":"closed","template":"","meta":{"_et_pb_use_builder":"on","_et_pb_old_content":"","_et_gb_content_width":"","footnotes":""},"class_list":["post-41863","page","type-page","status-publish","hentry"],"jetpack_sharing_enabled":true,"_links":{"self":[{"href":"https:\/\/sintexmedical.com.br\/sintex\/wp-json\/wp\/v2\/pages\/41863","targetHints":{"allow":["GET"]}}],"collection":[{"href":"https:\/\/sintexmedical.com.br\/sintex\/wp-json\/wp\/v2\/pages"}],"about":[{"href":"https:\/\/sintexmedical.com.br\/sintex\/wp-json\/wp\/v2\/types\/page"}],"author":[{"embeddable":true,"href":"https:\/\/sintexmedical.com.br\/sintex\/wp-json\/wp\/v2\/users\/1"}],"replies":[{"embeddable":true,"href":"https:\/\/sintexmedical.com.br\/sintex\/wp-json\/wp\/v2\/comments?post=41863"}],"version-history":[{"count":2,"href":"https:\/\/sintexmedical.com.br\/sintex\/wp-json\/wp\/v2\/pages\/41863\/revisions"}],"predecessor-version":[{"id":41867,"href":"https:\/\/sintexmedical.com.br\/sintex\/wp-json\/wp\/v2\/pages\/41863\/revisions\/41867"}],"wp:attachment":[{"href":"https:\/\/sintexmedical.com.br\/sintex\/wp-json\/wp\/v2\/media?parent=41863"}],"curies":[{"name":"wp","href":"https:\/\/api.w.org\/{rel}","templated":true}]}}